{"id":64513,"date":"2025-10-13T15:23:27","date_gmt":"2025-10-13T13:23:27","guid":{"rendered":"https:\/\/fh-staging.vengo.cloud\/de-ch\/p\/rollo-kerzenstaender-rosa-185x6"},"modified":"2026-01-12T13:53:58","modified_gmt":"2026-01-12T12:53:58","slug":"rollo-kerzenstaender-rosa-185x6","status":"publish","type":"product","link":"https:\/\/fh-staging.vengo.cloud\/de-ch\/p\/rollo-kerzenstaender-rosa-185x6","title":{"rendered":"Rollo Kerzenst\u00e4nder rosa 18,5&#215;6"},"content":{"rendered":"<p>Dieser Kerzenst\u00e4nder ist mit der ungew\u00f6hnlichen Form und der matten Oberfl\u00e4che ein besonderer Hingucker. Die Kerzenst\u00e4nder dieser Serie sind in vielen Farben und Formen erh\u00e4ltlich, wodurch besonders sch\u00f6ne Kombinationen entstehen.<\/p>\n<p>\u2022 Geeignet f\u00fcr Stabkerzen mit einem Durchmesser von 2.2 cm<br \/>\n\u2022 Matte und leicht raue Oberfl\u00e4che<br \/>\n\u2022 In vielen anderen Farben und Formen erh\u00e4ltlich<\/p>\n","protected":false},"excerpt":{"rendered":"<p>Kerzenst\u00e4nder mit matter Oberfl\u00e4che, H 18.5 cm x \u00d8 6 cm, rosa<\/p>\n","protected":false},"featured_media":64512,"template":"","meta":[],"product_brand":[],"product_cat":[104,23,1000,999,28],"product_tag":[324],"woo-feed-brand":[],"class_list":{"0":"post-64513","1":"product","2":"type-product","3":"status-publish","4":"has-post-thumbnail","6":"product_cat-kerzenhalter","7":"product_cat-home-living","8":"product_cat-valentinstagsdeko","9":"product_cat-valentinstag","10":"product_cat-kerzen-lichter","11":"product_tag-marein-ag","13":"first","14":"instock","15":"taxable","16":"shipping-taxable","17":"purchasable","18":"product-type-simple"},"_links":{"self":[{"href":"https:\/\/fh-staging.vengo.cloud\/de-ch\/wp-json\/wp\/v2\/product\/64513","targetHints":{"allow":["GET"]}}],"collection":[{"href":"https:\/\/fh-staging.vengo.cloud\/de-ch\/wp-json\/wp\/v2\/product"}],"about":[{"href":"https:\/\/fh-staging.vengo.cloud\/de-ch\/wp-json\/wp\/v2\/types\/product"}],"wp:featuredmedia":[{"embeddable":true,"href":"https:\/\/fh-staging.vengo.cloud\/de-ch\/wp-json\/wp\/v2\/media\/64512"}],"wp:attachment":[{"href":"https:\/\/fh-staging.vengo.cloud\/de-ch\/wp-json\/wp\/v2\/media?parent=64513"}],"wp:term":[{"taxonomy":"product_brand","embeddable":true,"href":"https:\/\/fh-staging.vengo.cloud\/de-ch\/wp-json\/wp\/v2\/product_brand?post=64513"},{"taxonomy":"product_cat","embeddable":true,"href":"https:\/\/fh-staging.vengo.cloud\/de-ch\/wp-json\/wp\/v2\/product_cat?post=64513"},{"taxonomy":"product_tag","embeddable":true,"href":"https:\/\/fh-staging.vengo.cloud\/de-ch\/wp-json\/wp\/v2\/product_tag?post=64513"},{"taxonomy":"woo-feed-brand","embeddable":true,"href":"https:\/\/fh-staging.vengo.cloud\/de-ch\/wp-json\/wp\/v2\/woo-feed-brand?post=64513"}],"curies":[{"name":"wp","href":"https:\/\/api.w.org\/{rel}","templated":true}]}}