{"id":64401,"date":"2025-10-13T15:20:05","date_gmt":"2025-10-13T13:20:05","guid":{"rendered":"https:\/\/fh-staging.vengo.cloud\/de-ch\/p\/kerzenstaender-silber-6-5cm"},"modified":"2026-01-05T14:05:28","modified_gmt":"2026-01-05T13:05:28","slug":"kerzenstaender-silber-6-5cm","status":"publish","type":"product","link":"https:\/\/fh-staging.vengo.cloud\/de-ch\/p\/kerzenstaender-silber-6-5cm","title":{"rendered":"Kerzenst\u00e4nder silber, 6.5cm"},"content":{"rendered":"<p>Unser eleganter Kerzenst\u00e4nder f\u00fcr Stab- und Spitzkerzen in gl\u00e4nzendem Silber-Finish verleiht deinen Anl\u00e4ssen, sei es eine Hochzeit oder eine festliche Feier, einen Hauch von Glamour. Mit einer H\u00f6he von 6.5 cm ist er perfekt f\u00fcr stilvolle Tischdekorationen. Dieser Kerzenleuchter eignet sich f\u00fcr die meisten Standardkerzen mit einem Durchmesser von 2.2 -2.4 cm und ist in verschiedenen H\u00f6hen (6.5 cm und 9 cm) erh\u00e4ltlich, um harmonische Arrangements zu erm\u00f6glichen. Die Samtb\u00f6den der Kerzenhalter sch\u00fctzen deine M\u00f6bel vor Kratzern. Verleihe deinem Raum mit diesem Silber-Kerzenst\u00e4nder einen Hauch von Eleganz und Stil.<\/p>\n<p>\u2022 Kerzenleuchter f\u00fcr Stab- und Spitzkerzen aus Metall mit gl\u00e4nzendem Silber Finish<br \/>\n\u2022 Besonders sch\u00f6n f\u00fcr Anl\u00e4sse<br \/>\n\u2022 Erh\u00e4ltlich in verschiedenen H\u00f6hen (6.5 cm und 9 cm) f\u00fcr besonders harmonische Kombinationen<br \/>\n\u2022 F\u00fcr die meisten Standardkerzen (2.2 cm \u2013 2.4 cm) geeignet<br \/>\n\u2022 Die Kerzenhalter sind mit Samtb\u00f6den ausgestattet zum Schutz vor Verkratzen der M\u00f6bel<br \/>\n\u2022 Masse: H\u00f6he 6.5 x Durchmesser 10 cm (Standfuss)<\/p>\n","protected":false},"excerpt":{"rendered":"<p>Kerzenst\u00e4nder f\u00fcr Stabkerzen in Silber, H 6.5 cm x \u00d8 10 cm<\/p>\n","protected":false},"featured_media":64400,"template":"","meta":[],"product_brand":[],"product_cat":[104,23,984,994,28],"product_tag":[324],"woo-feed-brand":[],"class_list":{"0":"post-64401","1":"product","2":"type-product","3":"status-publish","4":"has-post-thumbnail","6":"product_cat-kerzenhalter","7":"product_cat-home-living","8":"product_cat-silvester","9":"product_cat-silvestertisch","10":"product_cat-kerzen-lichter","11":"product_tag-marein-ag","13":"first","14":"instock","15":"taxable","16":"shipping-taxable","17":"purchasable","18":"product-type-simple"},"_links":{"self":[{"href":"https:\/\/fh-staging.vengo.cloud\/de-ch\/wp-json\/wp\/v2\/product\/64401","targetHints":{"allow":["GET"]}}],"collection":[{"href":"https:\/\/fh-staging.vengo.cloud\/de-ch\/wp-json\/wp\/v2\/product"}],"about":[{"href":"https:\/\/fh-staging.vengo.cloud\/de-ch\/wp-json\/wp\/v2\/types\/product"}],"wp:featuredmedia":[{"embeddable":true,"href":"https:\/\/fh-staging.vengo.cloud\/de-ch\/wp-json\/wp\/v2\/media\/64400"}],"wp:attachment":[{"href":"https:\/\/fh-staging.vengo.cloud\/de-ch\/wp-json\/wp\/v2\/media?parent=64401"}],"wp:term":[{"taxonomy":"product_brand","embeddable":true,"href":"https:\/\/fh-staging.vengo.cloud\/de-ch\/wp-json\/wp\/v2\/product_brand?post=64401"},{"taxonomy":"product_cat","embeddable":true,"href":"https:\/\/fh-staging.vengo.cloud\/de-ch\/wp-json\/wp\/v2\/product_cat?post=64401"},{"taxonomy":"product_tag","embeddable":true,"href":"https:\/\/fh-staging.vengo.cloud\/de-ch\/wp-json\/wp\/v2\/product_tag?post=64401"},{"taxonomy":"woo-feed-brand","embeddable":true,"href":"https:\/\/fh-staging.vengo.cloud\/de-ch\/wp-json\/wp\/v2\/woo-feed-brand?post=64401"}],"curies":[{"name":"wp","href":"https:\/\/api.w.org\/{rel}","templated":true}]}}