{"id":64387,"date":"2025-10-13T15:19:44","date_gmt":"2025-10-13T13:19:44","guid":{"rendered":"https:\/\/fh-staging.vengo.cloud\/de-ch\/p\/kerzenstaender-rose-6-5cm"},"modified":"2026-01-12T13:53:30","modified_gmt":"2026-01-12T12:53:30","slug":"kerzenstaender-rose-6-5cm","status":"publish","type":"product","link":"https:\/\/fh-staging.vengo.cloud\/de-ch\/p\/kerzenstaender-rose-6-5cm","title":{"rendered":"Kerzenst\u00e4nder ros\u00e9, 6.5cm"},"content":{"rendered":"<p>Unser eleganter Kerzenst\u00e4nder f\u00fcr Stab- und Spitzkerzen ist in einem gl\u00e4nzenden Ros\u00e9-Finish erh\u00e4ltlich und verleiht jedem Anlass eine romantische Note. Mit einer H\u00f6he von 6.5 cm erg\u00e4nzt er stilvoll deine Tischdekoration. Dieser Kerzenleuchter ist vielseitig einsetzbar, ob bei Hochzeiten, festlichen Feiern oder als dekoratives Element im Alltag. Er passt zu den meisten Standardkerzen (2.2 \u2013 2.4 cm Durchmesser) und verf\u00fcgt \u00fcber sanfte Samtb\u00f6den, die deine M\u00f6bel vor Kratzern sch\u00fctzen. Erh\u00e4ltlich in verschiedenen H\u00f6hen f\u00fcr harmonische Arrangements. Verleih deinem Raum mit diesem Kerzenst\u00e4nder eine charmante Atmosph\u00e4re.<\/p>\n<p>\u2022 Kerzenleuchter f\u00fcr Stab- und Spitzkerzen aus Metall mit gl\u00e4nzendem Ros\u00e9<br \/>\n\u2022 Besonders sch\u00f6n f\u00fcr Anl\u00e4sse<br \/>\n\u2022 Erh\u00e4ltlich in verschiedenen H\u00f6hen (6.5 cm und 9 cm) f\u00fcr besonders harmonische Kombinationen<br \/>\n\u2022 F\u00fcr die meisten Standardkerzen (2.2 cm \u2013 2.4 cm) geeignet<br \/>\n\u2022 Die Kerzenhalter sind mit Samtb\u00f6den ausgestattet zum Schutz vor Verkratzen der M\u00f6bel<br \/>\n\u2022 Masse: H\u00f6he 9.5 x Durchmesser 10 cm (Standfuss)<\/p>\n","protected":false},"excerpt":{"rendered":"<p>Kerzenst\u00e4nder f\u00fcr Stabkerzen in Ros\u00e9, H 6.5 cm x \u00d8 10 cm<\/p>\n","protected":false},"featured_media":64386,"template":"","meta":[],"product_brand":[],"product_cat":[104,23,1000,999,28],"product_tag":[324],"woo-feed-brand":[],"class_list":{"0":"post-64387","1":"product","2":"type-product","3":"status-publish","4":"has-post-thumbnail","6":"product_cat-kerzenhalter","7":"product_cat-home-living","8":"product_cat-valentinstagsdeko","9":"product_cat-valentinstag","10":"product_cat-kerzen-lichter","11":"product_tag-marein-ag","13":"first","14":"instock","15":"taxable","16":"shipping-taxable","17":"purchasable","18":"product-type-simple"},"_links":{"self":[{"href":"https:\/\/fh-staging.vengo.cloud\/de-ch\/wp-json\/wp\/v2\/product\/64387","targetHints":{"allow":["GET"]}}],"collection":[{"href":"https:\/\/fh-staging.vengo.cloud\/de-ch\/wp-json\/wp\/v2\/product"}],"about":[{"href":"https:\/\/fh-staging.vengo.cloud\/de-ch\/wp-json\/wp\/v2\/types\/product"}],"wp:featuredmedia":[{"embeddable":true,"href":"https:\/\/fh-staging.vengo.cloud\/de-ch\/wp-json\/wp\/v2\/media\/64386"}],"wp:attachment":[{"href":"https:\/\/fh-staging.vengo.cloud\/de-ch\/wp-json\/wp\/v2\/media?parent=64387"}],"wp:term":[{"taxonomy":"product_brand","embeddable":true,"href":"https:\/\/fh-staging.vengo.cloud\/de-ch\/wp-json\/wp\/v2\/product_brand?post=64387"},{"taxonomy":"product_cat","embeddable":true,"href":"https:\/\/fh-staging.vengo.cloud\/de-ch\/wp-json\/wp\/v2\/product_cat?post=64387"},{"taxonomy":"product_tag","embeddable":true,"href":"https:\/\/fh-staging.vengo.cloud\/de-ch\/wp-json\/wp\/v2\/product_tag?post=64387"},{"taxonomy":"woo-feed-brand","embeddable":true,"href":"https:\/\/fh-staging.vengo.cloud\/de-ch\/wp-json\/wp\/v2\/woo-feed-brand?post=64387"}],"curies":[{"name":"wp","href":"https:\/\/api.w.org\/{rel}","templated":true}]}}