{"id":64356,"date":"2025-10-13T15:18:47","date_gmt":"2025-10-13T13:18:47","guid":{"rendered":"https:\/\/fh-staging.vengo.cloud\/de-ch\/p\/rill-glasvase-12x25cm"},"modified":"2026-01-05T14:05:31","modified_gmt":"2026-01-05T13:05:31","slug":"rill-glasvase-12x25cm","status":"publish","type":"product","link":"https:\/\/fh-staging.vengo.cloud\/de-ch\/p\/rill-glasvase-12x25cm","title":{"rendered":"Rill Glasvase, 12x25cm"},"content":{"rendered":"<p>Diese Glasvase ist eine zeitlose und vielseitige Dekorationsm\u00f6glichkeit, die sowohl im klassischen als auch im modernen Wohnstil eingesetzt werden kann. Sie kann mit frischen Blumen oder Zweigen gef\u00fcllt werden, um eine attraktive und stilvolle Tischdekoration zu schaffen.<\/p>\n<p>\u2022 Mit Rillenstruktur<br \/>\n\u2022 F\u00fcr grosse Blumenstr\u00e4usse, sowie einzelne lange Blumen und \u00c4ste geeignet<br \/>\n\u2022 H\u00f6he 25 cm x \u00d8 11 cm<\/p>\n","protected":false},"excerpt":{"rendered":"<p>Hohe Glasvase mit Rillen, \u00d8 25 x H 11 cm<\/p>\n","protected":false},"featured_media":64355,"template":"","meta":[],"product_brand":[],"product_cat":[27,23,984,994,1197,909,1179,911],"product_tag":[324],"woo-feed-brand":[],"class_list":{"0":"post-64356","1":"product","2":"type-product","3":"status-publish","4":"has-post-thumbnail","6":"product_cat-vasen-gefaesse","7":"product_cat-home-living","8":"product_cat-silvester","9":"product_cat-silvestertisch","10":"product_cat-vasen","11":"product_cat-weihnachten","12":"product_cat-weihnachtsdeko","13":"product_cat-accessoires","14":"product_tag-marein-ag","16":"first","17":"instock","18":"taxable","19":"shipping-taxable","20":"purchasable","21":"product-type-simple"},"_links":{"self":[{"href":"https:\/\/fh-staging.vengo.cloud\/de-ch\/wp-json\/wp\/v2\/product\/64356","targetHints":{"allow":["GET"]}}],"collection":[{"href":"https:\/\/fh-staging.vengo.cloud\/de-ch\/wp-json\/wp\/v2\/product"}],"about":[{"href":"https:\/\/fh-staging.vengo.cloud\/de-ch\/wp-json\/wp\/v2\/types\/product"}],"wp:featuredmedia":[{"embeddable":true,"href":"https:\/\/fh-staging.vengo.cloud\/de-ch\/wp-json\/wp\/v2\/media\/64355"}],"wp:attachment":[{"href":"https:\/\/fh-staging.vengo.cloud\/de-ch\/wp-json\/wp\/v2\/media?parent=64356"}],"wp:term":[{"taxonomy":"product_brand","embeddable":true,"href":"https:\/\/fh-staging.vengo.cloud\/de-ch\/wp-json\/wp\/v2\/product_brand?post=64356"},{"taxonomy":"product_cat","embeddable":true,"href":"https:\/\/fh-staging.vengo.cloud\/de-ch\/wp-json\/wp\/v2\/product_cat?post=64356"},{"taxonomy":"product_tag","embeddable":true,"href":"https:\/\/fh-staging.vengo.cloud\/de-ch\/wp-json\/wp\/v2\/product_tag?post=64356"},{"taxonomy":"woo-feed-brand","embeddable":true,"href":"https:\/\/fh-staging.vengo.cloud\/de-ch\/wp-json\/wp\/v2\/woo-feed-brand?post=64356"}],"curies":[{"name":"wp","href":"https:\/\/api.w.org\/{rel}","templated":true}]}}