{"id":64349,"date":"2025-10-13T15:18:30","date_gmt":"2025-10-13T13:18:30","guid":{"rendered":"https:\/\/fh-staging.vengo.cloud\/de-ch\/p\/oliver-vase-braun-35x22cm"},"modified":"2026-01-05T14:05:31","modified_gmt":"2026-01-05T13:05:31","slug":"oliver-vase-braun-35x22cm","status":"publish","type":"product","link":"https:\/\/fh-staging.vengo.cloud\/de-ch\/p\/oliver-vase-braun-35x22cm","title":{"rendered":"Oliver Vase Braun, 35x22cm"},"content":{"rendered":"<p>Das hochwertige Terracotta-Material sorgt f\u00fcr eine robuste und widerstandsf\u00e4hige Vase, die den t\u00e4glichen Gebrauch problemlos \u00fcbersteht. Mit ihrem neutralen und zeitlosen Aussehen passt sie in unz\u00e4hlige Wohnambiente.<\/p>\n<p>\u2022 Hergestellt in Portugal<br \/>\n\u2022 Einzigartiger Look<br \/>\n\u2022 Hochwertige Verarbeitung<br \/>\n\u2022 F\u00fcr einzelne lange \u00c4ste und Blumen geeignet<br \/>\n\u2022 Masse: \u00d8 22 cm x H\u00f6he 35 cm \/ \u00d6ffnung 4.5 cm<br \/>\n\u2022 Fassungsverm\u00f6gen: 5 Liter<\/p>\n","protected":false},"excerpt":{"rendered":"<p>Grosse, runde Vase aus Terracotta mit schmalem Hals in grau braun, H 35 x \u00d8 22cm<\/p>\n","protected":false},"featured_media":64348,"template":"","meta":[],"product_brand":[],"product_cat":[27,23,984,994,1197],"product_tag":[324],"woo-feed-brand":[],"class_list":{"0":"post-64349","1":"product","2":"type-product","3":"status-publish","4":"has-post-thumbnail","6":"product_cat-vasen-gefaesse","7":"product_cat-home-living","8":"product_cat-silvester","9":"product_cat-silvestertisch","10":"product_cat-vasen","11":"product_tag-marein-ag","13":"first","14":"instock","15":"taxable","16":"shipping-taxable","17":"purchasable","18":"product-type-simple"},"_links":{"self":[{"href":"https:\/\/fh-staging.vengo.cloud\/de-ch\/wp-json\/wp\/v2\/product\/64349","targetHints":{"allow":["GET"]}}],"collection":[{"href":"https:\/\/fh-staging.vengo.cloud\/de-ch\/wp-json\/wp\/v2\/product"}],"about":[{"href":"https:\/\/fh-staging.vengo.cloud\/de-ch\/wp-json\/wp\/v2\/types\/product"}],"wp:featuredmedia":[{"embeddable":true,"href":"https:\/\/fh-staging.vengo.cloud\/de-ch\/wp-json\/wp\/v2\/media\/64348"}],"wp:attachment":[{"href":"https:\/\/fh-staging.vengo.cloud\/de-ch\/wp-json\/wp\/v2\/media?parent=64349"}],"wp:term":[{"taxonomy":"product_brand","embeddable":true,"href":"https:\/\/fh-staging.vengo.cloud\/de-ch\/wp-json\/wp\/v2\/product_brand?post=64349"},{"taxonomy":"product_cat","embeddable":true,"href":"https:\/\/fh-staging.vengo.cloud\/de-ch\/wp-json\/wp\/v2\/product_cat?post=64349"},{"taxonomy":"product_tag","embeddable":true,"href":"https:\/\/fh-staging.vengo.cloud\/de-ch\/wp-json\/wp\/v2\/product_tag?post=64349"},{"taxonomy":"woo-feed-brand","embeddable":true,"href":"https:\/\/fh-staging.vengo.cloud\/de-ch\/wp-json\/wp\/v2\/woo-feed-brand?post=64349"}],"curies":[{"name":"wp","href":"https:\/\/api.w.org\/{rel}","templated":true}]}}