{"id":64300,"date":"2025-10-13T15:16:53","date_gmt":"2025-10-13T13:16:53","guid":{"rendered":"https:\/\/fh-staging.vengo.cloud\/de-ch\/p\/zuckerdose-mit-deckel-8-x-8-x-10-cm"},"modified":"2026-01-05T14:05:35","modified_gmt":"2026-01-05T13:05:35","slug":"zuckerdose-mit-deckel-8-x-8-x-10-cm","status":"publish","type":"product","link":"https:\/\/fh-staging.vengo.cloud\/de-ch\/p\/zuckerdose-mit-deckel-8-x-8-x-10-cm","title":{"rendered":"Zuckerdose mit Deckel, 8 x 8 x 10 cm"},"content":{"rendered":"<p>Porzellan bieten uns die perfekte M\u00f6glichkeit, etwas Sch\u00f6nes und Kreatives zu basteln. Egal ob es bemalt, beklebt, oder graviert wird, die M\u00f6glichkeiten sind endlos. \u00dcberraschen und inspirieren Sie sich selbst und Ihre Freunde und Familienmitglieder.<\/p>\n<p>\u2022 8 x 8 x 10 cm<br \/>\n\u2022 F\u00fcllmenge: 250 ml<\/p>\n","protected":false},"excerpt":{"rendered":"<p>Weisse Zuckerdose aus Porzellan, 10cm<\/p>\n","protected":false},"featured_media":66021,"template":"","meta":[],"product_brand":[],"product_cat":[44,42,1102,1101,43],"product_tag":[324],"woo-feed-brand":[],"class_list":{"0":"post-64300","1":"product","2":"type-product","3":"status-publish","4":"has-post-thumbnail","6":"product_cat-kuechenhelfer","7":"product_cat-kueche","8":"product_cat-essen","9":"product_cat-geschirr","10":"product_cat-gedeckter-tisch","11":"product_tag-marein-ag","13":"first","14":"instock","15":"taxable","16":"shipping-taxable","17":"purchasable","18":"product-type-simple"},"_links":{"self":[{"href":"https:\/\/fh-staging.vengo.cloud\/de-ch\/wp-json\/wp\/v2\/product\/64300","targetHints":{"allow":["GET"]}}],"collection":[{"href":"https:\/\/fh-staging.vengo.cloud\/de-ch\/wp-json\/wp\/v2\/product"}],"about":[{"href":"https:\/\/fh-staging.vengo.cloud\/de-ch\/wp-json\/wp\/v2\/types\/product"}],"wp:featuredmedia":[{"embeddable":true,"href":"https:\/\/fh-staging.vengo.cloud\/de-ch\/wp-json\/wp\/v2\/media\/66021"}],"wp:attachment":[{"href":"https:\/\/fh-staging.vengo.cloud\/de-ch\/wp-json\/wp\/v2\/media?parent=64300"}],"wp:term":[{"taxonomy":"product_brand","embeddable":true,"href":"https:\/\/fh-staging.vengo.cloud\/de-ch\/wp-json\/wp\/v2\/product_brand?post=64300"},{"taxonomy":"product_cat","embeddable":true,"href":"https:\/\/fh-staging.vengo.cloud\/de-ch\/wp-json\/wp\/v2\/product_cat?post=64300"},{"taxonomy":"product_tag","embeddable":true,"href":"https:\/\/fh-staging.vengo.cloud\/de-ch\/wp-json\/wp\/v2\/product_tag?post=64300"},{"taxonomy":"woo-feed-brand","embeddable":true,"href":"https:\/\/fh-staging.vengo.cloud\/de-ch\/wp-json\/wp\/v2\/woo-feed-brand?post=64300"}],"curies":[{"name":"wp","href":"https:\/\/api.w.org\/{rel}","templated":true}]}}