{"id":64284,"date":"2025-10-13T15:16:13","date_gmt":"2025-10-13T13:16:13","guid":{"rendered":"https:\/\/fh-staging.vengo.cloud\/de-ch\/p\/oelflasche-mit-metallausgiesser170ml"},"modified":"2026-01-05T14:05:36","modified_gmt":"2026-01-05T13:05:36","slug":"oelflasche-mit-metallausgiesser170ml","status":"publish","type":"product","link":"https:\/\/fh-staging.vengo.cloud\/de-ch\/p\/oelflasche-mit-metallausgiesser170ml","title":{"rendered":"\u00d6lflasche mit Metallausgiesser,170ml"},"content":{"rendered":"<p>Glas bieten uns die perfekte M\u00f6glichkeit, etwas Sch\u00f6nes und Kreatives zu basteln. Egal ob es mit Farbe bemalt, mit Washi Tapes beklebt oder mit einem Band verziert wird, die M\u00f6glichkeiten sind endlos. \u00dcberraschen und inspirieren Sie sich selbst und Ihre Freunde und Familienmitglieder.<\/p>\n<p>\u2022 \u00f8 4.8 x 19.3 cm<br \/>\n\u2022 F\u00fcllmenge: 170 ml<\/p>\n","protected":false},"excerpt":{"rendered":"<p>\u00d6lflasche mit Metallausgiesser \u00f8 4.8 x 19.3 cm, 170 ml<\/p>\n","protected":false},"featured_media":66344,"template":"","meta":[],"product_brand":[],"product_cat":[1102,42,1101,43,44],"product_tag":[324],"woo-feed-brand":[],"class_list":{"0":"post-64284","1":"product","2":"type-product","3":"status-publish","4":"has-post-thumbnail","6":"product_cat-essen","7":"product_cat-kueche","8":"product_cat-geschirr","9":"product_cat-gedeckter-tisch","10":"product_cat-kuechenhelfer","11":"product_tag-marein-ag","13":"first","14":"instock","15":"taxable","16":"shipping-taxable","17":"purchasable","18":"product-type-simple"},"_links":{"self":[{"href":"https:\/\/fh-staging.vengo.cloud\/de-ch\/wp-json\/wp\/v2\/product\/64284","targetHints":{"allow":["GET"]}}],"collection":[{"href":"https:\/\/fh-staging.vengo.cloud\/de-ch\/wp-json\/wp\/v2\/product"}],"about":[{"href":"https:\/\/fh-staging.vengo.cloud\/de-ch\/wp-json\/wp\/v2\/types\/product"}],"wp:featuredmedia":[{"embeddable":true,"href":"https:\/\/fh-staging.vengo.cloud\/de-ch\/wp-json\/wp\/v2\/media\/66344"}],"wp:attachment":[{"href":"https:\/\/fh-staging.vengo.cloud\/de-ch\/wp-json\/wp\/v2\/media?parent=64284"}],"wp:term":[{"taxonomy":"product_brand","embeddable":true,"href":"https:\/\/fh-staging.vengo.cloud\/de-ch\/wp-json\/wp\/v2\/product_brand?post=64284"},{"taxonomy":"product_cat","embeddable":true,"href":"https:\/\/fh-staging.vengo.cloud\/de-ch\/wp-json\/wp\/v2\/product_cat?post=64284"},{"taxonomy":"product_tag","embeddable":true,"href":"https:\/\/fh-staging.vengo.cloud\/de-ch\/wp-json\/wp\/v2\/product_tag?post=64284"},{"taxonomy":"woo-feed-brand","embeddable":true,"href":"https:\/\/fh-staging.vengo.cloud\/de-ch\/wp-json\/wp\/v2\/woo-feed-brand?post=64284"}],"curies":[{"name":"wp","href":"https:\/\/api.w.org\/{rel}","templated":true}]}}