{"id":64275,"date":"2025-10-13T15:15:59","date_gmt":"2025-10-13T13:15:59","guid":{"rendered":"https:\/\/fh-staging.vengo.cloud\/de-ch\/p\/metallkorb-mit-jute-20x18cm"},"modified":"2026-01-05T14:05:37","modified_gmt":"2026-01-05T13:05:37","slug":"metallkorb-mit-jute-20x18cm","status":"publish","type":"product","link":"https:\/\/fh-staging.vengo.cloud\/de-ch\/p\/metallkorb-mit-jute-20x18cm","title":{"rendered":"Metallkorb mit Jute, 20x18cm"},"content":{"rendered":"<p>Der Jute Korb mit eingearbeiteter Folie eignet sich ideal zum bepflanzen und sorgt f\u00fcr einen industriellen Look. Der Jute Korb l\u00e4sst sich einfach aus dem Metallkorb l\u00f6sen und so auch individuell nutzen.<\/p>\n<p>\u2022 Set bestehend aus Metallkorb und herausnehmbarem Jute Korb<br \/>\n\u2022 Praktisch eingearbeitete Folie, die vor Fl\u00fcssigkeit und Schmutz sch\u00fctzt<br \/>\n\u2022 Ideal als Blumentopf oder f\u00fcr die Aufbewahrung von Fr\u00fcchten und Gem\u00fcse in der K\u00fcche<br \/>\n\u2022 Industrial Design<br \/>\n\u2022 Durchmesser 20 cm, H\u00f6he 18 cm<\/p>\n","protected":false},"excerpt":{"rendered":"<p>Jutekorb mit Metallh\u00fclle, 20 x 18 cm<\/p>\n","protected":false},"featured_media":64274,"template":"","meta":[],"product_brand":[],"product_cat":[27,23,1199],"product_tag":[324],"woo-feed-brand":[],"class_list":{"0":"post-64275","1":"product","2":"type-product","3":"status-publish","4":"has-post-thumbnail","6":"product_cat-vasen-gefaesse","7":"product_cat-home-living","8":"product_cat-koerbe","9":"product_tag-marein-ag","11":"first","12":"instock","13":"taxable","14":"shipping-taxable","15":"purchasable","16":"product-type-simple"},"_links":{"self":[{"href":"https:\/\/fh-staging.vengo.cloud\/de-ch\/wp-json\/wp\/v2\/product\/64275","targetHints":{"allow":["GET"]}}],"collection":[{"href":"https:\/\/fh-staging.vengo.cloud\/de-ch\/wp-json\/wp\/v2\/product"}],"about":[{"href":"https:\/\/fh-staging.vengo.cloud\/de-ch\/wp-json\/wp\/v2\/types\/product"}],"wp:featuredmedia":[{"embeddable":true,"href":"https:\/\/fh-staging.vengo.cloud\/de-ch\/wp-json\/wp\/v2\/media\/64274"}],"wp:attachment":[{"href":"https:\/\/fh-staging.vengo.cloud\/de-ch\/wp-json\/wp\/v2\/media?parent=64275"}],"wp:term":[{"taxonomy":"product_brand","embeddable":true,"href":"https:\/\/fh-staging.vengo.cloud\/de-ch\/wp-json\/wp\/v2\/product_brand?post=64275"},{"taxonomy":"product_cat","embeddable":true,"href":"https:\/\/fh-staging.vengo.cloud\/de-ch\/wp-json\/wp\/v2\/product_cat?post=64275"},{"taxonomy":"product_tag","embeddable":true,"href":"https:\/\/fh-staging.vengo.cloud\/de-ch\/wp-json\/wp\/v2\/product_tag?post=64275"},{"taxonomy":"woo-feed-brand","embeddable":true,"href":"https:\/\/fh-staging.vengo.cloud\/de-ch\/wp-json\/wp\/v2\/woo-feed-brand?post=64275"}],"curies":[{"name":"wp","href":"https:\/\/api.w.org\/{rel}","templated":true}]}}