{"id":64238,"date":"2025-10-13T15:14:53","date_gmt":"2025-10-13T13:14:53","guid":{"rendered":"https:\/\/fh-staging.vengo.cloud\/de-ch\/p\/runde-steinkiste-beige-h16-7-x-d10cm"},"modified":"2026-01-05T14:05:39","modified_gmt":"2026-01-05T13:05:39","slug":"runde-steinkiste-beige-h16-7-x-d10cm","status":"publish","type":"product","link":"https:\/\/fh-staging.vengo.cloud\/de-ch\/p\/runde-steinkiste-beige-h16-7-x-d10cm","title":{"rendered":"Runde Steinkiste, beige, H16.7 x D10cm"},"content":{"rendered":"<p>Sch\u00f6ne beige Steinkiste mit rauem Finish. Ideal zur Aufbewahrung trockener Lebensmittel in der K\u00fcche oder Utensilien im Bad. Dank des Silikonsiegels und des Bambusdeckels l\u00e4sst sich alles sauber verschliessen und stilvoll bewahren.<\/p>\n<p>\u2022 Luftdichter Beh\u00e4lter mit Bambusdeckel und Silikonsiegel<br \/>\n\u2022 Ideal zur Aufbewahrung trockener Lebensmittel wie Kr\u00e4uter, Kekse, Gew\u00fcrze, Getreide, Kaffee<br \/>\n\u2022 Kanister aus langlebigen Steingut mit reaktiven Glasur und rauem, gesprenkeltem Unterteil<br \/>\n\u2022 Jedes Produkt ist handgefertigt, so dass die Glasur unterschiedlich ausfallen kann<br \/>\n\u2022 Fasst 1L Fl\u00fcssigkeit<br \/>\n\u2022 H\u00f6he 16.7 cm, Durchmesser 10 cm<\/p>\n","protected":false},"excerpt":{"rendered":"<p>Runde Dose aus Steingut mit beiger Glasur und Bambusdeckel, 1 L, H 16.7 x \u00d8 10 cm<\/p>\n","protected":false},"featured_media":64237,"template":"","meta":[],"product_brand":[],"product_cat":[44,23,32,30,42],"product_tag":[324],"woo-feed-brand":[],"class_list":{"0":"post-64238","1":"product","2":"type-product","3":"status-publish","4":"has-post-thumbnail","6":"product_cat-kuechenhelfer","7":"product_cat-home-living","8":"product_cat-aufbewahrung","9":"product_cat-deko-accessoires","10":"product_cat-kueche","11":"product_tag-marein-ag","13":"first","14":"instock","15":"taxable","16":"shipping-taxable","17":"purchasable","18":"product-type-simple"},"_links":{"self":[{"href":"https:\/\/fh-staging.vengo.cloud\/de-ch\/wp-json\/wp\/v2\/product\/64238","targetHints":{"allow":["GET"]}}],"collection":[{"href":"https:\/\/fh-staging.vengo.cloud\/de-ch\/wp-json\/wp\/v2\/product"}],"about":[{"href":"https:\/\/fh-staging.vengo.cloud\/de-ch\/wp-json\/wp\/v2\/types\/product"}],"wp:featuredmedia":[{"embeddable":true,"href":"https:\/\/fh-staging.vengo.cloud\/de-ch\/wp-json\/wp\/v2\/media\/64237"}],"wp:attachment":[{"href":"https:\/\/fh-staging.vengo.cloud\/de-ch\/wp-json\/wp\/v2\/media?parent=64238"}],"wp:term":[{"taxonomy":"product_brand","embeddable":true,"href":"https:\/\/fh-staging.vengo.cloud\/de-ch\/wp-json\/wp\/v2\/product_brand?post=64238"},{"taxonomy":"product_cat","embeddable":true,"href":"https:\/\/fh-staging.vengo.cloud\/de-ch\/wp-json\/wp\/v2\/product_cat?post=64238"},{"taxonomy":"product_tag","embeddable":true,"href":"https:\/\/fh-staging.vengo.cloud\/de-ch\/wp-json\/wp\/v2\/product_tag?post=64238"},{"taxonomy":"woo-feed-brand","embeddable":true,"href":"https:\/\/fh-staging.vengo.cloud\/de-ch\/wp-json\/wp\/v2\/woo-feed-brand?post=64238"}],"curies":[{"name":"wp","href":"https:\/\/api.w.org\/{rel}","templated":true}]}}