{"id":64219,"date":"2025-10-13T15:13:48","date_gmt":"2025-10-13T13:13:48","guid":{"rendered":"https:\/\/fh-staging.vengo.cloud\/de-ch\/p\/totebag-peace-37x42cm"},"modified":"2026-01-05T14:05:41","modified_gmt":"2026-01-05T13:05:41","slug":"totebag-peace-37x42cm","status":"publish","type":"product","link":"https:\/\/fh-staging.vengo.cloud\/de-ch\/p\/totebag-peace-37x42cm","title":{"rendered":"Totebag Peace, 37x42cm"},"content":{"rendered":"<p>Mit unserem h\u00fcbschen Totebag setzt du ein Zeichen f\u00fcr den Frieden und f\u00fcr die Nachhaltigkeit. Er kann viele Male wiederverwendet werden und ersetzt beim Einkaufen Plastik- oder Papiertragetaschen. Auch f\u00fcr die Schule oder im Alltag passt die praktische Tasche perfekt. Mit den 30cm hohen Henkeln kann die Tasche bequem in der Hand oder \u00fcber die Schulter getragen werden. Dank dem blickdichten und stabilen Stoff kommt die Jutetasche sehr hochwertig daher.<\/p>\n<p>\u2022 Stabile Tragtasche aus Baumwolle mit offenem Hauptfach<br \/>\n\u2022 Aus dickerem, blickdichtem Stoff<br \/>\n\u2022 Setze ein Zeichen mit dem Print \u201cTogether\u201d<br \/>\n\u2022 Wiederverwendbar, ersetzt Plastiks\u00e4cke und Papiertragetaschen beim Einkaufen<br \/>\n\u2022 30 cm hohe Henkel aus weichem Stoff, sodass die Tasche bequem in der Hand oder \u00fcber der Schulter getragen werden kann<br \/>\n\u2022 Masse: (exk. Henkel) H 40 cm, B 35 cm<br \/>\n\u2022 100% Baumwolle, 170 g \/m2<br \/>\n\u2022 Designed by Esm\u00e9e<\/p>\n","protected":false},"excerpt":{"rendered":"<p>Jutetasche \/ Totebag mit Print \u201cTogether\u201d, 37 x 42 cm, extra stabil<\/p>\n","protected":false},"featured_media":64218,"template":"","meta":[],"product_brand":[],"product_cat":[31,23],"product_tag":[324],"woo-feed-brand":[],"class_list":{"0":"post-64219","1":"product","2":"type-product","3":"status-publish","4":"has-post-thumbnail","6":"product_cat-heimtextilien","7":"product_cat-home-living","8":"product_tag-marein-ag","10":"first","11":"instock","12":"taxable","13":"shipping-taxable","14":"purchasable","15":"product-type-simple"},"_links":{"self":[{"href":"https:\/\/fh-staging.vengo.cloud\/de-ch\/wp-json\/wp\/v2\/product\/64219","targetHints":{"allow":["GET"]}}],"collection":[{"href":"https:\/\/fh-staging.vengo.cloud\/de-ch\/wp-json\/wp\/v2\/product"}],"about":[{"href":"https:\/\/fh-staging.vengo.cloud\/de-ch\/wp-json\/wp\/v2\/types\/product"}],"wp:featuredmedia":[{"embeddable":true,"href":"https:\/\/fh-staging.vengo.cloud\/de-ch\/wp-json\/wp\/v2\/media\/64218"}],"wp:attachment":[{"href":"https:\/\/fh-staging.vengo.cloud\/de-ch\/wp-json\/wp\/v2\/media?parent=64219"}],"wp:term":[{"taxonomy":"product_brand","embeddable":true,"href":"https:\/\/fh-staging.vengo.cloud\/de-ch\/wp-json\/wp\/v2\/product_brand?post=64219"},{"taxonomy":"product_cat","embeddable":true,"href":"https:\/\/fh-staging.vengo.cloud\/de-ch\/wp-json\/wp\/v2\/product_cat?post=64219"},{"taxonomy":"product_tag","embeddable":true,"href":"https:\/\/fh-staging.vengo.cloud\/de-ch\/wp-json\/wp\/v2\/product_tag?post=64219"},{"taxonomy":"woo-feed-brand","embeddable":true,"href":"https:\/\/fh-staging.vengo.cloud\/de-ch\/wp-json\/wp\/v2\/woo-feed-brand?post=64219"}],"curies":[{"name":"wp","href":"https:\/\/api.w.org\/{rel}","templated":true}]}}