{"id":64216,"date":"2025-10-13T15:13:42","date_gmt":"2025-10-13T13:13:42","guid":{"rendered":"https:\/\/fh-staging.vengo.cloud\/de-ch\/p\/stapelbarer-wire-korb-mit-griff-und-holzboden-matt-schwarz-42x30x12cm"},"modified":"2026-01-05T14:05:41","modified_gmt":"2026-01-05T13:05:41","slug":"stapelbarer-wire-korb-matt-schwarz-42x30x12cm","status":"publish","type":"product","link":"https:\/\/fh-staging.vengo.cloud\/de-ch\/p\/stapelbarer-wire-korb-matt-schwarz-42x30x12cm","title":{"rendered":"Stapelbarer Wire Korb, matt schwarz, 42x30x12cm"},"content":{"rendered":"<p>Unser stapelbarer Aufbewahrungskorb aus matt schwarzem Metall definiert minimalistischen Stil neu. Mit Griffen und Holzboden versehen, vereint er Funktionalit\u00e4t mit \u00e4sthetischem Anspruch. Das stapelbare Design und drei Gr\u00f6ssenoptionen bieten flexible L\u00f6sungen f\u00fcr eine stilvolle Organisation.<\/p>\n<p>\u2022 Minimalistischer Aufbewahrungskorb<br \/>\n\u2022 L\u00e4sst sich einfach stapeln und ist erh\u00e4ltlich in drei Gr\u00f6ssen<br \/>\n\u2022 Aus matt schwarzem Metall mit Griffen und Holzboden<br \/>\n\u2022 Masse: L\u00e4nge 37, Breite 25, H\u00f6he 10 cm<\/p>\n","protected":false},"excerpt":{"rendered":"<p>Stapelbarer Aufbewahrungskorb aus matt schwarzem Metall mit Griffen und Holzboden, B 30 x L 42 x H 12 cm<\/p>\n","protected":false},"featured_media":64215,"template":"","meta":[],"product_brand":[],"product_cat":[30,23,32,42,44],"product_tag":[324],"woo-feed-brand":[],"class_list":{"0":"post-64216","1":"product","2":"type-product","3":"status-publish","4":"has-post-thumbnail","6":"product_cat-deko-accessoires","7":"product_cat-home-living","8":"product_cat-aufbewahrung","9":"product_cat-kueche","10":"product_cat-kuechenhelfer","11":"product_tag-marein-ag","13":"first","14":"instock","15":"taxable","16":"shipping-taxable","17":"purchasable","18":"product-type-simple"},"_links":{"self":[{"href":"https:\/\/fh-staging.vengo.cloud\/de-ch\/wp-json\/wp\/v2\/product\/64216","targetHints":{"allow":["GET"]}}],"collection":[{"href":"https:\/\/fh-staging.vengo.cloud\/de-ch\/wp-json\/wp\/v2\/product"}],"about":[{"href":"https:\/\/fh-staging.vengo.cloud\/de-ch\/wp-json\/wp\/v2\/types\/product"}],"wp:featuredmedia":[{"embeddable":true,"href":"https:\/\/fh-staging.vengo.cloud\/de-ch\/wp-json\/wp\/v2\/media\/64215"}],"wp:attachment":[{"href":"https:\/\/fh-staging.vengo.cloud\/de-ch\/wp-json\/wp\/v2\/media?parent=64216"}],"wp:term":[{"taxonomy":"product_brand","embeddable":true,"href":"https:\/\/fh-staging.vengo.cloud\/de-ch\/wp-json\/wp\/v2\/product_brand?post=64216"},{"taxonomy":"product_cat","embeddable":true,"href":"https:\/\/fh-staging.vengo.cloud\/de-ch\/wp-json\/wp\/v2\/product_cat?post=64216"},{"taxonomy":"product_tag","embeddable":true,"href":"https:\/\/fh-staging.vengo.cloud\/de-ch\/wp-json\/wp\/v2\/product_tag?post=64216"},{"taxonomy":"woo-feed-brand","embeddable":true,"href":"https:\/\/fh-staging.vengo.cloud\/de-ch\/wp-json\/wp\/v2\/woo-feed-brand?post=64216"}],"curies":[{"name":"wp","href":"https:\/\/api.w.org\/{rel}","templated":true}]}}