{"id":64176,"date":"2025-10-13T15:12:54","date_gmt":"2025-10-13T13:12:54","guid":{"rendered":"https:\/\/fh-staging.vengo.cloud\/de-ch\/p\/dunkler-korb-mit-deckel-d17cm"},"modified":"2026-01-05T14:05:46","modified_gmt":"2026-01-05T13:05:46","slug":"dunkler-korb-mit-deckel-d17cm","status":"publish","type":"product","link":"https:\/\/fh-staging.vengo.cloud\/de-ch\/p\/dunkler-korb-mit-deckel-d17cm","title":{"rendered":"Dunkler Korb mit Deckel, D17cm"},"content":{"rendered":"<p>Unser runder Aufbewahrungskorb mit Deckel aus geflochtenen Naturfasern vereint nat\u00fcrlichen Charme mit praktischer Funktionalit\u00e4t. In drei Gr\u00f6ssen erh\u00e4ltlich, bietet er vielseitige Einsatzm\u00f6glichkeiten und erm\u00f6glicht sch\u00f6ne Kombinationen.<\/p>\n<p>\u2022 Runder Korb mit Deckel<br \/>\n\u2022 Aus geflochtenen Naturfasern<br \/>\n\u2022 In drei Gr\u00f6ssen erh\u00e4ltlich f\u00fcr sch\u00f6ne Kombinationen<br \/>\n\u2022 Der Deckel sch\u00fctzt den Inhalt vor Staub und sorgt f\u00fcr einen aufger\u00e4umten Look<br \/>\n\u2022 Vielseitig einsetzbar als Aufbewahrungsl\u00f6sung f\u00fcr Wohnzimmer, Schlafzimmer oder B\u00fcro<br \/>\n\u2022 Masse: Durchmesser 17 cm, H\u00f6he 10 cm<\/p>\n","protected":false},"excerpt":{"rendered":"<p>Runder Aufbewahrungskorb mit Deckel aus Naturfasern, \u00d8 17 x H 10<\/p>\n","protected":false},"featured_media":64175,"template":"","meta":[],"product_brand":[],"product_cat":[32,23],"product_tag":[324],"woo-feed-brand":[],"class_list":{"0":"post-64176","1":"product","2":"type-product","3":"status-publish","4":"has-post-thumbnail","6":"product_cat-aufbewahrung","7":"product_cat-home-living","8":"product_tag-marein-ag","10":"first","11":"instock","12":"taxable","13":"shipping-taxable","14":"purchasable","15":"product-type-simple"},"_links":{"self":[{"href":"https:\/\/fh-staging.vengo.cloud\/de-ch\/wp-json\/wp\/v2\/product\/64176","targetHints":{"allow":["GET"]}}],"collection":[{"href":"https:\/\/fh-staging.vengo.cloud\/de-ch\/wp-json\/wp\/v2\/product"}],"about":[{"href":"https:\/\/fh-staging.vengo.cloud\/de-ch\/wp-json\/wp\/v2\/types\/product"}],"wp:featuredmedia":[{"embeddable":true,"href":"https:\/\/fh-staging.vengo.cloud\/de-ch\/wp-json\/wp\/v2\/media\/64175"}],"wp:attachment":[{"href":"https:\/\/fh-staging.vengo.cloud\/de-ch\/wp-json\/wp\/v2\/media?parent=64176"}],"wp:term":[{"taxonomy":"product_brand","embeddable":true,"href":"https:\/\/fh-staging.vengo.cloud\/de-ch\/wp-json\/wp\/v2\/product_brand?post=64176"},{"taxonomy":"product_cat","embeddable":true,"href":"https:\/\/fh-staging.vengo.cloud\/de-ch\/wp-json\/wp\/v2\/product_cat?post=64176"},{"taxonomy":"product_tag","embeddable":true,"href":"https:\/\/fh-staging.vengo.cloud\/de-ch\/wp-json\/wp\/v2\/product_tag?post=64176"},{"taxonomy":"woo-feed-brand","embeddable":true,"href":"https:\/\/fh-staging.vengo.cloud\/de-ch\/wp-json\/wp\/v2\/woo-feed-brand?post=64176"}],"curies":[{"name":"wp","href":"https:\/\/api.w.org\/{rel}","templated":true}]}}