{"id":64130,"date":"2025-10-13T15:11:52","date_gmt":"2025-10-13T13:11:52","guid":{"rendered":"https:\/\/fh-staging.vengo.cloud\/de-ch\/p\/korb-dunkel-36x36x30cm"},"modified":"2026-01-05T14:05:49","modified_gmt":"2026-01-05T13:05:49","slug":"korb-dunkel-36x36x30cm","status":"publish","type":"product","link":"https:\/\/fh-staging.vengo.cloud\/de-ch\/p\/korb-dunkel-36x36x30cm","title":{"rendered":"Korb, dunkel, 36x36x30cm"},"content":{"rendered":"<p>Unser Aufbewahrungskorb aus robusten Naturfasern bietet praktischen Stauraum mit Stil. Mit stabilen Handgriffen ausgestattet, eignet er sich ideal als Blumentopfhalter oder vielseitiger Aufbewahrungskorb. Verf\u00fcgbar in drei Gr\u00f6ssen.<\/p>\n<p>\u2022 Aus langlebigen Naturfasern gefertigter Aufbewahrungskorb mit praktischen und stabilen Handgriffen<br \/>\n\u2022 Ideal als Blumentopfhalter oder Aufbewahrungskorb<br \/>\n\u2022 Durchmesser 36 cm, H\u00f6he 30 cm, Henkelh\u00f6he 8.5<br \/>\n\u2022 Erh\u00e4ltlich in drei Gr\u00f6ssen f\u00fcr besonders h\u00fcbsche Kombinationen<\/p>\n","protected":false},"excerpt":{"rendered":"<p>Aufbewahrungskorb aus dunklen Naturfasern, \u00d8 36 cm x H 30<\/p>\n","protected":false},"featured_media":64129,"template":"","meta":[],"product_brand":[],"product_cat":[32,23],"product_tag":[324],"woo-feed-brand":[],"class_list":{"0":"post-64130","1":"product","2":"type-product","3":"status-publish","4":"has-post-thumbnail","6":"product_cat-aufbewahrung","7":"product_cat-home-living","8":"product_tag-marein-ag","10":"first","11":"instock","12":"taxable","13":"shipping-taxable","14":"purchasable","15":"product-type-simple"},"_links":{"self":[{"href":"https:\/\/fh-staging.vengo.cloud\/de-ch\/wp-json\/wp\/v2\/product\/64130","targetHints":{"allow":["GET"]}}],"collection":[{"href":"https:\/\/fh-staging.vengo.cloud\/de-ch\/wp-json\/wp\/v2\/product"}],"about":[{"href":"https:\/\/fh-staging.vengo.cloud\/de-ch\/wp-json\/wp\/v2\/types\/product"}],"wp:featuredmedia":[{"embeddable":true,"href":"https:\/\/fh-staging.vengo.cloud\/de-ch\/wp-json\/wp\/v2\/media\/64129"}],"wp:attachment":[{"href":"https:\/\/fh-staging.vengo.cloud\/de-ch\/wp-json\/wp\/v2\/media?parent=64130"}],"wp:term":[{"taxonomy":"product_brand","embeddable":true,"href":"https:\/\/fh-staging.vengo.cloud\/de-ch\/wp-json\/wp\/v2\/product_brand?post=64130"},{"taxonomy":"product_cat","embeddable":true,"href":"https:\/\/fh-staging.vengo.cloud\/de-ch\/wp-json\/wp\/v2\/product_cat?post=64130"},{"taxonomy":"product_tag","embeddable":true,"href":"https:\/\/fh-staging.vengo.cloud\/de-ch\/wp-json\/wp\/v2\/product_tag?post=64130"},{"taxonomy":"woo-feed-brand","embeddable":true,"href":"https:\/\/fh-staging.vengo.cloud\/de-ch\/wp-json\/wp\/v2\/woo-feed-brand?post=64130"}],"curies":[{"name":"wp","href":"https:\/\/api.w.org\/{rel}","templated":true}]}}