{"id":64086,"date":"2025-10-13T07:57:13","date_gmt":"2025-10-13T05:57:13","guid":{"rendered":"https:\/\/fh-staging.vengo.cloud\/de-ch\/?post_type=product&#038;p=64086"},"modified":"2025-12-18T16:32:46","modified_gmt":"2025-12-18T15:32:46","slug":"satinband-dunkelorange-25mmx25m","status":"publish","type":"product","link":"https:\/\/fh-staging.vengo.cloud\/de-ch\/p\/satinband-dunkelorange-25mmx25m","title":{"rendered":"Satinband dunkelorange 25mmx25m"},"content":{"rendered":"<p>Elegantes, doppelseitiges Satinband in edlem Dunkelorange. Mit einer Breite von 25 mm und einer L\u00e4nge von 25 Metern eignet es sich ideal f\u00fcr Geschenkverpackungen, Dekorationen, Bastelarbeiten oder festliche Anl\u00e4sse wie Hochzeiten und Weihnachten. Die glatte, gl\u00e4nzende Oberfl\u00e4che verleiht jedem Projekt eine hochwertige Note.<\/p>\n","protected":false},"excerpt":{"rendered":"<p>Satinband dunkelorange 25mmx25m<\/p>\n","protected":false},"featured_media":64087,"template":"","meta":[],"product_brand":[],"product_cat":[29,23,1193,1178,909,911],"product_tag":[983],"woo-feed-brand":[],"class_list":{"0":"post-64086","1":"product","2":"type-product","3":"status-publish","4":"has-post-thumbnail","6":"product_cat-do-it-yourself","7":"product_cat-home-living","8":"product_cat-baender-tueten","9":"product_cat-diy","10":"product_cat-weihnachten","11":"product_cat-accessoires","12":"product_tag-selection-by-fleurophome","14":"first","15":"instock","16":"taxable","17":"shipping-taxable","18":"purchasable","19":"product-type-simple"},"_links":{"self":[{"href":"https:\/\/fh-staging.vengo.cloud\/de-ch\/wp-json\/wp\/v2\/product\/64086","targetHints":{"allow":["GET"]}}],"collection":[{"href":"https:\/\/fh-staging.vengo.cloud\/de-ch\/wp-json\/wp\/v2\/product"}],"about":[{"href":"https:\/\/fh-staging.vengo.cloud\/de-ch\/wp-json\/wp\/v2\/types\/product"}],"wp:featuredmedia":[{"embeddable":true,"href":"https:\/\/fh-staging.vengo.cloud\/de-ch\/wp-json\/wp\/v2\/media\/64087"}],"wp:attachment":[{"href":"https:\/\/fh-staging.vengo.cloud\/de-ch\/wp-json\/wp\/v2\/media?parent=64086"}],"wp:term":[{"taxonomy":"product_brand","embeddable":true,"href":"https:\/\/fh-staging.vengo.cloud\/de-ch\/wp-json\/wp\/v2\/product_brand?post=64086"},{"taxonomy":"product_cat","embeddable":true,"href":"https:\/\/fh-staging.vengo.cloud\/de-ch\/wp-json\/wp\/v2\/product_cat?post=64086"},{"taxonomy":"product_tag","embeddable":true,"href":"https:\/\/fh-staging.vengo.cloud\/de-ch\/wp-json\/wp\/v2\/product_tag?post=64086"},{"taxonomy":"woo-feed-brand","embeddable":true,"href":"https:\/\/fh-staging.vengo.cloud\/de-ch\/wp-json\/wp\/v2\/woo-feed-brand?post=64086"}],"curies":[{"name":"wp","href":"https:\/\/api.w.org\/{rel}","templated":true}]}}