{"id":63469,"date":"2025-10-06T09:47:55","date_gmt":"2025-10-06T07:47:55","guid":{"rendered":"https:\/\/fh-staging.vengo.cloud\/?post_type=product&#038;p=63469"},"modified":"2025-12-18T16:17:09","modified_gmt":"2025-12-18T15:17:09","slug":"rechteckiger-rohweidenkorb-24x13cm","status":"publish","type":"product","link":"https:\/\/fh-staging.vengo.cloud\/de-ch\/p\/rechteckiger-rohweidenkorb-24x13cm","title":{"rendered":"Rechteckiger Rohweidenkorb, 24x13cm"},"content":{"rendered":"<p>Noch nie war K\u00f6rbe geben so sch\u00f6n! Schaue dich bei uns um. Sicher findest du den richtigen, egal ob f\u00fcr Blumen &amp; Pflanzen oder als Geschenkekorb.<\/p>\n","protected":false},"excerpt":{"rendered":"<p>Rechteckiger Rohweidenkorb, 24x13cm<\/p>\n","protected":false},"featured_media":63470,"template":"","meta":[],"product_brand":[],"product_cat":[29,23,1195,1199,27],"product_tag":[282],"woo-feed-brand":[],"class_list":{"0":"post-63469","1":"product","2":"type-product","3":"status-publish","4":"has-post-thumbnail","6":"product_cat-do-it-yourself","7":"product_cat-home-living","8":"product_cat-dekogrundlagen","9":"product_cat-koerbe","10":"product_cat-vasen-gefaesse","11":"product_tag-fleurop-interflora","13":"first","14":"instock","15":"taxable","16":"shipping-taxable","17":"purchasable","18":"product-type-simple"},"_links":{"self":[{"href":"https:\/\/fh-staging.vengo.cloud\/de-ch\/wp-json\/wp\/v2\/product\/63469","targetHints":{"allow":["GET"]}}],"collection":[{"href":"https:\/\/fh-staging.vengo.cloud\/de-ch\/wp-json\/wp\/v2\/product"}],"about":[{"href":"https:\/\/fh-staging.vengo.cloud\/de-ch\/wp-json\/wp\/v2\/types\/product"}],"wp:featuredmedia":[{"embeddable":true,"href":"https:\/\/fh-staging.vengo.cloud\/de-ch\/wp-json\/wp\/v2\/media\/63470"}],"wp:attachment":[{"href":"https:\/\/fh-staging.vengo.cloud\/de-ch\/wp-json\/wp\/v2\/media?parent=63469"}],"wp:term":[{"taxonomy":"product_brand","embeddable":true,"href":"https:\/\/fh-staging.vengo.cloud\/de-ch\/wp-json\/wp\/v2\/product_brand?post=63469"},{"taxonomy":"product_cat","embeddable":true,"href":"https:\/\/fh-staging.vengo.cloud\/de-ch\/wp-json\/wp\/v2\/product_cat?post=63469"},{"taxonomy":"product_tag","embeddable":true,"href":"https:\/\/fh-staging.vengo.cloud\/de-ch\/wp-json\/wp\/v2\/product_tag?post=63469"},{"taxonomy":"woo-feed-brand","embeddable":true,"href":"https:\/\/fh-staging.vengo.cloud\/de-ch\/wp-json\/wp\/v2\/woo-feed-brand?post=63469"}],"curies":[{"name":"wp","href":"https:\/\/api.w.org\/{rel}","templated":true}]}}