{"id":63183,"date":"2025-09-10T20:20:44","date_gmt":"2025-09-10T18:20:44","guid":{"rendered":"https:\/\/fh-staging.vengo.cloud\/de-ch\/?post_type=product&#038;p=63183"},"modified":"2025-11-10T11:39:58","modified_gmt":"2025-11-10T10:39:58","slug":"bouquet-ivy-50cm","status":"publish","type":"product","link":"https:\/\/fh-staging.vengo.cloud\/de-ch\/p\/bouquet-ivy-50cm","title":{"rendered":"Bouquet Ivy 50cm"},"content":{"rendered":"<p>Bereichere deinen Raum mit der Sch\u00f6nheit getrockneter Blumen, sorgf\u00e4ltig handgefertigt und nachhaltig angebaut, f\u00fcr einen Hauch umweltbewusster Eleganz. Jedes St\u00fcck wird sorgf\u00e4ltig und mit Liebe zusammengestellt, was zu einer atemberaubenden Komposition f\u00fchrt, die die Essenz nat\u00fcrlicher Sch\u00f6nheit einf\u00e4ngt.<\/p>\n","protected":false},"excerpt":{"rendered":"<p>Geniesse das botanische Wunder und f\u00fcge jedem Umfeld einen Hauch von Zauber hinzu.<\/p>\n","protected":false},"featured_media":63185,"template":"","meta":[],"product_brand":[],"product_cat":[117,23],"product_tag":[1168],"woo-feed-brand":[],"class_list":{"0":"post-63183","1":"product","2":"type-product","3":"status-publish","4":"has-post-thumbnail","6":"product_cat-trockenblumen","7":"product_cat-home-living","8":"product_tag-melia-atelier","10":"first","11":"instock","12":"taxable","13":"shipping-taxable","14":"purchasable","15":"product-type-simple"},"_links":{"self":[{"href":"https:\/\/fh-staging.vengo.cloud\/de-ch\/wp-json\/wp\/v2\/product\/63183","targetHints":{"allow":["GET"]}}],"collection":[{"href":"https:\/\/fh-staging.vengo.cloud\/de-ch\/wp-json\/wp\/v2\/product"}],"about":[{"href":"https:\/\/fh-staging.vengo.cloud\/de-ch\/wp-json\/wp\/v2\/types\/product"}],"wp:featuredmedia":[{"embeddable":true,"href":"https:\/\/fh-staging.vengo.cloud\/de-ch\/wp-json\/wp\/v2\/media\/63185"}],"wp:attachment":[{"href":"https:\/\/fh-staging.vengo.cloud\/de-ch\/wp-json\/wp\/v2\/media?parent=63183"}],"wp:term":[{"taxonomy":"product_brand","embeddable":true,"href":"https:\/\/fh-staging.vengo.cloud\/de-ch\/wp-json\/wp\/v2\/product_brand?post=63183"},{"taxonomy":"product_cat","embeddable":true,"href":"https:\/\/fh-staging.vengo.cloud\/de-ch\/wp-json\/wp\/v2\/product_cat?post=63183"},{"taxonomy":"product_tag","embeddable":true,"href":"https:\/\/fh-staging.vengo.cloud\/de-ch\/wp-json\/wp\/v2\/product_tag?post=63183"},{"taxonomy":"woo-feed-brand","embeddable":true,"href":"https:\/\/fh-staging.vengo.cloud\/de-ch\/wp-json\/wp\/v2\/woo-feed-brand?post=63183"}],"curies":[{"name":"wp","href":"https:\/\/api.w.org\/{rel}","templated":true}]}}