{"id":6306,"date":"2020-03-03T15:47:46","date_gmt":"2020-03-03T14:47:46","guid":{"rendered":"https:\/\/fh-staging.vengo.cloud\/?product=gottlieber-tradition-mini-huppen-ich-hab-dich-lieb"},"modified":"2025-12-02T11:31:10","modified_gmt":"2025-12-02T10:31:10","slug":"gottlieber-tradition-mini-huppen-ich-hab-dich-lieb","status":"publish","type":"product","link":"https:\/\/fh-staging.vengo.cloud\/de-ch\/p\/gottlieber-tradition-mini-huppen-ich-hab-dich-lieb","title":{"rendered":"Gottlieber Tradition Mini &#8211; H\u00fcppen \u00abIch hab dich lieb\u00bb"},"content":{"rendered":"<p>Eine s\u00fcsse \u00dcberraschung f\u00fcr Deine Liebsten: Die h\u00fcbsche Herz-Verpackung mit der Botschaft \u00abIch hab dich lieb\u00bb enth\u00e4lt k\u00f6stliche Gottlieber Mini-H\u00fcppen unserer Traditionsmischung (Pralin\u00e9, Mocca, Gianduja). Die Etikette l\u00e4sst Raum f\u00fcr pers\u00f6nliche Notizen und macht sich damit zum Geschenk der Herzen.<\/p>\n<p>Die zartschmelzende Pralin\u00e9-F\u00fcllung wird aus ger\u00f6steten Haseln\u00fcssen und hochwertiger Kakaomasse erstellt. Dies ist auch die Basis der Mocca-F\u00fcllung, welche zus\u00e4tzlich mit feinstem Arabica-Kaffee angereichert wird. Die Gianduja-F\u00fcllung besticht ebenfalls durch einen herrlichen Geschmack von ger\u00f6steten Haseln\u00fcssen und verf\u00fchrt zudem mit Couverture aus dunkler Bio-Schokolade. Ausserdem sind seit Januar 2023 die H\u00fcppen unserer Traditionsmischung vegan und palm\u00f6lfrei.<\/p>\n<p>Es heisst, die Traditionsmischung mit Pralin\u00e9, Mocca und Gianduja sei die beste Komposition aus dem Hause Gottlieber. \u00dcberzeuge Dich selbst!<\/p>\n<p><strong>H\u00fcppen-F\u00fcllung<br \/>\n<\/strong>Pralin\u00e9, Mocca, Gianduja<\/p>\n<p><strong>Inhalt<br \/>\n<\/strong>ca. 37 Mini-H\u00fcppen (vegan), 150 g<\/p>\n<p><strong>Masse<br \/>\n<\/strong>95 x 195 x 65 mm<\/p>\n","protected":false},"excerpt":{"rendered":"<p>K\u00f6stliche Gottlieber Mini-H\u00fcppen in h\u00fcbscher Herz-Verpackung und der Botschaft \u00abIch hab dich lieb\u00bb. Die Etikette l\u00e4sst Raum f\u00fcr pers\u00f6nliche Notizen und macht sich damit zum Geschenk der Herzen.<\/p>\n","protected":false},"featured_media":6307,"template":"","meta":[],"product_brand":[],"product_cat":[1207,1023,1003,910,797,984,993,999,909,915,42,114,885,52,54],"product_tag":[286],"woo-feed-brand":[],"class_list":{"0":"post-6306","1":"product","2":"type-product","3":"status-publish","4":"has-post-thumbnail","6":"product_cat-unter-25-chf","7":"product_cat-fuer-mama","8":"product_cat-fuer-sie","9":"product_cat-geschenkideen","10":"product_cat-muttertag","11":"product_cat-silvester","12":"product_cat-silvestergeschenke","13":"product_cat-valentinstag","14":"product_cat-weihnachten","15":"product_cat-wichteln","16":"product_cat-kueche","17":"product_cat-schokolade-sweets","18":"product_cat-koestlichkeiten","19":"product_cat-geschenke","20":"product_cat-feinkost","21":"product_tag-gottlieber-spezialitaten-ag","23":"first","24":"instock","25":"featured","26":"taxable","27":"shipping-taxable","28":"purchasable","29":"product-type-simple"},"_links":{"self":[{"href":"https:\/\/fh-staging.vengo.cloud\/de-ch\/wp-json\/wp\/v2\/product\/6306","targetHints":{"allow":["GET"]}}],"collection":[{"href":"https:\/\/fh-staging.vengo.cloud\/de-ch\/wp-json\/wp\/v2\/product"}],"about":[{"href":"https:\/\/fh-staging.vengo.cloud\/de-ch\/wp-json\/wp\/v2\/types\/product"}],"wp:featuredmedia":[{"embeddable":true,"href":"https:\/\/fh-staging.vengo.cloud\/de-ch\/wp-json\/wp\/v2\/media\/6307"}],"wp:attachment":[{"href":"https:\/\/fh-staging.vengo.cloud\/de-ch\/wp-json\/wp\/v2\/media?parent=6306"}],"wp:term":[{"taxonomy":"product_brand","embeddable":true,"href":"https:\/\/fh-staging.vengo.cloud\/de-ch\/wp-json\/wp\/v2\/product_brand?post=6306"},{"taxonomy":"product_cat","embeddable":true,"href":"https:\/\/fh-staging.vengo.cloud\/de-ch\/wp-json\/wp\/v2\/product_cat?post=6306"},{"taxonomy":"product_tag","embeddable":true,"href":"https:\/\/fh-staging.vengo.cloud\/de-ch\/wp-json\/wp\/v2\/product_tag?post=6306"},{"taxonomy":"woo-feed-brand","embeddable":true,"href":"https:\/\/fh-staging.vengo.cloud\/de-ch\/wp-json\/wp\/v2\/woo-feed-brand?post=6306"}],"curies":[{"name":"wp","href":"https:\/\/api.w.org\/{rel}","templated":true}]}}