{"id":62331,"date":"2025-08-28T14:27:35","date_gmt":"2025-08-28T12:27:35","guid":{"rendered":"https:\/\/fh-staging.vengo.cloud\/de-ch\/?post_type=product&#038;p=62331"},"modified":"2025-12-02T11:31:12","modified_gmt":"2025-12-02T10:31:12","slug":"gottlieber-geschenkset-rose-prosecco-2","status":"publish","type":"product","link":"https:\/\/fh-staging.vengo.cloud\/de-ch\/p\/gottlieber-geschenkset-rose-prosecco-2","title":{"rendered":"Gottlieber Geschenkset \u00abRos\u00e9 Prosecco\u00bb"},"content":{"rendered":"<p>F\u00fcr prickelnde Genussmomente! Der Spumante Ros\u00e9 Brut Millesimato DOC 2024 mit fruchtigen Noten, der ideal zu unseren exotisch frischen Noix de Coco H\u00fcppen der Royal Edition passt. Zwei Qualit\u00e4tsprodukte, die sich besser nicht erg\u00e4nzen k\u00f6nnten.<\/p>\n<p>Bei dieser H\u00fcppe handelt es sich um einen exotischen Gaumenschmaus, der mit einer sahnigen Kokosf\u00fcllung Karibik-Feeling verstr\u00f6mt. Die drei Komponenten Bio Kokoscreme, Bio Kokos\u00f6l und Kokosnussmilchpulver verleihen dieser Sorte den Geschmack der Kokosnuss, der in ferne Welten entf\u00fchrt. Einzeln gerollt und gef\u00fcllt ist jede H\u00fcppe ein kleines Meisterwerk, das es zu geniessen gilt.<\/p>\n<p>Der Ponte Prosecco Spumante Ros\u00e9 Brut Millesimato DOC 2024 aus Treviso \u00fcberzeugt mit seiner eleganten rosaroten Farbe und einer feinperligen Struktur. Fruchtige Noten von roten \u00c4pfeln, Erdbeeren und Himbeeren vereinen sich mit frischer Zitrusfrucht und einem Hauch Pfirsich zu einem harmonischen Geschmackserlebnis. Etwas trockener als der klassische Prosecco Treviso, ist er der ideale Allrounder f\u00fcr festliche Anl\u00e4sse und Genussmomente.<\/p>\n<p style=\"text-align: left\"><strong>H\u00fcppen-F\u00fcllung<\/strong><br \/>\nNoix de Coco<\/p>\n<p style=\"text-align: left\"><strong>Inhalt<\/strong><br \/>\n8 H\u00fcppen, 120 g<br \/>\n1 Flasche Ponte Prosecco Spumante Ros\u00e9 Brut Millesimato DOC, 11%, 75 cl<\/p>\n<p style=\"text-align: left\"><strong>Masse<\/strong><br \/>\n365 x 380 x 98 mm<\/p>\n<p style=\"text-align: left\"><a href=\"https:\/\/www.gottlieber.ch\/de\/online-shop\/naehrwertinformationen\" target=\"_blank\" rel=\"noopener\"> N\u00e4hrwertinformationen und Allergikerhinweise<\/a><\/p>\n","protected":false},"excerpt":{"rendered":"<p>Ponte Prosecco Spumante Ros\u00e9 mit Noix de Coco H\u00fcppen<\/p>\n","protected":false},"featured_media":62333,"template":"","meta":[],"product_brand":[],"product_cat":[53,909,916,42,115,114,885,52,54],"product_tag":[147,286],"woo-feed-brand":[],"class_list":{"0":"post-62331","1":"product","2":"type-product","3":"status-publish","4":"has-post-thumbnail","6":"product_cat-geschenksets","7":"product_cat-weihnachten","8":"product_cat-praesente","9":"product_cat-kueche","10":"product_cat-spirituosen","11":"product_cat-schokolade-sweets","12":"product_cat-koestlichkeiten","13":"product_cat-geschenke","14":"product_cat-feinkost","15":"product_tag-alkohol","16":"product_tag-gottlieber-spezialitaten-ag","18":"first","19":"instock","20":"taxable","21":"shipping-taxable","22":"purchasable","23":"product-type-simple"},"_links":{"self":[{"href":"https:\/\/fh-staging.vengo.cloud\/de-ch\/wp-json\/wp\/v2\/product\/62331","targetHints":{"allow":["GET"]}}],"collection":[{"href":"https:\/\/fh-staging.vengo.cloud\/de-ch\/wp-json\/wp\/v2\/product"}],"about":[{"href":"https:\/\/fh-staging.vengo.cloud\/de-ch\/wp-json\/wp\/v2\/types\/product"}],"wp:featuredmedia":[{"embeddable":true,"href":"https:\/\/fh-staging.vengo.cloud\/de-ch\/wp-json\/wp\/v2\/media\/62333"}],"wp:attachment":[{"href":"https:\/\/fh-staging.vengo.cloud\/de-ch\/wp-json\/wp\/v2\/media?parent=62331"}],"wp:term":[{"taxonomy":"product_brand","embeddable":true,"href":"https:\/\/fh-staging.vengo.cloud\/de-ch\/wp-json\/wp\/v2\/product_brand?post=62331"},{"taxonomy":"product_cat","embeddable":true,"href":"https:\/\/fh-staging.vengo.cloud\/de-ch\/wp-json\/wp\/v2\/product_cat?post=62331"},{"taxonomy":"product_tag","embeddable":true,"href":"https:\/\/fh-staging.vengo.cloud\/de-ch\/wp-json\/wp\/v2\/product_tag?post=62331"},{"taxonomy":"woo-feed-brand","embeddable":true,"href":"https:\/\/fh-staging.vengo.cloud\/de-ch\/wp-json\/wp\/v2\/woo-feed-brand?post=62331"}],"curies":[{"name":"wp","href":"https:\/\/api.w.org\/{rel}","templated":true}]}}