{"id":6204,"date":"2020-02-04T10:55:22","date_gmt":"2020-02-04T10:55:22","guid":{"rendered":"https:\/\/fh-staging.vengo.cloud\/?product=edle-rosenbox-von-herzen-in-rot-mit-17-roten-echten-stabilisierten-rosen-o-ca-24-cm"},"modified":"2025-04-01T07:06:14","modified_gmt":"2025-04-01T05:06:14","slug":"edle-rosenbox-von-herzen-in-rot-mit-17-roten-echten-stabilisierten-rosen-o-ca-24-cm","status":"publish","type":"product","link":"https:\/\/fh-staging.vengo.cloud\/de-ch\/p\/edle-rosenbox-von-herzen-in-rot-mit-17-roten-echten-stabilisierten-rosen-o-ca-24-cm","title":{"rendered":"Edle Rosenbox &#171;Von Herzen&#187; in Rot, mit 17 roten, echten, stabilisierten Rosen \u00d8 ca. 24 cm"},"content":{"rendered":"<p><span style=\"font-size: 11pt\"><strong>Rosenbox mit Herzmuster &#8211; rund, in Rot , mit 17 roten, echten, stabilisierten Rosen\u00a0 \u00d8 ca. 24 cm<\/strong><\/span><\/p>\n<p>Wundersch\u00f6ne runde Rosenbox in Rot, mit echten, roten Rosen, die mit einer speziellen Methode stabilisiert (haltbar gemacht) wurden.<\/p>\n<p>Die elegante, runde Flower-Box in rot ist mit einem rotem Band geschm\u00fcckt und eignet sich als Geschenk der Liebe zu jedem Anlass, sei es zur Hochzeit, zum Valentinstag, Muttertag oder \u00abeinfach so\u00bb. Die Rosenbox wurde von unserem Floristinnen-Team von Hand und mit viel Liebe gestaltet. Sie eignet sich auch als haltbarer Schmuck und Wohnaccessoire.<\/p>\n<p>Details: 17 Rosen, \u00d8 ca. 24 cm, H ca. 12 cm, ca. 2 -3 Jahre haltbar.<\/p>\n<p><em><strong>Bitte beachte unseren Pflegehinweis:<\/strong> <\/em><\/p>\n<p>Unsere stabilisierten Rosen ben\u00f6tigen weder Pflege noch Wasser. Sie bl\u00fchen \u00fcber Jahre, einfach so. Bei Raumtemperatur und an schattigen Standorten halten unsere stabilisierten Rosenbouquets am l\u00e4ngsten.<\/p>\n<p><em>Die Rosen k\u00f6nnen an Form und Farbe verlieren, wenn man sie: <\/em><\/p>\n<p>bew\u00e4ssert (auf keinen Fall bew\u00e4ssern!), oft oder grob anfasst (Staub mit einem weichen Pinsel entfernen), zu hoher Luftfeuchtigkeit oder direkter Sonneneinstrahlung aussetzt.<\/p>\n","protected":false},"excerpt":{"rendered":"<p>Wundersch\u00f6n edle runde Rosenbox mit Herzmuster und passender roter Schleife geschm\u00fcckt<\/p>\n","protected":false},"featured_media":6205,"template":"","meta":[],"product_brand":[],"product_cat":[102,23,26,52,55],"product_tag":[290],"woo-feed-brand":[],"class_list":{"0":"post-6204","1":"product","2":"type-product","3":"status-publish","4":"has-post-thumbnail","6":"product_cat-infinity-rosen","7":"product_cat-home-living","8":"product_cat-blumen-pflanzen","9":"product_cat-geschenke","10":"product_cat-blumige-geschenke","11":"product_tag-atelier-leutwyler","13":"first","14":"instock","15":"taxable","16":"shipping-taxable","17":"purchasable","18":"product-type-simple"},"_links":{"self":[{"href":"https:\/\/fh-staging.vengo.cloud\/de-ch\/wp-json\/wp\/v2\/product\/6204","targetHints":{"allow":["GET"]}}],"collection":[{"href":"https:\/\/fh-staging.vengo.cloud\/de-ch\/wp-json\/wp\/v2\/product"}],"about":[{"href":"https:\/\/fh-staging.vengo.cloud\/de-ch\/wp-json\/wp\/v2\/types\/product"}],"wp:featuredmedia":[{"embeddable":true,"href":"https:\/\/fh-staging.vengo.cloud\/de-ch\/wp-json\/wp\/v2\/media\/6205"}],"wp:attachment":[{"href":"https:\/\/fh-staging.vengo.cloud\/de-ch\/wp-json\/wp\/v2\/media?parent=6204"}],"wp:term":[{"taxonomy":"product_brand","embeddable":true,"href":"https:\/\/fh-staging.vengo.cloud\/de-ch\/wp-json\/wp\/v2\/product_brand?post=6204"},{"taxonomy":"product_cat","embeddable":true,"href":"https:\/\/fh-staging.vengo.cloud\/de-ch\/wp-json\/wp\/v2\/product_cat?post=6204"},{"taxonomy":"product_tag","embeddable":true,"href":"https:\/\/fh-staging.vengo.cloud\/de-ch\/wp-json\/wp\/v2\/product_tag?post=6204"},{"taxonomy":"woo-feed-brand","embeddable":true,"href":"https:\/\/fh-staging.vengo.cloud\/de-ch\/wp-json\/wp\/v2\/woo-feed-brand?post=6204"}],"curies":[{"name":"wp","href":"https:\/\/api.w.org\/{rel}","templated":true}]}}