{"id":61733,"date":"2025-08-18T09:31:52","date_gmt":"2025-08-18T07:31:52","guid":{"rendered":"https:\/\/fh-staging.vengo.cloud\/de-ch\/?post_type=product&#038;p=61733"},"modified":"2025-12-29T09:09:53","modified_gmt":"2025-12-29T08:09:53","slug":"oceanglas-schnousiglas-370ml","status":"publish","type":"product","link":"https:\/\/fh-staging.vengo.cloud\/de-ch\/p\/oceanglas-schnousiglas-370ml","title":{"rendered":"Oceanglas &#171;Schnousiglas&#187;, 370ml"},"content":{"rendered":"<p>Meeresfeeling f\u00fcr Zuhause &#8211; perfekt als Geschenkidee oder Dekoration.<br \/>\nDas Oceandesign besteht aus Epoxidharz und wird in Handarbeit gestaltet. Das Glas ist lebensmittelecht und \u00fcberzeugt mit bester Qualit\u00e4t.<\/p>\n","protected":false},"excerpt":{"rendered":"<p>Jedes St\u00fcck ist ein handgemachtes Unikat, inspiriert von den Wellen des Meeres. Die Farben und Muster k\u00f6nnen variieren und machen jedes Glas zu etwas ganz Besonderem. Ideal geeignet f\u00fcr Kekse, N\u00fcsse und andere Kleinigkeiten. F\u00fcllmenge 370ml<\/p>\n","protected":false},"featured_media":61771,"template":"","meta":[],"product_brand":[],"product_cat":[32,23,42,44],"product_tag":[1147],"woo-feed-brand":[],"class_list":{"0":"post-61733","1":"product","2":"type-product","3":"status-publish","4":"has-post-thumbnail","6":"product_cat-aufbewahrung","7":"product_cat-home-living","8":"product_cat-kueche","9":"product_cat-kuechenhelfer","10":"product_tag-handmade-by-selina","12":"first","13":"instock","14":"taxable","15":"shipping-taxable","16":"purchasable","17":"product-type-simple"},"_links":{"self":[{"href":"https:\/\/fh-staging.vengo.cloud\/de-ch\/wp-json\/wp\/v2\/product\/61733","targetHints":{"allow":["GET"]}}],"collection":[{"href":"https:\/\/fh-staging.vengo.cloud\/de-ch\/wp-json\/wp\/v2\/product"}],"about":[{"href":"https:\/\/fh-staging.vengo.cloud\/de-ch\/wp-json\/wp\/v2\/types\/product"}],"wp:featuredmedia":[{"embeddable":true,"href":"https:\/\/fh-staging.vengo.cloud\/de-ch\/wp-json\/wp\/v2\/media\/61771"}],"wp:attachment":[{"href":"https:\/\/fh-staging.vengo.cloud\/de-ch\/wp-json\/wp\/v2\/media?parent=61733"}],"wp:term":[{"taxonomy":"product_brand","embeddable":true,"href":"https:\/\/fh-staging.vengo.cloud\/de-ch\/wp-json\/wp\/v2\/product_brand?post=61733"},{"taxonomy":"product_cat","embeddable":true,"href":"https:\/\/fh-staging.vengo.cloud\/de-ch\/wp-json\/wp\/v2\/product_cat?post=61733"},{"taxonomy":"product_tag","embeddable":true,"href":"https:\/\/fh-staging.vengo.cloud\/de-ch\/wp-json\/wp\/v2\/product_tag?post=61733"},{"taxonomy":"woo-feed-brand","embeddable":true,"href":"https:\/\/fh-staging.vengo.cloud\/de-ch\/wp-json\/wp\/v2\/woo-feed-brand?post=61733"}],"curies":[{"name":"wp","href":"https:\/\/api.w.org\/{rel}","templated":true}]}}