{"id":6160,"date":"2019-12-18T07:25:09","date_gmt":"2019-12-18T07:25:09","guid":{"rendered":"https:\/\/fh-staging.vengo.cloud\/?product=edelrosen-weiss-50cm-10-stk-blume-3000"},"modified":"2025-04-01T07:06:27","modified_gmt":"2025-04-01T05:06:27","slug":"edelrosen-weiss-50cm-10-stk-blume-3000","status":"publish","type":"product","link":"https:\/\/fh-staging.vengo.cloud\/de-ch\/p\/edelrosen-weiss-50cm-10-stk-blume-3000","title":{"rendered":"Edelrosen weiss 50cm 10 Stk &#8211; blume 3000"},"content":{"rendered":"<p><strong>Beschreibung:<\/strong><\/p>\n<p>Die Edelrosen aus Ecuador \u00fcberzeugen durch besonders grosse Rosenk\u00f6pfe und eine lange Haltbarkeit. Unverarbeitet geliefert, k\u00f6nnen sie nach Belieben ger\u00fcstet und zu einem individuellen Strauss verarbeitet werden. Bitte beachte, dass die Farbe leicht von der Abbildung abweichen kann.<\/p>\n<p><strong>Haltbarkeit &amp; Fairtrade:<\/strong><\/p>\n<ul>\n<li>Haltbarkeitsgarantie: 7 Tage<\/li>\n<li>100% Fairtrade-zertifiziert<\/li>\n<\/ul>\n<p><strong>Zusammensetzung:<\/strong><\/p>\n<ul>\n<li>10 Edelrosen in Weiss<\/li>\n<li>L\u00e4nge: 50 cm<\/li>\n<\/ul>\n","protected":false},"excerpt":{"rendered":"<p>10 Edelrosen aus Ecuador, 50 cm, unger\u00fcstet als Bund. Diese Rosen zeichnen sich durch ihre exzellente Qualit\u00e4t aus und kommen mit einer Haltbarkeitsgarantie von 7 Tagen. Sie sind 100% Fairtrade-zertifiziert, was h\u00f6chste Standards in Fairness und Nachhaltigkeit garantiert.<\/p>\n","protected":false},"featured_media":6161,"template":"","meta":[],"product_brand":[],"product_cat":[112,23,26],"product_tag":[284],"woo-feed-brand":[],"class_list":{"0":"post-6160","1":"product","2":"type-product","3":"status-publish","4":"has-post-thumbnail","6":"product_cat-schnittblumen","7":"product_cat-home-living","8":"product_cat-blumen-pflanzen","9":"product_tag-blume-3000","11":"first","12":"instock","13":"taxable","14":"shipping-taxable","15":"purchasable","16":"product-type-simple"},"_links":{"self":[{"href":"https:\/\/fh-staging.vengo.cloud\/de-ch\/wp-json\/wp\/v2\/product\/6160","targetHints":{"allow":["GET"]}}],"collection":[{"href":"https:\/\/fh-staging.vengo.cloud\/de-ch\/wp-json\/wp\/v2\/product"}],"about":[{"href":"https:\/\/fh-staging.vengo.cloud\/de-ch\/wp-json\/wp\/v2\/types\/product"}],"wp:featuredmedia":[{"embeddable":true,"href":"https:\/\/fh-staging.vengo.cloud\/de-ch\/wp-json\/wp\/v2\/media\/6161"}],"wp:attachment":[{"href":"https:\/\/fh-staging.vengo.cloud\/de-ch\/wp-json\/wp\/v2\/media?parent=6160"}],"wp:term":[{"taxonomy":"product_brand","embeddable":true,"href":"https:\/\/fh-staging.vengo.cloud\/de-ch\/wp-json\/wp\/v2\/product_brand?post=6160"},{"taxonomy":"product_cat","embeddable":true,"href":"https:\/\/fh-staging.vengo.cloud\/de-ch\/wp-json\/wp\/v2\/product_cat?post=6160"},{"taxonomy":"product_tag","embeddable":true,"href":"https:\/\/fh-staging.vengo.cloud\/de-ch\/wp-json\/wp\/v2\/product_tag?post=6160"},{"taxonomy":"woo-feed-brand","embeddable":true,"href":"https:\/\/fh-staging.vengo.cloud\/de-ch\/wp-json\/wp\/v2\/woo-feed-brand?post=6160"}],"curies":[{"name":"wp","href":"https:\/\/api.w.org\/{rel}","templated":true}]}}