{"id":61347,"date":"2025-08-10T13:13:22","date_gmt":"2025-08-10T11:13:22","guid":{"rendered":"https:\/\/fh-staging.vengo.cloud\/fr-ch"},"modified":"2025-09-02T11:53:16","modified_gmt":"2025-09-02T09:53:16","slug":"glasglocke-juste-eternel","status":"publish","type":"product","link":"https:\/\/fh-staging.vengo.cloud\/de-ch\/p\/glasglocke-juste-eternel","title":{"rendered":"Glasglocke &#171;Juste \u00e9ternel&#187;"},"content":{"rendered":"<p>Dieses h\u00fcbsche Arrangement unter einer Glasglocke, das Freude bereiten wird, besteht aus zwei konservierten gelben Rosen, begleitet von konserviertem Gr\u00fcn und getrockneten Blumen, die mehrere Jahre lang ohne Pflege halten.<\/p>\n","protected":false},"excerpt":{"rendered":"<p>H\u00fcbsches Arrangement unter einer Glasglocke in Gelbt\u00f6nen, das Gr\u00fcn und die Trockenblumen k\u00f6nnen vom Foto abweichen.<\/p>\n","protected":false},"featured_media":61348,"template":"","meta":[],"product_brand":[],"product_cat":[102,23,26,52,55],"product_tag":[1135],"woo-feed-brand":[],"class_list":{"0":"post-61347","1":"product","2":"type-product","3":"status-publish","4":"has-post-thumbnail","6":"product_cat-infinity-rosen","7":"product_cat-home-living","8":"product_cat-blumen-pflanzen","9":"product_cat-geschenke","10":"product_cat-blumige-geschenke","11":"product_tag-mon-reve-fleuri","13":"first","14":"instock","15":"taxable","16":"shipping-taxable","17":"purchasable","18":"product-type-simple"},"_links":{"self":[{"href":"https:\/\/fh-staging.vengo.cloud\/de-ch\/wp-json\/wp\/v2\/product\/61347","targetHints":{"allow":["GET"]}}],"collection":[{"href":"https:\/\/fh-staging.vengo.cloud\/de-ch\/wp-json\/wp\/v2\/product"}],"about":[{"href":"https:\/\/fh-staging.vengo.cloud\/de-ch\/wp-json\/wp\/v2\/types\/product"}],"wp:featuredmedia":[{"embeddable":true,"href":"https:\/\/fh-staging.vengo.cloud\/de-ch\/wp-json\/wp\/v2\/media\/61348"}],"wp:attachment":[{"href":"https:\/\/fh-staging.vengo.cloud\/de-ch\/wp-json\/wp\/v2\/media?parent=61347"}],"wp:term":[{"taxonomy":"product_brand","embeddable":true,"href":"https:\/\/fh-staging.vengo.cloud\/de-ch\/wp-json\/wp\/v2\/product_brand?post=61347"},{"taxonomy":"product_cat","embeddable":true,"href":"https:\/\/fh-staging.vengo.cloud\/de-ch\/wp-json\/wp\/v2\/product_cat?post=61347"},{"taxonomy":"product_tag","embeddable":true,"href":"https:\/\/fh-staging.vengo.cloud\/de-ch\/wp-json\/wp\/v2\/product_tag?post=61347"},{"taxonomy":"woo-feed-brand","embeddable":true,"href":"https:\/\/fh-staging.vengo.cloud\/de-ch\/wp-json\/wp\/v2\/woo-feed-brand?post=61347"}],"curies":[{"name":"wp","href":"https:\/\/api.w.org\/{rel}","templated":true}]}}