{"id":60950,"date":"2025-08-27T11:56:30","date_gmt":"2025-08-27T09:56:30","guid":{"rendered":"https:\/\/fh-staging.vengo.cloud\/?post_type=product&#038;p=60950"},"modified":"2026-01-28T15:40:55","modified_gmt":"2026-01-28T14:40:55","slug":"1001-organic-kurkuma-pulver-45g","status":"publish","type":"product","link":"https:\/\/fh-staging.vengo.cloud\/de-ch\/p\/1001-organic-kurkuma-pulver-45g","title":{"rendered":"1001 ORGANIC KURKUMA PULVER, 45g"},"content":{"rendered":"<p><strong>Degustation<br \/>\n<\/strong>Ingwer, Orange, Jasminbl\u00fcte, Honig<\/p>\n<p><strong>Passt zu<br \/>\n<\/strong>Curries, Kartoffelgerichten, Chutneys, Saucen, Backwaren<strong><br \/>\n<\/strong><\/p>\n<p><strong>Zusammensetzung<\/strong><br \/>\nKurkuma<\/p>\n<p><strong>Sozialer Aspekt<br \/>\n<\/strong>1001 Organic investiert in die notwendige Infrastruktur sowie in die b\u00e4uerlichen Gemeinschaften und unterst\u00fctzt sie bei der Professionalisierung und Umstellung auf zertifizierten \u00f6kologischen Landbau. Durch regelm\u00e4ssige Schulungen und Zahlungen, die ein Vielfaches des \u00fcblichen Rohstoffpreises betragen, k\u00f6nnen unsere Bauern und ihre Familien von einem h\u00f6heren Lebensstandard profitieren.<\/p>\n<p><strong>Rezept zum Gew\u00fcrz<br \/>\n<\/strong>Der Kurkuma verleiht dem zarten H\u00fchnerfleisch eine intensive W\u00fcrze, w\u00e4hrend Knoblauch und Mandeln f\u00fcr eine k\u00f6stliche Textur und Aroma sorgen. <a href=\"https:\/\/fh-staging.vengo.cloud\/de-ch\/kurkuma-knoblauch-poulet\">Zum Rezept.<\/a><\/p>\n","protected":false},"excerpt":{"rendered":"<p>Kurkuma aus der K\u00fcstenregion zaubert einzigartige Geschmacksnoten und beinhaltet wertvolles Kurkumin.<\/p>\n","protected":false},"featured_media":60952,"template":"","meta":[],"product_brand":[],"product_cat":[47,42,885],"product_tag":[949],"woo-feed-brand":[],"class_list":{"0":"post-60950","1":"product","2":"type-product","3":"status-publish","4":"has-post-thumbnail","6":"product_cat-kuechenaromen","7":"product_cat-kueche","8":"product_cat-koestlichkeiten","9":"product_tag-1001-organic","11":"first","12":"instock","13":"taxable","14":"shipping-taxable","15":"purchasable","16":"product-type-simple"},"_links":{"self":[{"href":"https:\/\/fh-staging.vengo.cloud\/de-ch\/wp-json\/wp\/v2\/product\/60950","targetHints":{"allow":["GET"]}}],"collection":[{"href":"https:\/\/fh-staging.vengo.cloud\/de-ch\/wp-json\/wp\/v2\/product"}],"about":[{"href":"https:\/\/fh-staging.vengo.cloud\/de-ch\/wp-json\/wp\/v2\/types\/product"}],"wp:featuredmedia":[{"embeddable":true,"href":"https:\/\/fh-staging.vengo.cloud\/de-ch\/wp-json\/wp\/v2\/media\/60952"}],"wp:attachment":[{"href":"https:\/\/fh-staging.vengo.cloud\/de-ch\/wp-json\/wp\/v2\/media?parent=60950"}],"wp:term":[{"taxonomy":"product_brand","embeddable":true,"href":"https:\/\/fh-staging.vengo.cloud\/de-ch\/wp-json\/wp\/v2\/product_brand?post=60950"},{"taxonomy":"product_cat","embeddable":true,"href":"https:\/\/fh-staging.vengo.cloud\/de-ch\/wp-json\/wp\/v2\/product_cat?post=60950"},{"taxonomy":"product_tag","embeddable":true,"href":"https:\/\/fh-staging.vengo.cloud\/de-ch\/wp-json\/wp\/v2\/product_tag?post=60950"},{"taxonomy":"woo-feed-brand","embeddable":true,"href":"https:\/\/fh-staging.vengo.cloud\/de-ch\/wp-json\/wp\/v2\/woo-feed-brand?post=60950"}],"curies":[{"name":"wp","href":"https:\/\/api.w.org\/{rel}","templated":true}]}}