{"id":60244,"date":"2025-07-30T08:26:44","date_gmt":"2025-07-30T06:26:44","guid":{"rendered":"https:\/\/fh-staging.vengo.cloud\/fr-ch"},"modified":"2025-09-02T11:55:56","modified_gmt":"2025-09-02T09:55:56","slug":"blumenstrauss-mit-stabilisierter-rose-gelb","status":"publish","type":"product","link":"https:\/\/fh-staging.vengo.cloud\/de-ch\/p\/blumenstrauss-mit-stabilisierter-rose-gelb","title":{"rendered":"Blumenstrauss mit stabilisierter Rose, gelb"},"content":{"rendered":"<p>H\u00fcbscher kleiner Strauss aus getrockneten Blumen, begleitet von einer 100 % nat\u00fcrlichen, konservierten gelben Rose, die mehrere Jahre h\u00e4lt.<br \/>\nDer Strauss kann leicht vom Foto abweichen.<\/p>\n","protected":false},"excerpt":{"rendered":"<p>Strauss getrockneter Blumen mit einer konservierten Rose<\/p>\n","protected":false},"featured_media":60245,"template":"","meta":[],"product_brand":[],"product_cat":[23,102,26],"product_tag":[1135],"woo-feed-brand":[],"class_list":{"0":"post-60244","1":"product","2":"type-product","3":"status-publish","4":"has-post-thumbnail","6":"product_cat-home-living","7":"product_cat-infinity-rosen","8":"product_cat-blumen-pflanzen","9":"product_tag-mon-reve-fleuri","11":"first","12":"instock","13":"taxable","14":"shipping-taxable","15":"purchasable","16":"product-type-simple"},"_links":{"self":[{"href":"https:\/\/fh-staging.vengo.cloud\/de-ch\/wp-json\/wp\/v2\/product\/60244","targetHints":{"allow":["GET"]}}],"collection":[{"href":"https:\/\/fh-staging.vengo.cloud\/de-ch\/wp-json\/wp\/v2\/product"}],"about":[{"href":"https:\/\/fh-staging.vengo.cloud\/de-ch\/wp-json\/wp\/v2\/types\/product"}],"wp:featuredmedia":[{"embeddable":true,"href":"https:\/\/fh-staging.vengo.cloud\/de-ch\/wp-json\/wp\/v2\/media\/60245"}],"wp:attachment":[{"href":"https:\/\/fh-staging.vengo.cloud\/de-ch\/wp-json\/wp\/v2\/media?parent=60244"}],"wp:term":[{"taxonomy":"product_brand","embeddable":true,"href":"https:\/\/fh-staging.vengo.cloud\/de-ch\/wp-json\/wp\/v2\/product_brand?post=60244"},{"taxonomy":"product_cat","embeddable":true,"href":"https:\/\/fh-staging.vengo.cloud\/de-ch\/wp-json\/wp\/v2\/product_cat?post=60244"},{"taxonomy":"product_tag","embeddable":true,"href":"https:\/\/fh-staging.vengo.cloud\/de-ch\/wp-json\/wp\/v2\/product_tag?post=60244"},{"taxonomy":"woo-feed-brand","embeddable":true,"href":"https:\/\/fh-staging.vengo.cloud\/de-ch\/wp-json\/wp\/v2\/woo-feed-brand?post=60244"}],"curies":[{"name":"wp","href":"https:\/\/api.w.org\/{rel}","templated":true}]}}