{"id":60232,"date":"2025-07-30T08:26:45","date_gmt":"2025-07-30T06:26:45","guid":{"rendered":"https:\/\/fh-staging.vengo.cloud\/fr-ch"},"modified":"2025-09-02T11:55:34","modified_gmt":"2025-09-02T09:55:34","slug":"strauss-mit-3-stabilisierten-rosen-hellblau","status":"publish","type":"product","link":"https:\/\/fh-staging.vengo.cloud\/de-ch\/p\/strauss-mit-3-stabilisierten-rosen-hellblau","title":{"rendered":"Strauss mit 3 stabilisierten Rosen, hellblau"},"content":{"rendered":"<p>Sch\u00f6ner Strauss aus hellblauen, 100 % nat\u00fcrlichen und mehrere Jahre haltbaren konservierten Rosen, begleitet von konservierten Trockenblumen und Gr\u00fcnpflanzen.<br \/>\nDie kleinen Trockenblumen und Gr\u00fcnpflanzen k\u00f6nnen leicht vom Foto abweichen.<\/p>\n","protected":false},"excerpt":{"rendered":"<p>Strauss mit 3 stabilisierten, hellblauen Rosen<\/p>\n","protected":false},"featured_media":60233,"template":"","meta":[],"product_brand":[],"product_cat":[102,23,26],"product_tag":[1135],"woo-feed-brand":[],"class_list":{"0":"post-60232","1":"product","2":"type-product","3":"status-publish","4":"has-post-thumbnail","6":"product_cat-infinity-rosen","7":"product_cat-home-living","8":"product_cat-blumen-pflanzen","9":"product_tag-mon-reve-fleuri","11":"first","12":"instock","13":"taxable","14":"shipping-taxable","15":"purchasable","16":"product-type-simple"},"_links":{"self":[{"href":"https:\/\/fh-staging.vengo.cloud\/de-ch\/wp-json\/wp\/v2\/product\/60232","targetHints":{"allow":["GET"]}}],"collection":[{"href":"https:\/\/fh-staging.vengo.cloud\/de-ch\/wp-json\/wp\/v2\/product"}],"about":[{"href":"https:\/\/fh-staging.vengo.cloud\/de-ch\/wp-json\/wp\/v2\/types\/product"}],"wp:featuredmedia":[{"embeddable":true,"href":"https:\/\/fh-staging.vengo.cloud\/de-ch\/wp-json\/wp\/v2\/media\/60233"}],"wp:attachment":[{"href":"https:\/\/fh-staging.vengo.cloud\/de-ch\/wp-json\/wp\/v2\/media?parent=60232"}],"wp:term":[{"taxonomy":"product_brand","embeddable":true,"href":"https:\/\/fh-staging.vengo.cloud\/de-ch\/wp-json\/wp\/v2\/product_brand?post=60232"},{"taxonomy":"product_cat","embeddable":true,"href":"https:\/\/fh-staging.vengo.cloud\/de-ch\/wp-json\/wp\/v2\/product_cat?post=60232"},{"taxonomy":"product_tag","embeddable":true,"href":"https:\/\/fh-staging.vengo.cloud\/de-ch\/wp-json\/wp\/v2\/product_tag?post=60232"},{"taxonomy":"woo-feed-brand","embeddable":true,"href":"https:\/\/fh-staging.vengo.cloud\/de-ch\/wp-json\/wp\/v2\/woo-feed-brand?post=60232"}],"curies":[{"name":"wp","href":"https:\/\/api.w.org\/{rel}","templated":true}]}}