{"id":59868,"date":"2025-08-11T13:40:49","date_gmt":"2025-08-11T11:40:49","guid":{"rendered":"https:\/\/fh-staging.vengo.cloud\/de-ch\/p\/strickdecke-tierzoo"},"modified":"2025-09-22T15:50:50","modified_gmt":"2025-09-22T13:50:50","slug":"strickdecke-tierzoo","status":"publish","type":"product","link":"https:\/\/fh-staging.vengo.cloud\/de-ch\/p\/strickdecke-tierzoo","title":{"rendered":"Strickdecke Tierzoo"},"content":{"rendered":"<p>Unsere Kinderartikel werden von Universal Knitwears in der Stadt Kundli in Indien handgefertigt. Das Unternehmen besitzt eine GOTS-Zertifizierung. S\u00e4mtliche Bereiche m\u00fcssen nach strengen \u00f6kologischen und sozialen Kriterien zertifiziert sein, damit das Endprodukt das GOTS-Siegel tragen darf. Das Unternehmen ist sich seiner Verantwortung gegen\u00fcber seinen Mitarbeitenden, der Umwelt und der Gesellschaft bewusst. Pflegehinweise: Handw\u00e4sche, nicht im Trockner trocknen.<\/p>\n","protected":false},"excerpt":{"rendered":"<p>Decke aus 100% Bio-Baumwolle<\/p>\n","protected":false},"featured_media":59867,"template":"","meta":[],"product_brand":[],"product_cat":[60,59,64],"product_tag":[1134],"woo-feed-brand":[],"class_list":{"0":"post-59868","1":"product","2":"type-product","3":"status-publish","4":"has-post-thumbnail","6":"product_cat-kindertextilien","7":"product_cat-kids","8":"product_cat-kinderzimmer-deko","9":"product_tag-changemaker","11":"first","12":"instock","13":"taxable","14":"shipping-taxable","15":"purchasable","16":"product-type-simple"},"_links":{"self":[{"href":"https:\/\/fh-staging.vengo.cloud\/de-ch\/wp-json\/wp\/v2\/product\/59868","targetHints":{"allow":["GET"]}}],"collection":[{"href":"https:\/\/fh-staging.vengo.cloud\/de-ch\/wp-json\/wp\/v2\/product"}],"about":[{"href":"https:\/\/fh-staging.vengo.cloud\/de-ch\/wp-json\/wp\/v2\/types\/product"}],"wp:featuredmedia":[{"embeddable":true,"href":"https:\/\/fh-staging.vengo.cloud\/de-ch\/wp-json\/wp\/v2\/media\/59867"}],"wp:attachment":[{"href":"https:\/\/fh-staging.vengo.cloud\/de-ch\/wp-json\/wp\/v2\/media?parent=59868"}],"wp:term":[{"taxonomy":"product_brand","embeddable":true,"href":"https:\/\/fh-staging.vengo.cloud\/de-ch\/wp-json\/wp\/v2\/product_brand?post=59868"},{"taxonomy":"product_cat","embeddable":true,"href":"https:\/\/fh-staging.vengo.cloud\/de-ch\/wp-json\/wp\/v2\/product_cat?post=59868"},{"taxonomy":"product_tag","embeddable":true,"href":"https:\/\/fh-staging.vengo.cloud\/de-ch\/wp-json\/wp\/v2\/product_tag?post=59868"},{"taxonomy":"woo-feed-brand","embeddable":true,"href":"https:\/\/fh-staging.vengo.cloud\/de-ch\/wp-json\/wp\/v2\/woo-feed-brand?post=59868"}],"curies":[{"name":"wp","href":"https:\/\/api.w.org\/{rel}","templated":true}]}}