{"id":59844,"date":"2025-08-11T13:40:51","date_gmt":"2025-08-11T11:40:51","guid":{"rendered":"https:\/\/fh-staging.vengo.cloud\/de-ch\/p\/bewaesserungskegel-olla-orange-hellblau"},"modified":"2025-09-22T15:52:45","modified_gmt":"2025-09-22T13:52:45","slug":"bewaesserungskegel-olla-orange-hellblau","status":"publish","type":"product","link":"https:\/\/fh-staging.vengo.cloud\/de-ch\/p\/bewaesserungskegel-olla-orange-hellblau","title":{"rendered":"Bew\u00e4sserungskegel Olla Orange\/Hellblau"},"content":{"rendered":"<p>Der Bew\u00e4sserungskegel Olla besteht aus mikropor\u00f6ser Keramik, welche auf nat\u00fcrliche Weise den Wasserfluss je nach Bedarf der einzelnen Pflanzen reguliert und sie so mit optimaler Feuchtigkeit versorgt. Den Olla einfach in die Erde stecken, mit Wasser auff\u00fcllen und den Pflanzen beim Wachsen zusehen.<\/p>\n","protected":false},"excerpt":{"rendered":"<p>Bew\u00e4sserungskegel aus Keramik mit Korkverschluss<\/p>\n","protected":false},"featured_media":59843,"template":"","meta":[],"product_brand":[],"product_cat":[521,23,34,35],"product_tag":[1134],"woo-feed-brand":[],"class_list":{"0":"post-59844","1":"product","2":"type-product","3":"status-publish","4":"has-post-thumbnail","6":"product_cat-bewaesserung","7":"product_cat-home-living","8":"product_cat-garten-balkon","9":"product_cat-gartendeko","10":"product_tag-changemaker","12":"first","13":"instock","14":"taxable","15":"shipping-taxable","16":"purchasable","17":"product-type-simple"},"_links":{"self":[{"href":"https:\/\/fh-staging.vengo.cloud\/de-ch\/wp-json\/wp\/v2\/product\/59844","targetHints":{"allow":["GET"]}}],"collection":[{"href":"https:\/\/fh-staging.vengo.cloud\/de-ch\/wp-json\/wp\/v2\/product"}],"about":[{"href":"https:\/\/fh-staging.vengo.cloud\/de-ch\/wp-json\/wp\/v2\/types\/product"}],"wp:featuredmedia":[{"embeddable":true,"href":"https:\/\/fh-staging.vengo.cloud\/de-ch\/wp-json\/wp\/v2\/media\/59843"}],"wp:attachment":[{"href":"https:\/\/fh-staging.vengo.cloud\/de-ch\/wp-json\/wp\/v2\/media?parent=59844"}],"wp:term":[{"taxonomy":"product_brand","embeddable":true,"href":"https:\/\/fh-staging.vengo.cloud\/de-ch\/wp-json\/wp\/v2\/product_brand?post=59844"},{"taxonomy":"product_cat","embeddable":true,"href":"https:\/\/fh-staging.vengo.cloud\/de-ch\/wp-json\/wp\/v2\/product_cat?post=59844"},{"taxonomy":"product_tag","embeddable":true,"href":"https:\/\/fh-staging.vengo.cloud\/de-ch\/wp-json\/wp\/v2\/product_tag?post=59844"},{"taxonomy":"woo-feed-brand","embeddable":true,"href":"https:\/\/fh-staging.vengo.cloud\/de-ch\/wp-json\/wp\/v2\/woo-feed-brand?post=59844"}],"curies":[{"name":"wp","href":"https:\/\/api.w.org\/{rel}","templated":true}]}}