{"id":59793,"date":"2025-08-11T13:40:55","date_gmt":"2025-08-11T11:40:55","guid":{"rendered":"https:\/\/fh-staging.vengo.cloud\/de-ch\/p\/kerzenhalter-gross-hammered-messing"},"modified":"2026-01-12T13:52:51","modified_gmt":"2026-01-12T12:52:51","slug":"kerzenhalter-gross-hammered-messing","status":"publish","type":"product","link":"https:\/\/fh-staging.vengo.cloud\/de-ch\/p\/kerzenhalter-gross-hammered-messing","title":{"rendered":"Kerzenhalter gross Hammered Messing"},"content":{"rendered":"<p>Der Kerzenhalter aus der Changemaker Eigenkollektion wird von Tara Projects in Handarbeit hergestellt. Das Unternehmen unterst\u00fctzt lokale Kooperativen, Genossenschaften und Familienunternehmen, damit diese ihre Produkte unter menschenw\u00fcrdigen Bedingungen produzieren und zu fairen Preisen auf dem Weltmarkt verkaufen k\u00f6nnen. Ausserdem setzt sich Tara Projects gezielt gegen Kinderarbeit ein.<\/p>\n","protected":false},"excerpt":{"rendered":"<p>Kerzenhalter aus Messing<\/p>\n","protected":false},"featured_media":59792,"template":"","meta":[],"product_brand":[],"product_cat":[104,23,1000,999,909,1179,911,28],"product_tag":[1134],"woo-feed-brand":[],"class_list":{"0":"post-59793","1":"product","2":"type-product","3":"status-publish","4":"has-post-thumbnail","6":"product_cat-kerzenhalter","7":"product_cat-home-living","8":"product_cat-valentinstagsdeko","9":"product_cat-valentinstag","10":"product_cat-weihnachten","11":"product_cat-weihnachtsdeko","12":"product_cat-accessoires","13":"product_cat-kerzen-lichter","14":"product_tag-changemaker","16":"first","17":"instock","18":"taxable","19":"shipping-taxable","20":"purchasable","21":"product-type-simple"},"_links":{"self":[{"href":"https:\/\/fh-staging.vengo.cloud\/de-ch\/wp-json\/wp\/v2\/product\/59793","targetHints":{"allow":["GET"]}}],"collection":[{"href":"https:\/\/fh-staging.vengo.cloud\/de-ch\/wp-json\/wp\/v2\/product"}],"about":[{"href":"https:\/\/fh-staging.vengo.cloud\/de-ch\/wp-json\/wp\/v2\/types\/product"}],"wp:featuredmedia":[{"embeddable":true,"href":"https:\/\/fh-staging.vengo.cloud\/de-ch\/wp-json\/wp\/v2\/media\/59792"}],"wp:attachment":[{"href":"https:\/\/fh-staging.vengo.cloud\/de-ch\/wp-json\/wp\/v2\/media?parent=59793"}],"wp:term":[{"taxonomy":"product_brand","embeddable":true,"href":"https:\/\/fh-staging.vengo.cloud\/de-ch\/wp-json\/wp\/v2\/product_brand?post=59793"},{"taxonomy":"product_cat","embeddable":true,"href":"https:\/\/fh-staging.vengo.cloud\/de-ch\/wp-json\/wp\/v2\/product_cat?post=59793"},{"taxonomy":"product_tag","embeddable":true,"href":"https:\/\/fh-staging.vengo.cloud\/de-ch\/wp-json\/wp\/v2\/product_tag?post=59793"},{"taxonomy":"woo-feed-brand","embeddable":true,"href":"https:\/\/fh-staging.vengo.cloud\/de-ch\/wp-json\/wp\/v2\/woo-feed-brand?post=59793"}],"curies":[{"name":"wp","href":"https:\/\/api.w.org\/{rel}","templated":true}]}}