{"id":59787,"date":"2025-08-11T13:40:56","date_gmt":"2025-08-11T11:40:56","guid":{"rendered":"https:\/\/fh-staging.vengo.cloud\/de-ch\/p\/kerzenstaender-klein-marmor"},"modified":"2025-12-10T09:44:30","modified_gmt":"2025-12-10T08:44:30","slug":"kerzenstaender-klein-marmor","status":"publish","type":"product","link":"https:\/\/fh-staging.vengo.cloud\/de-ch\/p\/kerzenstaender-klein-marmor","title":{"rendered":"Kerzenst\u00e4nder klein Marmor"},"content":{"rendered":"<p>Der Kerzenst\u00e4nder wurde von Kunsthandwerkenden in Agra aus hochwertigem Marmor gefertigt. Das Wissen wird von Generation zu Generation weitergegeben und ist die Haupteinnahmequelle f\u00fcr die Menschen in Agra. Mit dem Kauf dieser einzigartigen Steine unterst\u00fctzt du traditionelles Handwerk und die Personen, die dieses Kulturerbe f\u00f6rdern. Unser Produzent metta muse hat es sich zur Aufgabe gemacht, wirtschaftliche Unabh\u00e4ngigkeit sowie soziales Wohlergehen der Handwerksgemeinschaften zu f\u00f6rdern.<\/p>\n","protected":false},"excerpt":{"rendered":"<p>Kerzenst\u00e4nder aus Marmor<\/p>\n","protected":false},"featured_media":59786,"template":"","meta":[],"product_brand":[],"product_cat":[104,23,984,994,28],"product_tag":[1134],"woo-feed-brand":[],"class_list":{"0":"post-59787","1":"product","2":"type-product","3":"status-publish","4":"has-post-thumbnail","6":"product_cat-kerzenhalter","7":"product_cat-home-living","8":"product_cat-silvester","9":"product_cat-silvestertisch","10":"product_cat-kerzen-lichter","11":"product_tag-changemaker","13":"first","14":"instock","15":"taxable","16":"shipping-taxable","17":"purchasable","18":"product-type-simple"},"_links":{"self":[{"href":"https:\/\/fh-staging.vengo.cloud\/de-ch\/wp-json\/wp\/v2\/product\/59787","targetHints":{"allow":["GET"]}}],"collection":[{"href":"https:\/\/fh-staging.vengo.cloud\/de-ch\/wp-json\/wp\/v2\/product"}],"about":[{"href":"https:\/\/fh-staging.vengo.cloud\/de-ch\/wp-json\/wp\/v2\/types\/product"}],"wp:featuredmedia":[{"embeddable":true,"href":"https:\/\/fh-staging.vengo.cloud\/de-ch\/wp-json\/wp\/v2\/media\/59786"}],"wp:attachment":[{"href":"https:\/\/fh-staging.vengo.cloud\/de-ch\/wp-json\/wp\/v2\/media?parent=59787"}],"wp:term":[{"taxonomy":"product_brand","embeddable":true,"href":"https:\/\/fh-staging.vengo.cloud\/de-ch\/wp-json\/wp\/v2\/product_brand?post=59787"},{"taxonomy":"product_cat","embeddable":true,"href":"https:\/\/fh-staging.vengo.cloud\/de-ch\/wp-json\/wp\/v2\/product_cat?post=59787"},{"taxonomy":"product_tag","embeddable":true,"href":"https:\/\/fh-staging.vengo.cloud\/de-ch\/wp-json\/wp\/v2\/product_tag?post=59787"},{"taxonomy":"woo-feed-brand","embeddable":true,"href":"https:\/\/fh-staging.vengo.cloud\/de-ch\/wp-json\/wp\/v2\/woo-feed-brand?post=59787"}],"curies":[{"name":"wp","href":"https:\/\/api.w.org\/{rel}","templated":true}]}}