{"id":59778,"date":"2025-08-11T13:40:57","date_gmt":"2025-08-11T11:40:57","guid":{"rendered":"https:\/\/fh-staging.vengo.cloud\/de-ch\/p\/universaltuch-mixed-stripes-blau-gelb"},"modified":"2025-09-22T15:57:01","modified_gmt":"2025-09-22T13:57:01","slug":"universaltuch-mixed-stripes-blau-gelb","status":"publish","type":"product","link":"https:\/\/fh-staging.vengo.cloud\/de-ch\/p\/universaltuch-mixed-stripes-blau-gelb","title":{"rendered":"Universaltuch Mixed Stripes Blau\/Gelb"},"content":{"rendered":"<p>Praktisches, in Handarbeit gewobenes Universaltuch aus Bio-Baumwolle. Die Fransen werden einzeln von Hand gedreht. Unser Produzent m\u00f6chte den Weberinnen eine nachhaltige Lebensgrundlage bieten. Viele der Frauen haben noch nie zuvor gewebt, weshalb man ihnen Schulungen anbietet. Dort, wo Frauen als \u201cSchattenweberinnen\u201d t\u00e4tig waren und die Arbeit von m\u00e4nnlichen Familienmitgliedern erg\u00e4nzt haben, schafft WomenWeave M\u00f6glichkeiten f\u00fcr sie, mehr Kontrolle \u00fcber ihre Arbeit zu gewinnen und f\u00fcr ihre Arbeit anerkannt zu werden, sowie ihre F\u00e4higkeiten zu verbessern. Die Gr\u00fcndungsvision ist es, Frauen vor Ort zu einem besseren Leben zu verhelfen, indem sichergestellt wird, dass das Handweben f\u00fcr sie eine profitable, nachhaltige, erf\u00fcllende und w\u00fcrdige Form des Lebensunterhalts ist.<\/p>\n","protected":false},"excerpt":{"rendered":"<p>Universaltuch aus 100% Bio-Baumwolle<\/p>\n","protected":false},"featured_media":59777,"template":"","meta":[],"product_brand":[],"product_cat":[31,23,48,50],"product_tag":[1134],"woo-feed-brand":[],"class_list":{"0":"post-59778","1":"product","2":"type-product","3":"status-publish","4":"has-post-thumbnail","6":"product_cat-heimtextilien","7":"product_cat-home-living","8":"product_cat-bad-wellness","9":"product_cat-badezubehoer","10":"product_tag-changemaker","12":"first","13":"instock","14":"taxable","15":"shipping-taxable","16":"purchasable","17":"product-type-simple"},"_links":{"self":[{"href":"https:\/\/fh-staging.vengo.cloud\/de-ch\/wp-json\/wp\/v2\/product\/59778","targetHints":{"allow":["GET"]}}],"collection":[{"href":"https:\/\/fh-staging.vengo.cloud\/de-ch\/wp-json\/wp\/v2\/product"}],"about":[{"href":"https:\/\/fh-staging.vengo.cloud\/de-ch\/wp-json\/wp\/v2\/types\/product"}],"wp:featuredmedia":[{"embeddable":true,"href":"https:\/\/fh-staging.vengo.cloud\/de-ch\/wp-json\/wp\/v2\/media\/59777"}],"wp:attachment":[{"href":"https:\/\/fh-staging.vengo.cloud\/de-ch\/wp-json\/wp\/v2\/media?parent=59778"}],"wp:term":[{"taxonomy":"product_brand","embeddable":true,"href":"https:\/\/fh-staging.vengo.cloud\/de-ch\/wp-json\/wp\/v2\/product_brand?post=59778"},{"taxonomy":"product_cat","embeddable":true,"href":"https:\/\/fh-staging.vengo.cloud\/de-ch\/wp-json\/wp\/v2\/product_cat?post=59778"},{"taxonomy":"product_tag","embeddable":true,"href":"https:\/\/fh-staging.vengo.cloud\/de-ch\/wp-json\/wp\/v2\/product_tag?post=59778"},{"taxonomy":"woo-feed-brand","embeddable":true,"href":"https:\/\/fh-staging.vengo.cloud\/de-ch\/wp-json\/wp\/v2\/woo-feed-brand?post=59778"}],"curies":[{"name":"wp","href":"https:\/\/api.w.org\/{rel}","templated":true}]}}