{"id":59754,"date":"2025-08-11T13:41:00","date_gmt":"2025-08-11T11:41:00","guid":{"rendered":"https:\/\/fh-staging.vengo.cloud\/de-ch\/p\/tortenplatte-akazie-s"},"modified":"2025-11-18T13:19:48","modified_gmt":"2025-11-18T12:19:48","slug":"tortenplatte-akazie-s","status":"publish","type":"product","link":"https:\/\/fh-staging.vengo.cloud\/de-ch\/p\/tortenplatte-akazie-s","title":{"rendered":"Tortenplatte Akazie S"},"content":{"rendered":"<p>Die Tortenplatten der Changemaker-Eigenkollektion wurden Inhouse entwickelt und designt. Unser Produzent MESH ist eine indische Fair Trade Organisation, die beeintr\u00e4chtigte und leprakranke Menschen in der Herstellung von Handwerkartikeln unterst\u00fctzt, sie ausbildet und somit f\u00fcr ihre soziale und wirtschaftlich unabh\u00e4ngige Integration in die Gesellschaft sorgt.<\/p>\n","protected":false},"excerpt":{"rendered":"<p>Platte aus Akazienholz<\/p>\n","protected":false},"featured_media":68402,"template":"","meta":[],"product_brand":[],"product_cat":[1107,23,1190,909,1179,911,30,42,1104,43],"product_tag":[1134],"woo-feed-brand":[],"class_list":{"0":"post-59754","1":"product","2":"type-product","3":"status-publish","4":"has-post-thumbnail","6":"product_cat-etageren","7":"product_cat-home-living","8":"product_cat-dekoobjekte","9":"product_cat-weihnachten","10":"product_cat-weihnachtsdeko","11":"product_cat-accessoires","12":"product_cat-deko-accessoires","13":"product_cat-kueche","14":"product_cat-tischakzente","15":"product_cat-gedeckter-tisch","16":"product_tag-changemaker","18":"first","19":"instock","20":"featured","21":"taxable","22":"shipping-taxable","23":"purchasable","24":"product-type-simple"},"_links":{"self":[{"href":"https:\/\/fh-staging.vengo.cloud\/de-ch\/wp-json\/wp\/v2\/product\/59754","targetHints":{"allow":["GET"]}}],"collection":[{"href":"https:\/\/fh-staging.vengo.cloud\/de-ch\/wp-json\/wp\/v2\/product"}],"about":[{"href":"https:\/\/fh-staging.vengo.cloud\/de-ch\/wp-json\/wp\/v2\/types\/product"}],"wp:featuredmedia":[{"embeddable":true,"href":"https:\/\/fh-staging.vengo.cloud\/de-ch\/wp-json\/wp\/v2\/media\/68402"}],"wp:attachment":[{"href":"https:\/\/fh-staging.vengo.cloud\/de-ch\/wp-json\/wp\/v2\/media?parent=59754"}],"wp:term":[{"taxonomy":"product_brand","embeddable":true,"href":"https:\/\/fh-staging.vengo.cloud\/de-ch\/wp-json\/wp\/v2\/product_brand?post=59754"},{"taxonomy":"product_cat","embeddable":true,"href":"https:\/\/fh-staging.vengo.cloud\/de-ch\/wp-json\/wp\/v2\/product_cat?post=59754"},{"taxonomy":"product_tag","embeddable":true,"href":"https:\/\/fh-staging.vengo.cloud\/de-ch\/wp-json\/wp\/v2\/product_tag?post=59754"},{"taxonomy":"woo-feed-brand","embeddable":true,"href":"https:\/\/fh-staging.vengo.cloud\/de-ch\/wp-json\/wp\/v2\/woo-feed-brand?post=59754"}],"curies":[{"name":"wp","href":"https:\/\/api.w.org\/{rel}","templated":true}]}}