{"id":59728,"date":"2025-08-11T13:41:02","date_gmt":"2025-08-11T11:41:02","guid":{"rendered":"https:\/\/fh-staging.vengo.cloud\/de-ch\/p\/marmor-eissteine-6er-set"},"modified":"2025-12-10T11:04:16","modified_gmt":"2025-12-10T10:04:16","slug":"marmor-eissteine-6er-set","status":"publish","type":"product","link":"https:\/\/fh-staging.vengo.cloud\/de-ch\/p\/marmor-eissteine-6er-set","title":{"rendered":"Marmor Eissteine 6er-Set"},"content":{"rendered":"<p>Das Set wiederverwendbarer Eissteine wurde von Kunsthandwerkenden in Agra aus hochwertigem Marmor gefertigt. Das Wissen wird von Generation zu Generation weitergegeben und ist die Haupteinnahmequelle f\u00fcr die Menschen in Agra. Mit dem Kauf dieser einzigartigen Steine unterst\u00fctzt du traditionelles Handwerk und die Personen, die dieses Kulturerbe f\u00f6rdern. Unser Produzent metta muse hat es sich zur Aufgabe gemacht, wirtschaftliche Unabh\u00e4ngigkeit sowie soziales Wohlergehen der Handwerksgemeinschaften zu f\u00f6rdern.<\/p>\n","protected":false},"excerpt":{"rendered":"<p>Eissteine aus Marmor, 6 St\u00fcck \u00e0 2x2x2cm<\/p>\n","protected":false},"featured_media":59727,"template":"","meta":[],"product_brand":[],"product_cat":[1103,984,994,1208,909,915,42,1101,43],"product_tag":[1134],"woo-feed-brand":[],"class_list":{"0":"post-59728","1":"product","2":"type-product","3":"status-publish","4":"has-post-thumbnail","6":"product_cat-trinken","7":"product_cat-silvester","8":"product_cat-silvestertisch","9":"product_cat-ueber-25-chf","10":"product_cat-weihnachten","11":"product_cat-wichteln","12":"product_cat-kueche","13":"product_cat-geschirr","14":"product_cat-gedeckter-tisch","15":"product_tag-changemaker","17":"first","18":"instock","19":"taxable","20":"shipping-taxable","21":"purchasable","22":"product-type-simple"},"_links":{"self":[{"href":"https:\/\/fh-staging.vengo.cloud\/de-ch\/wp-json\/wp\/v2\/product\/59728","targetHints":{"allow":["GET"]}}],"collection":[{"href":"https:\/\/fh-staging.vengo.cloud\/de-ch\/wp-json\/wp\/v2\/product"}],"about":[{"href":"https:\/\/fh-staging.vengo.cloud\/de-ch\/wp-json\/wp\/v2\/types\/product"}],"wp:featuredmedia":[{"embeddable":true,"href":"https:\/\/fh-staging.vengo.cloud\/de-ch\/wp-json\/wp\/v2\/media\/59727"}],"wp:attachment":[{"href":"https:\/\/fh-staging.vengo.cloud\/de-ch\/wp-json\/wp\/v2\/media?parent=59728"}],"wp:term":[{"taxonomy":"product_brand","embeddable":true,"href":"https:\/\/fh-staging.vengo.cloud\/de-ch\/wp-json\/wp\/v2\/product_brand?post=59728"},{"taxonomy":"product_cat","embeddable":true,"href":"https:\/\/fh-staging.vengo.cloud\/de-ch\/wp-json\/wp\/v2\/product_cat?post=59728"},{"taxonomy":"product_tag","embeddable":true,"href":"https:\/\/fh-staging.vengo.cloud\/de-ch\/wp-json\/wp\/v2\/product_tag?post=59728"},{"taxonomy":"woo-feed-brand","embeddable":true,"href":"https:\/\/fh-staging.vengo.cloud\/de-ch\/wp-json\/wp\/v2\/woo-feed-brand?post=59728"}],"curies":[{"name":"wp","href":"https:\/\/api.w.org\/{rel}","templated":true}]}}