{"id":59688,"date":"2025-08-11T13:41:04","date_gmt":"2025-08-11T11:41:04","guid":{"rendered":"https:\/\/fh-staging.vengo.cloud\/de-ch\/p\/teller-klein-sea-foam"},"modified":"2025-09-22T16:01:22","modified_gmt":"2025-09-22T14:01:22","slug":"teller-klein-sea-foam","status":"publish","type":"product","link":"https:\/\/fh-staging.vengo.cloud\/de-ch\/p\/teller-klein-sea-foam","title":{"rendered":"Teller klein Sea Foam"},"content":{"rendered":"<p>Unsere erste Geschirrkollektion entstand in Zusammenarbeit mit dem Keramikproduzenten Sudipta Saha und metta. Der talentierte Jungunternehmer Sudipta Saha aus einem Dorf in der N\u00e4he zu Bangladesch verfolgte leidenschaftlich sein Ziel, hochwertige und nachhaltige Keramikprodukte herzustellen. Nach seinem Master-Abschluss in Keramik und harter Arbeit in seinem Heimatelier, kollaboriert er nun mit Herrn Lakhani in Kolkata. Diese Zusammenarbeit bietet Zugang zu Maschinen, Platz und Arbeitskr\u00e4ften f\u00fcr die gesamte Keramikproduktion, wodurch der \u00f6kologische Fussabdruck erheblich reduziert wird. Die Materialien werden von einheimischen Handwerkenden hergestellt, was nachhaltige Lebensgrundlagen schafft. Eine Mitarbeiterin wird derzeit geschult, weitere Frauen sollen folgen. Die Zusammenarbeit mit Organisationen wie Metta Muse und Changemaker soll die Ausbildung lokaler Frauen zu Keramikerinnen f\u00f6rdern und ihnen Respekt, W\u00fcrde und nachhaltigen Lebensunterhalt bieten. Sudiptas Engagement und die St\u00e4rkung der lokalen Gemeinschaft sind der Schl\u00fcssel zum Aufbau eines ganzheitlichen und inklusiven \u00d6kosystems in einer Region, die wenig Bekanntheit f\u00fcr Keramik hat.<\/p>\n<p>HINWEIS: Da jedes St\u00fcck von Hand gefertigt wird, ist kein St\u00fcck wie das andere. Es kann Unreinheiten oder Farbunterschiede geben. Die Unterseite ist nicht glasiert und kann Unebenheiten aufweisen.<\/p>\n","protected":false},"excerpt":{"rendered":"<p>Teller aus Keramik<\/p>\n","protected":false},"featured_media":59687,"template":"","meta":[],"product_brand":[],"product_cat":[1102,42,1101,43],"product_tag":[1134],"woo-feed-brand":[],"class_list":{"0":"post-59688","1":"product","2":"type-product","3":"status-publish","4":"has-post-thumbnail","6":"product_cat-essen","7":"product_cat-kueche","8":"product_cat-geschirr","9":"product_cat-gedeckter-tisch","10":"product_tag-changemaker","12":"first","13":"instock","14":"taxable","15":"shipping-taxable","16":"purchasable","17":"product-type-simple"},"_links":{"self":[{"href":"https:\/\/fh-staging.vengo.cloud\/de-ch\/wp-json\/wp\/v2\/product\/59688","targetHints":{"allow":["GET"]}}],"collection":[{"href":"https:\/\/fh-staging.vengo.cloud\/de-ch\/wp-json\/wp\/v2\/product"}],"about":[{"href":"https:\/\/fh-staging.vengo.cloud\/de-ch\/wp-json\/wp\/v2\/types\/product"}],"wp:featuredmedia":[{"embeddable":true,"href":"https:\/\/fh-staging.vengo.cloud\/de-ch\/wp-json\/wp\/v2\/media\/59687"}],"wp:attachment":[{"href":"https:\/\/fh-staging.vengo.cloud\/de-ch\/wp-json\/wp\/v2\/media?parent=59688"}],"wp:term":[{"taxonomy":"product_brand","embeddable":true,"href":"https:\/\/fh-staging.vengo.cloud\/de-ch\/wp-json\/wp\/v2\/product_brand?post=59688"},{"taxonomy":"product_cat","embeddable":true,"href":"https:\/\/fh-staging.vengo.cloud\/de-ch\/wp-json\/wp\/v2\/product_cat?post=59688"},{"taxonomy":"product_tag","embeddable":true,"href":"https:\/\/fh-staging.vengo.cloud\/de-ch\/wp-json\/wp\/v2\/product_tag?post=59688"},{"taxonomy":"woo-feed-brand","embeddable":true,"href":"https:\/\/fh-staging.vengo.cloud\/de-ch\/wp-json\/wp\/v2\/woo-feed-brand?post=59688"}],"curies":[{"name":"wp","href":"https:\/\/api.w.org\/{rel}","templated":true}]}}