{"id":58752,"date":"2025-07-01T12:02:48","date_gmt":"2025-07-01T10:02:48","guid":{"rendered":"https:\/\/fh-staging.vengo.cloud\/de-ch\/p\/lichterkette-firefly-solar-strings-200-led"},"modified":"2025-10-16T09:03:06","modified_gmt":"2025-10-16T07:03:06","slug":"lichterkette-firefly-solar-strings-200-led","status":"publish","type":"product","link":"https:\/\/fh-staging.vengo.cloud\/de-ch\/p\/lichterkette-firefly-solar-strings-200-led","title":{"rendered":"Lichterkette Firefly Solar Strings 200 LED"},"content":{"rendered":"<p>Ideal f\u00fcr die Dekoration von Gartenelementen, Str\u00e4uchern, Spalieren, Sonnenschirmen und Hauseing\u00e4ngen. L\u00e4dt sich im direkten Sonnenlicht auf. Leuchtet automatisch in der Nacht.<\/p>\n","protected":false},"excerpt":{"rendered":"<p>Ideal f\u00fcr die Dekoration von Gartenelementen, Str\u00e4uchern, Spalieren, Sonnenschirmen und Hauseing\u00e4ngen.<\/p>\n","protected":false},"featured_media":59038,"template":"","meta":[],"product_brand":[],"product_cat":[108,23,980,909,28,34,35],"product_tag":[973],"woo-feed-brand":[],"class_list":{"0":"post-58752","1":"product","2":"type-product","3":"status-publish","4":"has-post-thumbnail","6":"product_cat-lichterketten-laternen","7":"product_cat-home-living","8":"product_cat-lichterketten","9":"product_cat-weihnachten","10":"product_cat-kerzen-lichter","11":"product_cat-garten-balkon","12":"product_cat-gartendeko","13":"product_tag-samen-mauser","15":"first","16":"instock","17":"taxable","18":"shipping-taxable","19":"purchasable","20":"product-type-simple"},"_links":{"self":[{"href":"https:\/\/fh-staging.vengo.cloud\/de-ch\/wp-json\/wp\/v2\/product\/58752","targetHints":{"allow":["GET"]}}],"collection":[{"href":"https:\/\/fh-staging.vengo.cloud\/de-ch\/wp-json\/wp\/v2\/product"}],"about":[{"href":"https:\/\/fh-staging.vengo.cloud\/de-ch\/wp-json\/wp\/v2\/types\/product"}],"wp:featuredmedia":[{"embeddable":true,"href":"https:\/\/fh-staging.vengo.cloud\/de-ch\/wp-json\/wp\/v2\/media\/59038"}],"wp:attachment":[{"href":"https:\/\/fh-staging.vengo.cloud\/de-ch\/wp-json\/wp\/v2\/media?parent=58752"}],"wp:term":[{"taxonomy":"product_brand","embeddable":true,"href":"https:\/\/fh-staging.vengo.cloud\/de-ch\/wp-json\/wp\/v2\/product_brand?post=58752"},{"taxonomy":"product_cat","embeddable":true,"href":"https:\/\/fh-staging.vengo.cloud\/de-ch\/wp-json\/wp\/v2\/product_cat?post=58752"},{"taxonomy":"product_tag","embeddable":true,"href":"https:\/\/fh-staging.vengo.cloud\/de-ch\/wp-json\/wp\/v2\/product_tag?post=58752"},{"taxonomy":"woo-feed-brand","embeddable":true,"href":"https:\/\/fh-staging.vengo.cloud\/de-ch\/wp-json\/wp\/v2\/woo-feed-brand?post=58752"}],"curies":[{"name":"wp","href":"https:\/\/api.w.org\/{rel}","templated":true}]}}