{"id":58739,"date":"2025-07-01T12:02:44","date_gmt":"2025-07-01T10:02:44","guid":{"rendered":"https:\/\/fh-staging.vengo.cloud\/de-ch\/p\/solarlaterne-damasquettes-gold"},"modified":"2025-08-05T10:43:17","modified_gmt":"2025-08-05T08:43:17","slug":"solarlaterne-damasquettes-gold","status":"publish","type":"product","link":"https:\/\/fh-staging.vengo.cloud\/de-ch\/p\/solarlaterne-damasquettes-gold","title":{"rendered":"Solarlaterne Damasquettes Gold"},"content":{"rendered":"<p>Tauche deinen Aussenbereich in ein superhelles Licht mit unserer Laterne, die einen dekorativen Silhouetten-Effekt erzeugt. Diese Laterne schaltet sich automatisch bei Einsetzen der D\u00e4mmerung ein und schafft eine atmosph\u00e4rische Beleuchtung. Vielseitig einsetzbar, kann sie sowohl als Tisch- als auch als H\u00e4ngelaterne genutzt werden, um deinen Garten eine stilvolle Note zu verleihen.<\/p>\n<p>Gr\u00f6sse 18.5 x 18 cm<\/p>\n","protected":false},"excerpt":{"rendered":"<p>Tauche deinen Aussenbereich in ein superhelles Licht mit unserer Laterne, die einen dekorativen Silhouetten-Effekt erzeugt.<\/p>\n","protected":false},"featured_media":58738,"template":"","meta":[],"product_brand":[],"product_cat":[108,23,28,34,35],"product_tag":[973],"woo-feed-brand":[],"class_list":{"0":"post-58739","1":"product","2":"type-product","3":"status-publish","4":"has-post-thumbnail","6":"product_cat-lichterketten-laternen","7":"product_cat-home-living","8":"product_cat-kerzen-lichter","9":"product_cat-garten-balkon","10":"product_cat-gartendeko","11":"product_tag-samen-mauser","13":"first","14":"instock","15":"taxable","16":"shipping-taxable","17":"purchasable","18":"product-type-simple"},"_links":{"self":[{"href":"https:\/\/fh-staging.vengo.cloud\/de-ch\/wp-json\/wp\/v2\/product\/58739","targetHints":{"allow":["GET"]}}],"collection":[{"href":"https:\/\/fh-staging.vengo.cloud\/de-ch\/wp-json\/wp\/v2\/product"}],"about":[{"href":"https:\/\/fh-staging.vengo.cloud\/de-ch\/wp-json\/wp\/v2\/types\/product"}],"wp:featuredmedia":[{"embeddable":true,"href":"https:\/\/fh-staging.vengo.cloud\/de-ch\/wp-json\/wp\/v2\/media\/58738"}],"wp:attachment":[{"href":"https:\/\/fh-staging.vengo.cloud\/de-ch\/wp-json\/wp\/v2\/media?parent=58739"}],"wp:term":[{"taxonomy":"product_brand","embeddable":true,"href":"https:\/\/fh-staging.vengo.cloud\/de-ch\/wp-json\/wp\/v2\/product_brand?post=58739"},{"taxonomy":"product_cat","embeddable":true,"href":"https:\/\/fh-staging.vengo.cloud\/de-ch\/wp-json\/wp\/v2\/product_cat?post=58739"},{"taxonomy":"product_tag","embeddable":true,"href":"https:\/\/fh-staging.vengo.cloud\/de-ch\/wp-json\/wp\/v2\/product_tag?post=58739"},{"taxonomy":"woo-feed-brand","embeddable":true,"href":"https:\/\/fh-staging.vengo.cloud\/de-ch\/wp-json\/wp\/v2\/woo-feed-brand?post=58739"}],"curies":[{"name":"wp","href":"https:\/\/api.w.org\/{rel}","templated":true}]}}