{"id":58719,"date":"2025-07-01T12:02:38","date_gmt":"2025-07-01T10:02:38","guid":{"rendered":"https:\/\/fh-staging.vengo.cloud\/de-ch\/p\/handschuh-maxtop-s"},"modified":"2025-08-05T10:44:17","modified_gmt":"2025-08-05T08:44:17","slug":"handschuh-maxtop-s","status":"publish","type":"product","link":"https:\/\/fh-staging.vengo.cloud\/de-ch\/p\/handschuh-maxtop-s","title":{"rendered":"Handschuh Maxtop S"},"content":{"rendered":"<p>Ein Handschuh f\u00fcr grobe Arbeiten mit gutem Finger- und Handgelenkschutz. Touchscreen-f\u00e4hig, nahtlos aus gepolstertem Polyamid f\u00fcr hervorragende Abriebfestigkeit.<\/p>\n<p>Gr\u00f6sse: 8 oder S<\/p>\n","protected":false},"excerpt":{"rendered":"<p>Ein Handschuh f\u00fcr grobe Arbeiten mit gutem Finger- und Handgelenkschutz.<\/p>\n","protected":false},"featured_media":59047,"template":"","meta":[],"product_brand":[],"product_cat":[1064,34,39],"product_tag":[973],"woo-feed-brand":[],"class_list":{"0":"post-58719","1":"product","2":"type-product","3":"status-publish","4":"has-post-thumbnail","6":"product_cat-gartenhandschuhe","7":"product_cat-garten-balkon","8":"product_cat-gartenzubehoer","9":"product_tag-samen-mauser","11":"first","12":"instock","13":"taxable","14":"shipping-taxable","15":"purchasable","16":"product-type-simple"},"_links":{"self":[{"href":"https:\/\/fh-staging.vengo.cloud\/de-ch\/wp-json\/wp\/v2\/product\/58719","targetHints":{"allow":["GET"]}}],"collection":[{"href":"https:\/\/fh-staging.vengo.cloud\/de-ch\/wp-json\/wp\/v2\/product"}],"about":[{"href":"https:\/\/fh-staging.vengo.cloud\/de-ch\/wp-json\/wp\/v2\/types\/product"}],"wp:featuredmedia":[{"embeddable":true,"href":"https:\/\/fh-staging.vengo.cloud\/de-ch\/wp-json\/wp\/v2\/media\/59047"}],"wp:attachment":[{"href":"https:\/\/fh-staging.vengo.cloud\/de-ch\/wp-json\/wp\/v2\/media?parent=58719"}],"wp:term":[{"taxonomy":"product_brand","embeddable":true,"href":"https:\/\/fh-staging.vengo.cloud\/de-ch\/wp-json\/wp\/v2\/product_brand?post=58719"},{"taxonomy":"product_cat","embeddable":true,"href":"https:\/\/fh-staging.vengo.cloud\/de-ch\/wp-json\/wp\/v2\/product_cat?post=58719"},{"taxonomy":"product_tag","embeddable":true,"href":"https:\/\/fh-staging.vengo.cloud\/de-ch\/wp-json\/wp\/v2\/product_tag?post=58719"},{"taxonomy":"woo-feed-brand","embeddable":true,"href":"https:\/\/fh-staging.vengo.cloud\/de-ch\/wp-json\/wp\/v2\/woo-feed-brand?post=58719"}],"curies":[{"name":"wp","href":"https:\/\/api.w.org\/{rel}","templated":true}]}}