{"id":58697,"date":"2025-07-01T12:02:30","date_gmt":"2025-07-01T10:02:30","guid":{"rendered":"https:\/\/fh-staging.vengo.cloud\/de-ch\/p\/weste-corniolo-olivine-man-size-m"},"modified":"2025-12-18T10:42:51","modified_gmt":"2025-12-18T09:42:51","slug":"weste-corniolo-olivine-man-size-m","status":"publish","type":"product","link":"https:\/\/fh-staging.vengo.cloud\/de-ch\/p\/weste-corniolo-olivine-man-size-m","title":{"rendered":"Weste CORNIOLO Olivine Man Size M"},"content":{"rendered":"<p>Die Herrenweste von OUT-FIT verf\u00fcgt \u00fcber drei praktische Taschen auf der Vorderseite, erg\u00e4nzt durch eine grosse R\u00fcckentasche. Dieses Kleidungsst\u00fcck erm\u00f6glicht es, alles zu verstauen, was du ben\u00f6tigst, und kann \u00fcber jeder Art von Kleidung getragen werden. Dieser Artikel ist ebenfalls aus unserer robusten Canvas-Baumwolle gefertigt, die die Anforderungen an Outdoor-Kleidung mit einer modernen Passform und Haptik verbindet.<\/p>\n","protected":false},"excerpt":{"rendered":"<p>Die Herrenweste von OUT-FIT verf\u00fcgt \u00fcber drei praktische Taschen auf der Vorderseite, erg\u00e4nzt durch eine grosse R\u00fcckentasche.<\/p>\n","protected":false},"featured_media":59049,"template":"","meta":[],"product_brand":[],"product_cat":[1065,34,39],"product_tag":[973],"woo-feed-brand":[],"class_list":{"0":"post-58697","1":"product","2":"type-product","3":"status-publish","4":"has-post-thumbnail","6":"product_cat-gartenschuerze","7":"product_cat-garten-balkon","8":"product_cat-gartenzubehoer","9":"product_tag-samen-mauser","11":"first","12":"instock","13":"taxable","14":"shipping-taxable","15":"purchasable","16":"product-type-simple"},"_links":{"self":[{"href":"https:\/\/fh-staging.vengo.cloud\/de-ch\/wp-json\/wp\/v2\/product\/58697","targetHints":{"allow":["GET"]}}],"collection":[{"href":"https:\/\/fh-staging.vengo.cloud\/de-ch\/wp-json\/wp\/v2\/product"}],"about":[{"href":"https:\/\/fh-staging.vengo.cloud\/de-ch\/wp-json\/wp\/v2\/types\/product"}],"wp:featuredmedia":[{"embeddable":true,"href":"https:\/\/fh-staging.vengo.cloud\/de-ch\/wp-json\/wp\/v2\/media\/59049"}],"wp:attachment":[{"href":"https:\/\/fh-staging.vengo.cloud\/de-ch\/wp-json\/wp\/v2\/media?parent=58697"}],"wp:term":[{"taxonomy":"product_brand","embeddable":true,"href":"https:\/\/fh-staging.vengo.cloud\/de-ch\/wp-json\/wp\/v2\/product_brand?post=58697"},{"taxonomy":"product_cat","embeddable":true,"href":"https:\/\/fh-staging.vengo.cloud\/de-ch\/wp-json\/wp\/v2\/product_cat?post=58697"},{"taxonomy":"product_tag","embeddable":true,"href":"https:\/\/fh-staging.vengo.cloud\/de-ch\/wp-json\/wp\/v2\/product_tag?post=58697"},{"taxonomy":"woo-feed-brand","embeddable":true,"href":"https:\/\/fh-staging.vengo.cloud\/de-ch\/wp-json\/wp\/v2\/woo-feed-brand?post=58697"}],"curies":[{"name":"wp","href":"https:\/\/api.w.org\/{rel}","templated":true}]}}