{"id":58687,"date":"2025-07-01T12:02:26","date_gmt":"2025-07-01T10:02:26","guid":{"rendered":"https:\/\/fh-staging.vengo.cloud\/de-ch\/p\/weste-roverella-olivine-woman-size-l"},"modified":"2025-12-18T10:42:53","modified_gmt":"2025-12-18T09:42:53","slug":"weste-roverella-olivine-woman-size-l","status":"publish","type":"product","link":"https:\/\/fh-staging.vengo.cloud\/de-ch\/p\/weste-roverella-olivine-woman-size-l","title":{"rendered":"Weste ROVERELLA Olivine Woman Size L"},"content":{"rendered":"<p>Die Damenweste von OUT-FIT ist mit zwei Fronttaschen mit seitlichen Reissverschl\u00fcssen ausgestattet und eignet sich perfekt als Kleidungsst\u00fcck \u00fcber jeder Art von Kleidung. Der strapazierf\u00e4hige Baumwollstoff sorgt f\u00fcr einen perfekten Schutz der Kleidung, ohne dabei auf einen femininen Look bei der Arbeit im Freien zu verzichten.<\/p>\n","protected":false},"excerpt":{"rendered":"<p>Die Damenweste von OUT-FIT ist mit zwei Fronttaschen mit seitlichen Reissverschl\u00fcssen ausgestattet und eignet sich perfekt als Kleidungsst\u00fcck \u00fcber jeder Art von Kleidung.<\/p>\n","protected":false},"featured_media":59052,"template":"","meta":[],"product_brand":[],"product_cat":[1065,34,39],"product_tag":[973],"woo-feed-brand":[],"class_list":{"0":"post-58687","1":"product","2":"type-product","3":"status-publish","4":"has-post-thumbnail","6":"product_cat-gartenschuerze","7":"product_cat-garten-balkon","8":"product_cat-gartenzubehoer","9":"product_tag-samen-mauser","11":"first","12":"instock","13":"taxable","14":"shipping-taxable","15":"purchasable","16":"product-type-simple"},"_links":{"self":[{"href":"https:\/\/fh-staging.vengo.cloud\/de-ch\/wp-json\/wp\/v2\/product\/58687","targetHints":{"allow":["GET"]}}],"collection":[{"href":"https:\/\/fh-staging.vengo.cloud\/de-ch\/wp-json\/wp\/v2\/product"}],"about":[{"href":"https:\/\/fh-staging.vengo.cloud\/de-ch\/wp-json\/wp\/v2\/types\/product"}],"wp:featuredmedia":[{"embeddable":true,"href":"https:\/\/fh-staging.vengo.cloud\/de-ch\/wp-json\/wp\/v2\/media\/59052"}],"wp:attachment":[{"href":"https:\/\/fh-staging.vengo.cloud\/de-ch\/wp-json\/wp\/v2\/media?parent=58687"}],"wp:term":[{"taxonomy":"product_brand","embeddable":true,"href":"https:\/\/fh-staging.vengo.cloud\/de-ch\/wp-json\/wp\/v2\/product_brand?post=58687"},{"taxonomy":"product_cat","embeddable":true,"href":"https:\/\/fh-staging.vengo.cloud\/de-ch\/wp-json\/wp\/v2\/product_cat?post=58687"},{"taxonomy":"product_tag","embeddable":true,"href":"https:\/\/fh-staging.vengo.cloud\/de-ch\/wp-json\/wp\/v2\/product_tag?post=58687"},{"taxonomy":"woo-feed-brand","embeddable":true,"href":"https:\/\/fh-staging.vengo.cloud\/de-ch\/wp-json\/wp\/v2\/woo-feed-brand?post=58687"}],"curies":[{"name":"wp","href":"https:\/\/api.w.org\/{rel}","templated":true}]}}