{"id":58488,"date":"2025-06-26T11:17:39","date_gmt":"2025-06-26T09:17:39","guid":{"rendered":"https:\/\/fh-staging.vengo.cloud\/de-ch\/?post_type=product&#038;p=58488"},"modified":"2025-07-17T07:52:44","modified_gmt":"2025-07-17T05:52:44","slug":"tillandsien-qualle-bart-mittel-topf-rosa","status":"publish","type":"product","link":"https:\/\/fh-staging.vengo.cloud\/de-ch\/p\/tillandsien-qualle-bart-mittel-topf-rosa","title":{"rendered":"Tillandsien-Qualle Bart mittel, Topf rosa"},"content":{"rendered":"<p>Tillandsien, auch Luftpflanzen genannt, sind ganz aussergew\u00f6hnliche Wesen. Denn sie leben von Luft, Licht und ein wenig Wasser (Liebe schadet ihnen bestimmt auch nicht). Erde ben\u00f6tigen sie keine. Sie freuen sich \u00fcber einen hellen, eher warmen Standort ohne direktes Sonnenlicht. \u00dcber die Saugschuppen (Trichome) auf ihren Bl\u00e4ttern nehmen sie Feuchtigkeit und N\u00e4hrstoffe auf. In R\u00e4umen mit einer hohen Luftfeuchtigkeit f\u00fchlen sie sich daher besonders wohl. Ansonsten kannst du sie alle 1 bis 2 Tage mit m\u00f6glichst kalkarmem Wasser bespr\u00fchen und alle 2 Wochen kurz baden. Egal ob im Bade-, Wohn- oder Kinderzimmer aufgeh\u00e4ngt \u2013 unsere &#171;Quatillis&#187; sind \u00fcberall ein echter Hingucker und dazu noch super pflegeleicht.<\/p>\n<table style=\"border-collapse: collapse; width: 100%; background-color: #eae9e9; height: 138.6px;\" border=\"1\">\n<tbody>\n<tr style=\"height: 19.8px;\">\n<td style=\"width: 20%; height: 19.8px;\"><strong>Masse Geh\u00e4use (DxH):<\/strong><\/td>\n<td style=\"width: 49.95%; height: 19.8px;\">10 x 6 cm<\/td>\n<\/tr>\n<tr>\n<td style=\"width: 20%;\"><strong>Material Geh\u00e4use:<\/strong><\/td>\n<td style=\"width: 49.95%;\">Keramik<\/td>\n<\/tr>\n<tr>\n<td style=\"width: 20%;\"><strong>Farbe Geh\u00e4use:<\/strong><\/td>\n<td style=\"width: 49.95%;\">Rosa<\/td>\n<\/tr>\n<tr>\n<td style=\"width: 20%;\"><strong>Pflanze:<\/strong><\/td>\n<td style=\"width: 49.95%;\">Tillandsia usneoides (Louisianamoos, Spanisches Moos)<\/td>\n<\/tr>\n<tr>\n<td style=\"width: 20%;\"><strong>Lichtverh\u00e4ltnisse:<\/strong><\/td>\n<td style=\"width: 49.95%;\">\n<ul>\n<li>Hell bis halbschattig<\/li>\n<li>Kein direktes Sonnenlicht<\/li>\n<\/ul>\n<\/td>\n<\/tr>\n<tr style=\"height: 19.8px;\">\n<td style=\"width: 5%; height: 19.8px;\"><strong>Pflege:<\/strong><\/td>\n<td style=\"width: 49.95%; height: 19.8px;\">\n<ul>\n<li>Leicht<\/li>\n<li>Von M\u00e4rz bis September monatlich schwach d\u00fcngen (Bromelien-,Tillandsien- oder Orchideend\u00fcnger)<\/li>\n<\/ul>\n<\/td>\n<\/tr>\n<tr style=\"height: 19.8px;\">\n<td style=\"width: 20px; height: 19.8px;\"><strong>Bew\u00e4sserung:<\/strong><\/td>\n<td style=\"width: 49.95%; height: 19.8px;\">\n<ul>\n<li>Alle 1 bis 2 Tage mit m\u00f6glichst kalkarmem Wasser bespr\u00fchen<\/li>\n<li>Alle 2 Wochen f\u00fcr einige Minuten in ein Becken mit lauwarmem, m\u00f6glichst kalkarmem Wasser legen und danach gut abtropfen lassen<\/li>\n<\/ul>\n<\/td>\n<\/tr>\n<tr>\n<td style=\"width: 20px;\"><strong>Haustier- und kinderfreundlich:<\/strong><\/td>\n<td style=\"width: 49.95%;\">Ja<\/td>\n<\/tr>\n<tr>\n<td style=\"width: 20px;\"><strong>Hinweise:<\/strong><\/td>\n<td style=\"width: 49.95%;\">\n<ul>\n<li>Liebt eine hohe Luftfeuchtigkeit<\/li>\n<li>Regenwasser mag die Tillandsie besonders gern<\/li>\n<\/ul>\n<\/td>\n<\/tr>\n<tr>\n<td style=\"width: 20px;\"><strong>Lieferumfang:<\/strong><\/td>\n<td style=\"width: 49.95%;\">Tillandsie mit Keramikgeh\u00e4use<\/td>\n<\/tr>\n<\/tbody>\n<\/table>\n","protected":false},"excerpt":{"rendered":"<p>Unsere Tillandsien-Quallen sind mindestens genauso faszinierend wie ihre maritimen Vorbilder \u2013 nur ganz ohne Gefahr. Statt giftiger Tentakel schm\u00fccken dekorative Tillandsien die eleganten Keramikgeh\u00e4use. Das macht sie zu einem echten Blickfang \u2013 wundersch\u00f6n, einzigartig und absolut harmlos. Kein Grund, auf Abstand zu gehen!<\/p>\n","protected":false},"featured_media":58490,"template":"","meta":[],"product_brand":[],"product_cat":[118,23,26],"product_tag":[325],"woo-feed-brand":[],"class_list":{"0":"post-58488","1":"product","2":"type-product","3":"status-publish","4":"has-post-thumbnail","6":"product_cat-zimmerpflanzen","7":"product_cat-home-living","8":"product_cat-blumen-pflanzen","9":"product_tag-veg-and-the-city","11":"first","12":"instock","13":"taxable","14":"shipping-taxable","15":"purchasable","16":"product-type-simple"},"_links":{"self":[{"href":"https:\/\/fh-staging.vengo.cloud\/de-ch\/wp-json\/wp\/v2\/product\/58488","targetHints":{"allow":["GET"]}}],"collection":[{"href":"https:\/\/fh-staging.vengo.cloud\/de-ch\/wp-json\/wp\/v2\/product"}],"about":[{"href":"https:\/\/fh-staging.vengo.cloud\/de-ch\/wp-json\/wp\/v2\/types\/product"}],"wp:featuredmedia":[{"embeddable":true,"href":"https:\/\/fh-staging.vengo.cloud\/de-ch\/wp-json\/wp\/v2\/media\/58490"}],"wp:attachment":[{"href":"https:\/\/fh-staging.vengo.cloud\/de-ch\/wp-json\/wp\/v2\/media?parent=58488"}],"wp:term":[{"taxonomy":"product_brand","embeddable":true,"href":"https:\/\/fh-staging.vengo.cloud\/de-ch\/wp-json\/wp\/v2\/product_brand?post=58488"},{"taxonomy":"product_cat","embeddable":true,"href":"https:\/\/fh-staging.vengo.cloud\/de-ch\/wp-json\/wp\/v2\/product_cat?post=58488"},{"taxonomy":"product_tag","embeddable":true,"href":"https:\/\/fh-staging.vengo.cloud\/de-ch\/wp-json\/wp\/v2\/product_tag?post=58488"},{"taxonomy":"woo-feed-brand","embeddable":true,"href":"https:\/\/fh-staging.vengo.cloud\/de-ch\/wp-json\/wp\/v2\/woo-feed-brand?post=58488"}],"curies":[{"name":"wp","href":"https:\/\/api.w.org\/{rel}","templated":true}]}}