{"id":58355,"date":"2025-07-01T16:26:26","date_gmt":"2025-07-01T14:26:26","guid":{"rendered":"https:\/\/fh-staging.vengo.cloud\/de-ch\/p\/igelvilla-als-winterschlafhaus-fsc"},"modified":"2025-08-05T10:50:14","modified_gmt":"2025-08-05T08:50:14","slug":"igelvilla-als-winterschlafhaus-fsc","status":"publish","type":"product","link":"https:\/\/fh-staging.vengo.cloud\/de-ch\/p\/igelvilla-als-winterschlafhaus-fsc","title":{"rendered":"Igelvilla als Winterschlafhaus FSC"},"content":{"rendered":"<p>Unsere Igelvilla, gefertigt aus hochwertigem Massivholz Tanne, bietet einen gesch\u00e4tzten und gem\u00fctlichen Ort f\u00fcr Igel. Der verwinkelte Eingang dient nicht nur als charmantes architektonisches Detail, sondern h\u00e4lt auch F\u00fcchse und neugierige Hunde aus der N\u00e4he fern. Der abnehmbare Deckel erm\u00f6glicht eine einfache Reinigung und Pflege. Schaffe mit dieser Igelvilla einen sicheren R\u00fcckzugsort f\u00fcr unsere stacheligen Freunde und f\u00f6rdere die Artenvielfalt in deinem Garten.<\/p>\n<p>Innenmasse Schlafraum: 300 x 250 x 180 mm<br \/>\nAussenmasse: 570 x 350 x 270 mm<\/p>\n","protected":false},"excerpt":{"rendered":"<p>Unsere Igelvilla, gefertigt aus hochwertigem Massivholz Tanne, bietet einen gesch\u00fctzten und gem\u00fctlichen Ort f\u00fcr Igel.<\/p>\n","protected":false},"featured_media":58630,"template":"","meta":[],"product_brand":[],"product_cat":[1113,34],"product_tag":[973],"woo-feed-brand":[],"class_list":{"0":"post-58355","1":"product","2":"type-product","3":"status-publish","4":"has-post-thumbnail","6":"product_cat-gartenbewohner","7":"product_cat-garten-balkon","8":"product_tag-samen-mauser","10":"first","11":"instock","12":"taxable","13":"shipping-taxable","14":"purchasable","15":"product-type-simple"},"_links":{"self":[{"href":"https:\/\/fh-staging.vengo.cloud\/de-ch\/wp-json\/wp\/v2\/product\/58355","targetHints":{"allow":["GET"]}}],"collection":[{"href":"https:\/\/fh-staging.vengo.cloud\/de-ch\/wp-json\/wp\/v2\/product"}],"about":[{"href":"https:\/\/fh-staging.vengo.cloud\/de-ch\/wp-json\/wp\/v2\/types\/product"}],"wp:featuredmedia":[{"embeddable":true,"href":"https:\/\/fh-staging.vengo.cloud\/de-ch\/wp-json\/wp\/v2\/media\/58630"}],"wp:attachment":[{"href":"https:\/\/fh-staging.vengo.cloud\/de-ch\/wp-json\/wp\/v2\/media?parent=58355"}],"wp:term":[{"taxonomy":"product_brand","embeddable":true,"href":"https:\/\/fh-staging.vengo.cloud\/de-ch\/wp-json\/wp\/v2\/product_brand?post=58355"},{"taxonomy":"product_cat","embeddable":true,"href":"https:\/\/fh-staging.vengo.cloud\/de-ch\/wp-json\/wp\/v2\/product_cat?post=58355"},{"taxonomy":"product_tag","embeddable":true,"href":"https:\/\/fh-staging.vengo.cloud\/de-ch\/wp-json\/wp\/v2\/product_tag?post=58355"},{"taxonomy":"woo-feed-brand","embeddable":true,"href":"https:\/\/fh-staging.vengo.cloud\/de-ch\/wp-json\/wp\/v2\/woo-feed-brand?post=58355"}],"curies":[{"name":"wp","href":"https:\/\/api.w.org\/{rel}","templated":true}]}}