{"id":58353,"date":"2025-06-25T10:06:12","date_gmt":"2025-06-25T08:06:12","guid":{"rendered":"https:\/\/fh-staging.vengo.cloud\/de-ch\/p\/firefly-ko-kerzen"},"modified":"2025-07-30T09:07:09","modified_gmt":"2025-07-30T07:07:09","slug":"firefly-oeko-kerzen","status":"publish","type":"product","link":"https:\/\/fh-staging.vengo.cloud\/de-ch\/p\/firefly-oeko-kerzen","title":{"rendered":"Firefly \u00d6ko Kerzen"},"content":{"rendered":"<p>Ideal f\u00fcr den Frostw\u00e4chter FireFly. CO\u00b2-neutral und ressourcenschonend. Hergestellt aus nachhaltiger Biomasse, ist diese Spezialkerze eine umweltfreundliche L\u00f6sung f\u00fcr deinen Frostw\u00e4chter. Mit einer beeindruckenden Brenndauer von mindestens 42 Stunden pro Kerze gew\u00e4hrleistet sie lang anhaltende W\u00e4rme, ohne die Umwelt zu belasten.<\/p>\n<p>10 x \u00d8 6.3 cm, 200g, 6er Set<\/p>\n","protected":false},"excerpt":{"rendered":"<p>Ideal f\u00fcr den Frostw\u00e4chter FireFly. CO\u00b2-neutral-neutral und ressourcenschonend.<\/p>\n","protected":false},"featured_media":58404,"template":"","meta":[],"product_brand":[],"product_cat":[35,23,103,28,34],"product_tag":[973],"woo-feed-brand":[],"class_list":{"0":"post-58353","1":"product","2":"type-product","3":"status-publish","4":"has-post-thumbnail","6":"product_cat-gartendeko","7":"product_cat-home-living","8":"product_cat-kerzen","9":"product_cat-kerzen-lichter","10":"product_cat-garten-balkon","11":"product_tag-samen-mauser","13":"first","14":"instock","15":"taxable","16":"shipping-taxable","17":"purchasable","18":"product-type-simple"},"_links":{"self":[{"href":"https:\/\/fh-staging.vengo.cloud\/de-ch\/wp-json\/wp\/v2\/product\/58353","targetHints":{"allow":["GET"]}}],"collection":[{"href":"https:\/\/fh-staging.vengo.cloud\/de-ch\/wp-json\/wp\/v2\/product"}],"about":[{"href":"https:\/\/fh-staging.vengo.cloud\/de-ch\/wp-json\/wp\/v2\/types\/product"}],"wp:featuredmedia":[{"embeddable":true,"href":"https:\/\/fh-staging.vengo.cloud\/de-ch\/wp-json\/wp\/v2\/media\/58404"}],"wp:attachment":[{"href":"https:\/\/fh-staging.vengo.cloud\/de-ch\/wp-json\/wp\/v2\/media?parent=58353"}],"wp:term":[{"taxonomy":"product_brand","embeddable":true,"href":"https:\/\/fh-staging.vengo.cloud\/de-ch\/wp-json\/wp\/v2\/product_brand?post=58353"},{"taxonomy":"product_cat","embeddable":true,"href":"https:\/\/fh-staging.vengo.cloud\/de-ch\/wp-json\/wp\/v2\/product_cat?post=58353"},{"taxonomy":"product_tag","embeddable":true,"href":"https:\/\/fh-staging.vengo.cloud\/de-ch\/wp-json\/wp\/v2\/product_tag?post=58353"},{"taxonomy":"woo-feed-brand","embeddable":true,"href":"https:\/\/fh-staging.vengo.cloud\/de-ch\/wp-json\/wp\/v2\/woo-feed-brand?post=58353"}],"curies":[{"name":"wp","href":"https:\/\/api.w.org\/{rel}","templated":true}]}}