{"id":58334,"date":"2025-07-01T16:26:25","date_gmt":"2025-07-01T14:26:25","guid":{"rendered":"https:\/\/fh-staging.vengo.cloud\/de-ch\/p\/schutzschlauch-aus-vliesstoff-0-8m-x-1m"},"modified":"2025-08-05T10:50:33","modified_gmt":"2025-08-05T08:50:33","slug":"schutzschlauch-aus-vliesstoff-0-8m-x-1m","status":"publish","type":"product","link":"https:\/\/fh-staging.vengo.cloud\/de-ch\/p\/schutzschlauch-aus-vliesstoff-0-8m-x-1m","title":{"rendered":"Schutzschlauch aus Vliesstoff 0.8m x 1m"},"content":{"rendered":"<p>Der Schutzschlauch aus TNT mit 17 g\/m2 schafft im Winter ein Mikroklima und bietet zuverl\u00e4ssigen K\u00e4lteschutz. Im Fr\u00fchjahr unterst\u00fctzt er aktiv das gesunde Pflanzenwachstum. Dank seiner Transpirationsf\u00e4higkeit verhindert der Schlauch die Bildung von Kondenswasser und bewahrt die ideale Feuchtigkeit. Luft- und wasserdurchl\u00e4ssig sowie UV-best\u00e4ndig sch\u00fctzt er Pflanzen effektiv vor den Widrigkeiten des Winters. Perfekt f\u00fcr T\u00f6pfe und Gartenpflanzen im Winter sowie als F\u00f6rderer des Fr\u00fchjahrs-Wachstums, besonders geeignet f\u00fcr Tomaten und andere Pflanzen.<\/p>\n<p>Gr\u00f6sse 80 x 100 cm<\/p>\n","protected":false},"excerpt":{"rendered":"<p>Der Schutzschlauch aus TNT mit 17 g\/m2 schafft im Winter ein Mikroklima und bietet zuverl\u00e4ssigen K\u00e4lteschutz.<\/p>\n","protected":false},"featured_media":58636,"template":"","meta":[],"product_brand":[],"product_cat":[39,34,1124],"product_tag":[973],"woo-feed-brand":[],"class_list":{"0":"post-58334","1":"product","2":"type-product","3":"status-publish","4":"has-post-thumbnail","6":"product_cat-gartenzubehoer","7":"product_cat-garten-balkon","8":"product_cat-schutz","9":"product_tag-samen-mauser","11":"first","12":"instock","13":"taxable","14":"shipping-taxable","15":"purchasable","16":"product-type-simple"},"_links":{"self":[{"href":"https:\/\/fh-staging.vengo.cloud\/de-ch\/wp-json\/wp\/v2\/product\/58334","targetHints":{"allow":["GET"]}}],"collection":[{"href":"https:\/\/fh-staging.vengo.cloud\/de-ch\/wp-json\/wp\/v2\/product"}],"about":[{"href":"https:\/\/fh-staging.vengo.cloud\/de-ch\/wp-json\/wp\/v2\/types\/product"}],"wp:featuredmedia":[{"embeddable":true,"href":"https:\/\/fh-staging.vengo.cloud\/de-ch\/wp-json\/wp\/v2\/media\/58636"}],"wp:attachment":[{"href":"https:\/\/fh-staging.vengo.cloud\/de-ch\/wp-json\/wp\/v2\/media?parent=58334"}],"wp:term":[{"taxonomy":"product_brand","embeddable":true,"href":"https:\/\/fh-staging.vengo.cloud\/de-ch\/wp-json\/wp\/v2\/product_brand?post=58334"},{"taxonomy":"product_cat","embeddable":true,"href":"https:\/\/fh-staging.vengo.cloud\/de-ch\/wp-json\/wp\/v2\/product_cat?post=58334"},{"taxonomy":"product_tag","embeddable":true,"href":"https:\/\/fh-staging.vengo.cloud\/de-ch\/wp-json\/wp\/v2\/product_tag?post=58334"},{"taxonomy":"woo-feed-brand","embeddable":true,"href":"https:\/\/fh-staging.vengo.cloud\/de-ch\/wp-json\/wp\/v2\/woo-feed-brand?post=58334"}],"curies":[{"name":"wp","href":"https:\/\/api.w.org\/{rel}","templated":true}]}}