{"id":5829,"date":"2019-09-28T08:59:17","date_gmt":"2019-09-28T08:59:17","guid":{"rendered":"https:\/\/fh-staging.vengo.cloud\/?product=eine-edle-rosenbox-rund-in-schwarz-mit-7-roten-echten-stabilisierten-rosen-o-ca-14-cm"},"modified":"2025-11-25T12:35:43","modified_gmt":"2025-11-25T11:35:43","slug":"eine-edle-rosenbox-rund-in-schwarz-mit-7-roten-echten-stabilisierten-rosen-o-ca-14-cm","status":"publish","type":"product","link":"https:\/\/fh-staging.vengo.cloud\/de-ch\/p\/eine-edle-rosenbox-rund-in-schwarz-mit-7-roten-echten-stabilisierten-rosen-o-ca-14-cm","title":{"rendered":"Eine edle Rosenbox &#8211; rund, in Schwarz, mit 7 roten, echten, stabilisierten Rosen \u00d8 ca. 14 cm"},"content":{"rendered":"<p><span style=\"font-size: 11pt\"><strong>Rosenbox &#8211; rund, in Schwarz, mit 7 roten, echten, stabilisierten Rosen\u00a0 \u00d8 ca. 14 cm<\/strong><\/span><\/p>\n<p>Wundersch\u00f6ne runde Rosenbox in Schwarz, mit echten, roten Rosen, die mit einer speziellen Methode stabilisiert (haltbar gemacht) wurden.<\/p>\n<p>Die elegante, runde Flower-Box in Schwarz ist mit einem Band geschm\u00fcckt und eignet sich als Geschenk der Liebe zu jedem Anlass, sei es zur Hochzeit, zum Valentinstag oder \u00abeinfach so\u00bb. Die Rosenbox wurde von unserem Floristinnen-Team von Hand und mit viel Liebe gestaltet. Sie eignet sich auch als haltbarer Schmuck und Wohnaccessoire.<\/p>\n<p>Details: 7 Rosen, \u00d8 ca. 14 cm, H ca. 13 cm, ca. 2 -3 Jahre haltbar. Die Rosenbox kann als Deco seitlich auch einen feinen Silberrand haben.<\/p>\n<p><em><strong>Bitte beachte unseren Pflegehinweis:<\/strong> <\/em><\/p>\n<p>Unsere stabilisierten Rosen ben\u00f6tigen weder Pflege noch Wasser. Sie bl\u00fchen \u00fcber Jahre, einfach so. Bei Raumtemperatur und an schattigen Standorten halten unsere stabilisierten Rosenbouquets am l\u00e4ngsten.<\/p>\n<p><em>Die Rosen k\u00f6nnen an Form und Farbe verlieren, wenn man sie: <\/em><\/p>\n<p>bew\u00e4ssert (auf keinen Fall bew\u00e4ssern!), oft oder grob anfasst (Staub mit einem weichen Pinsel entfernen), zu hoher Luftfeuchtigkeit oder direkter Sonneneinstrahlung aussetzt.<\/p>\n<p>Jede Rosenbox wird einzeln von Hand individuell gestaltet und kann in Natura auch vom Bild abweichen.<\/p>\n","protected":false},"excerpt":{"rendered":"<p>Wundersch\u00f6ne runde Rosenbox mit passender roter Schleife geschm\u00fcckt<\/p>\n","protected":false},"featured_media":5830,"template":"","meta":[],"product_brand":[],"product_cat":[102,23,26,52,55],"product_tag":[290],"woo-feed-brand":[],"class_list":{"0":"post-5829","1":"product","2":"type-product","3":"status-publish","4":"has-post-thumbnail","6":"product_cat-infinity-rosen","7":"product_cat-home-living","8":"product_cat-blumen-pflanzen","9":"product_cat-geschenke","10":"product_cat-blumige-geschenke","11":"product_tag-atelier-leutwyler","13":"first","14":"instock","15":"taxable","16":"shipping-taxable","17":"purchasable","18":"product-type-simple"},"_links":{"self":[{"href":"https:\/\/fh-staging.vengo.cloud\/de-ch\/wp-json\/wp\/v2\/product\/5829","targetHints":{"allow":["GET"]}}],"collection":[{"href":"https:\/\/fh-staging.vengo.cloud\/de-ch\/wp-json\/wp\/v2\/product"}],"about":[{"href":"https:\/\/fh-staging.vengo.cloud\/de-ch\/wp-json\/wp\/v2\/types\/product"}],"wp:featuredmedia":[{"embeddable":true,"href":"https:\/\/fh-staging.vengo.cloud\/de-ch\/wp-json\/wp\/v2\/media\/5830"}],"wp:attachment":[{"href":"https:\/\/fh-staging.vengo.cloud\/de-ch\/wp-json\/wp\/v2\/media?parent=5829"}],"wp:term":[{"taxonomy":"product_brand","embeddable":true,"href":"https:\/\/fh-staging.vengo.cloud\/de-ch\/wp-json\/wp\/v2\/product_brand?post=5829"},{"taxonomy":"product_cat","embeddable":true,"href":"https:\/\/fh-staging.vengo.cloud\/de-ch\/wp-json\/wp\/v2\/product_cat?post=5829"},{"taxonomy":"product_tag","embeddable":true,"href":"https:\/\/fh-staging.vengo.cloud\/de-ch\/wp-json\/wp\/v2\/product_tag?post=5829"},{"taxonomy":"woo-feed-brand","embeddable":true,"href":"https:\/\/fh-staging.vengo.cloud\/de-ch\/wp-json\/wp\/v2\/woo-feed-brand?post=5829"}],"curies":[{"name":"wp","href":"https:\/\/api.w.org\/{rel}","templated":true}]}}