{"id":58089,"date":"2025-06-24T13:47:32","date_gmt":"2025-06-24T11:47:32","guid":{"rendered":"https:\/\/fh-staging.vengo.cloud\/de-ch\/?post_type=product&#038;p=58089"},"modified":"2025-12-10T10:39:45","modified_gmt":"2025-12-10T09:39:45","slug":"balsamessig-mango","status":"publish","type":"product","link":"https:\/\/fh-staging.vengo.cloud\/de-ch\/p\/balsamessig-mango","title":{"rendered":"Balsamessig &#171;Mango&#187;"},"content":{"rendered":"<p>Entdecke den Balsamessig \u201eMango\u201c als fruchtig-exotische Verfeinerung f\u00fcr deine K\u00fcche \u2013 \u00fcberraschend vielseitig und einfach himmlisch. Ein Genuss, der Gaumen und Seele verw\u00f6hnt.<\/p>\n<p>Ein Bieressig erobert den Gaumen. Die innovative Brauerei Locher aus Appenzell will dich mit ihrer neuen Linie Cr\u00e9aCeto kulinarisch inspirieren. Sie haben drei spezielle Balsamessige kreiert, welche aus Bieressig hergestellt werden. Veredelt mit exotischen Fr\u00fcchten von der Elfenbeink\u00fcste oder einheimischem Obst aus dem Appenzeller Vorderland ergeben sich die k\u00f6stlichen Balsamessige.<\/p>\n<p>Das zuckers\u00fcsse Aroma der Mango verleiht dem Balsamessig \u201eMango\u201c eine edle, exotische Geschmacksnote.<\/p>\n<p><strong>Inhalt:<\/strong> 25 cl<\/p>\n","protected":false},"excerpt":{"rendered":"<p data-start=\"75\" data-end=\"254\">Die Linie Cr\u00e9aCeto l\u00e4dt zum Ausprobieren ein.<\/p>\n","protected":false},"featured_media":58090,"template":"","meta":[],"product_brand":[],"product_cat":[111,995,984,42,885,52,54],"product_tag":[325],"woo-feed-brand":[],"class_list":{"0":"post-58089","1":"product","2":"type-product","3":"status-publish","4":"has-post-thumbnail","6":"product_cat-saucen","7":"product_cat-essen-trinken","8":"product_cat-silvester","9":"product_cat-kueche","10":"product_cat-koestlichkeiten","11":"product_cat-geschenke","12":"product_cat-feinkost","13":"product_tag-veg-and-the-city","15":"first","16":"instock","17":"taxable","18":"shipping-taxable","19":"purchasable","20":"product-type-simple"},"_links":{"self":[{"href":"https:\/\/fh-staging.vengo.cloud\/de-ch\/wp-json\/wp\/v2\/product\/58089","targetHints":{"allow":["GET"]}}],"collection":[{"href":"https:\/\/fh-staging.vengo.cloud\/de-ch\/wp-json\/wp\/v2\/product"}],"about":[{"href":"https:\/\/fh-staging.vengo.cloud\/de-ch\/wp-json\/wp\/v2\/types\/product"}],"wp:featuredmedia":[{"embeddable":true,"href":"https:\/\/fh-staging.vengo.cloud\/de-ch\/wp-json\/wp\/v2\/media\/58090"}],"wp:attachment":[{"href":"https:\/\/fh-staging.vengo.cloud\/de-ch\/wp-json\/wp\/v2\/media?parent=58089"}],"wp:term":[{"taxonomy":"product_brand","embeddable":true,"href":"https:\/\/fh-staging.vengo.cloud\/de-ch\/wp-json\/wp\/v2\/product_brand?post=58089"},{"taxonomy":"product_cat","embeddable":true,"href":"https:\/\/fh-staging.vengo.cloud\/de-ch\/wp-json\/wp\/v2\/product_cat?post=58089"},{"taxonomy":"product_tag","embeddable":true,"href":"https:\/\/fh-staging.vengo.cloud\/de-ch\/wp-json\/wp\/v2\/product_tag?post=58089"},{"taxonomy":"woo-feed-brand","embeddable":true,"href":"https:\/\/fh-staging.vengo.cloud\/de-ch\/wp-json\/wp\/v2\/woo-feed-brand?post=58089"}],"curies":[{"name":"wp","href":"https:\/\/api.w.org\/{rel}","templated":true}]}}