{"id":57467,"date":"2025-06-02T16:39:43","date_gmt":"2025-06-02T14:39:43","guid":{"rendered":"https:\/\/fh-staging.vengo.cloud\/de-ch\/?post_type=product&#038;p=57467"},"modified":"2025-10-22T13:40:03","modified_gmt":"2025-10-22T11:40:03","slug":"uebertopf-vibes-14-x-13-cm","status":"publish","type":"product","link":"https:\/\/fh-staging.vengo.cloud\/de-ch\/p\/uebertopf-vibes-14-x-13-cm","title":{"rendered":"\u00dcbertopf Vibes, 14 x 13 cm"},"content":{"rendered":"<p>Die farbenfrohen \u00dcbert\u00f6pfe von Elho versch\u00f6nern dein Zuhause und bieten deinen Pflanzen ein stilvolles Ambiente. Sie werden aus vollst\u00e4ndig recyceltem Kunststoff hergestellt und ausschliesslich mit Windenergie produziert, was sie zu einer besonders nachhaltigen Wahl macht.<\/p>\n<p><strong>Masse (DxH):<\/strong> 14 x 13 cm<br \/>\n<strong>Material:<\/strong> Recycelter Kunststoff<br \/>\n<strong>Farbe:<\/strong> Sorbetgr\u00fcn<\/p>\n","protected":false},"excerpt":{"rendered":"<p>\u00dcbertopf, sorbetgr\u00fcn, 14 x 13 cm<\/p>\n","protected":false},"featured_media":57469,"template":"","meta":[],"product_brand":[],"product_cat":[27,23,1198,34,40],"product_tag":[325],"woo-feed-brand":[],"class_list":{"0":"post-57467","1":"product","2":"type-product","3":"status-publish","4":"has-post-thumbnail","6":"product_cat-vasen-gefaesse","7":"product_cat-home-living","8":"product_cat-toepfe","9":"product_cat-garten-balkon","10":"product_cat-uebertoepfe","11":"product_tag-veg-and-the-city","13":"first","14":"instock","15":"taxable","16":"shipping-taxable","17":"purchasable","18":"product-type-simple"},"_links":{"self":[{"href":"https:\/\/fh-staging.vengo.cloud\/de-ch\/wp-json\/wp\/v2\/product\/57467","targetHints":{"allow":["GET"]}}],"collection":[{"href":"https:\/\/fh-staging.vengo.cloud\/de-ch\/wp-json\/wp\/v2\/product"}],"about":[{"href":"https:\/\/fh-staging.vengo.cloud\/de-ch\/wp-json\/wp\/v2\/types\/product"}],"wp:featuredmedia":[{"embeddable":true,"href":"https:\/\/fh-staging.vengo.cloud\/de-ch\/wp-json\/wp\/v2\/media\/57469"}],"wp:attachment":[{"href":"https:\/\/fh-staging.vengo.cloud\/de-ch\/wp-json\/wp\/v2\/media?parent=57467"}],"wp:term":[{"taxonomy":"product_brand","embeddable":true,"href":"https:\/\/fh-staging.vengo.cloud\/de-ch\/wp-json\/wp\/v2\/product_brand?post=57467"},{"taxonomy":"product_cat","embeddable":true,"href":"https:\/\/fh-staging.vengo.cloud\/de-ch\/wp-json\/wp\/v2\/product_cat?post=57467"},{"taxonomy":"product_tag","embeddable":true,"href":"https:\/\/fh-staging.vengo.cloud\/de-ch\/wp-json\/wp\/v2\/product_tag?post=57467"},{"taxonomy":"woo-feed-brand","embeddable":true,"href":"https:\/\/fh-staging.vengo.cloud\/de-ch\/wp-json\/wp\/v2\/woo-feed-brand?post=57467"}],"curies":[{"name":"wp","href":"https:\/\/api.w.org\/{rel}","templated":true}]}}