{"id":57080,"date":"2025-09-25T08:31:06","date_gmt":"2025-09-25T06:31:06","guid":{"rendered":"https:\/\/fh-staging.vengo.cloud\/de-ch\/?post_type=product&#038;p=57080"},"modified":"2025-12-10T10:44:56","modified_gmt":"2025-12-10T09:44:56","slug":"lemon-stem-ginger-tea-dunkers-cookies-150g-ace-tea-london","status":"publish","type":"product","link":"https:\/\/fh-staging.vengo.cloud\/de-ch\/p\/lemon-stem-ginger-tea-dunkers-cookies-150g-ace-tea-london","title":{"rendered":"Lemon &amp; Stem Ginger Tea Dunkers Cookies \u2013 150g Ace Tea London"},"content":{"rendered":"<p>Diese k\u00f6stlichen Lemon &amp; Stem Ginger Tea Dunkers sind die perfekte Erg\u00e4nzung zu Tee &amp; Kaffee. 10 M\u00f6glichkeiten in jeder Packung und mit Stolz in Grossbritannien exklusiv f\u00fcr Ace Tea London hergestellt.<\/p>\n<p>Perfekt zum Teilen und als Geschenk.<\/p>\n<p>Zutaten: Weizenmehl, Margarine, Raps\u00f6l, Zucker, Ingwer in Zuckersirup, Eier, Backhilfsmittel, Zitronensaft, Ingwerpulver, Zitronen\u00f6l, Salz. Enth\u00e4lt Gluten. F\u00fcr Vegetarier geeignet.<\/p>\n<p><strong>Hinweise f\u00fcr Allergiker: Allergene, einschliesslich glutenhaltiges Getreide, siehe fett gedruckte Zutaten. Hergestellt in einer Fabrik, die auch Baumn\u00fcsse verarbeitet. Geeignet f\u00fcr Vegetarier. An einem k\u00fchlen, trockenen Ort aufbewahren. Nach dem \u00d6ffnen in einem luftdichten Beh\u00e4lter aufbewahren.\u00a0<\/strong><\/p>\n<p><strong>N\u00e4hrwerte Pro 100g<\/strong><br \/>\nEnergie 1979kj 472kcal<br \/>\nFett 21.0g *davon ges\u00e4ttigte Fetts\u00e4uren 7.7g<br \/>\nKohlenhydrate 64.2g *davon Zucker 27.1g<br \/>\nEiweiss 5.5g<br \/>\nSalz 1.0g<\/p>\n","protected":false},"excerpt":{"rendered":"<p>Lemon &amp; Stem Ginger\u00a0 Cookies &#8211; Perfekt zum Teilen und als Geschenk<\/p>\n<p>&nbsp;<\/p>\n","protected":false},"featured_media":57056,"template":"","meta":[],"product_brand":[],"product_cat":[114,995,1090,984,1088,42,885,52,54],"product_tag":[1027],"woo-feed-brand":[],"class_list":{"0":"post-57080","1":"product","2":"type-product","3":"status-publish","4":"has-post-thumbnail","6":"product_cat-schokolade-sweets","7":"product_cat-essen-trinken","8":"product_cat-geniesser","9":"product_cat-silvester","10":"product_cat-vatertag","11":"product_cat-kueche","12":"product_cat-koestlichkeiten","13":"product_cat-geschenke","14":"product_cat-feinkost","15":"product_tag-fattoreffe","17":"first","18":"instock","19":"taxable","20":"shipping-taxable","21":"purchasable","22":"product-type-simple"},"_links":{"self":[{"href":"https:\/\/fh-staging.vengo.cloud\/de-ch\/wp-json\/wp\/v2\/product\/57080","targetHints":{"allow":["GET"]}}],"collection":[{"href":"https:\/\/fh-staging.vengo.cloud\/de-ch\/wp-json\/wp\/v2\/product"}],"about":[{"href":"https:\/\/fh-staging.vengo.cloud\/de-ch\/wp-json\/wp\/v2\/types\/product"}],"wp:featuredmedia":[{"embeddable":true,"href":"https:\/\/fh-staging.vengo.cloud\/de-ch\/wp-json\/wp\/v2\/media\/57056"}],"wp:attachment":[{"href":"https:\/\/fh-staging.vengo.cloud\/de-ch\/wp-json\/wp\/v2\/media?parent=57080"}],"wp:term":[{"taxonomy":"product_brand","embeddable":true,"href":"https:\/\/fh-staging.vengo.cloud\/de-ch\/wp-json\/wp\/v2\/product_brand?post=57080"},{"taxonomy":"product_cat","embeddable":true,"href":"https:\/\/fh-staging.vengo.cloud\/de-ch\/wp-json\/wp\/v2\/product_cat?post=57080"},{"taxonomy":"product_tag","embeddable":true,"href":"https:\/\/fh-staging.vengo.cloud\/de-ch\/wp-json\/wp\/v2\/product_tag?post=57080"},{"taxonomy":"woo-feed-brand","embeddable":true,"href":"https:\/\/fh-staging.vengo.cloud\/de-ch\/wp-json\/wp\/v2\/woo-feed-brand?post=57080"}],"curies":[{"name":"wp","href":"https:\/\/api.w.org\/{rel}","templated":true}]}}