{"id":57019,"date":"2025-09-25T08:31:07","date_gmt":"2025-09-25T06:31:07","guid":{"rendered":"https:\/\/fh-staging.vengo.cloud\/de-ch\/?post_type=product&#038;p=57019"},"modified":"2025-09-25T08:31:07","modified_gmt":"2025-09-25T06:31:07","slug":"sicilian-lemon-coffee-dunkers-cookies-150g-ace-tea-london","status":"publish","type":"product","link":"https:\/\/fh-staging.vengo.cloud\/de-ch\/p\/sicilian-lemon-coffee-dunkers-cookies-150g-ace-tea-london","title":{"rendered":"Sicilian Lemon Coffee Dunkers Cookies 150g Ace Tea London"},"content":{"rendered":"<p>Gemacht f\u00fcr Kaffeeliebhaber. Diese wirklich k\u00f6stlichen\u00a0Sicilian Lemon COFFEE DUNKERS\u00a0\u00a0sehen nicht nur fabelhaft aus, sondern sind auch k\u00f6stlich und perfekt f\u00fcr einen Espresso, Cappuccino, Latte, Macchiato oder jeden anderen Kaffee, den du geniessen m\u00f6chtest.<\/p>\n<p>10 Momente in jeder Schachtel zum Geniessen und Teilen.<\/p>\n<p>Zutaten: Weizenmehl (Weizen, Calciumcarbonat, Eisen, Niacin, Thiamin), gesalzene Butter (Milch) (21%), Zucker, Lemon Curd (10%) (Rohrzucker, pasteurisiertes Ei. Zitronensaft (15%), Butter (Milch). Geliermittel: Zitruspektin, Zitronenschalen, Zitronen\u00f6l).<br \/>\nPasteurisiertes Ei. Backtriebmittel: (Calciumphosphat, Natriumbicarbonat). Zitronen\u00f6l (1%). Enth\u00e4lt: Weizen, Gluten, Milch, Ei.<\/p>\n<p><strong>Hinweise f\u00fcr Allergiker: Allergene, einschliesslich glutenhaltiges Getreide, siehe fett gedruckte Zutaten. Hergestellt in einer Fabrik, die auch Baumn\u00fcsse verarbeitet. Geeignet f\u00fcr Vegetarier. An einem k\u00fchlen, trockenen Ort aufbewahren. Nach dem \u00d6ffnen in einem luftdichten Beh\u00e4lter aufbewahren.<\/strong><\/p>\n<p><strong>N\u00e4hrwerte\u00a0 UK und EU Typische Werte:<\/strong><br \/>\nPro 100g<br \/>\nEnergie: 2090 kj \/ 498 kcal.<br \/>\nProtein: 5.6 g<br \/>\nFett: 22.7 g \/ davon ges\u00e4ttigte Fetts\u00e4uren 13.9 g<br \/>\nKohlenhydrate : 66.9 g \/ davon Zucker 28.7 g<br \/>\nSalz : 1.01 g<\/p>\n","protected":false},"excerpt":{"rendered":"<p>Cookies mit Zitronengeschmack &#8211; 10 Momente in jeder Schachtel zum Geniessen und Teilen.<\/p>\n","protected":false},"featured_media":57041,"template":"","meta":[],"product_brand":[],"product_cat":[114,1090,1088,42,885,52,54],"product_tag":[1027],"woo-feed-brand":[],"class_list":{"0":"post-57019","1":"product","2":"type-product","3":"status-publish","4":"has-post-thumbnail","6":"product_cat-schokolade-sweets","7":"product_cat-geniesser","8":"product_cat-vatertag","9":"product_cat-kueche","10":"product_cat-koestlichkeiten","11":"product_cat-geschenke","12":"product_cat-feinkost","13":"product_tag-fattoreffe","15":"first","16":"instock","17":"taxable","18":"shipping-taxable","19":"purchasable","20":"product-type-simple"},"_links":{"self":[{"href":"https:\/\/fh-staging.vengo.cloud\/de-ch\/wp-json\/wp\/v2\/product\/57019","targetHints":{"allow":["GET"]}}],"collection":[{"href":"https:\/\/fh-staging.vengo.cloud\/de-ch\/wp-json\/wp\/v2\/product"}],"about":[{"href":"https:\/\/fh-staging.vengo.cloud\/de-ch\/wp-json\/wp\/v2\/types\/product"}],"wp:featuredmedia":[{"embeddable":true,"href":"https:\/\/fh-staging.vengo.cloud\/de-ch\/wp-json\/wp\/v2\/media\/57041"}],"wp:attachment":[{"href":"https:\/\/fh-staging.vengo.cloud\/de-ch\/wp-json\/wp\/v2\/media?parent=57019"}],"wp:term":[{"taxonomy":"product_brand","embeddable":true,"href":"https:\/\/fh-staging.vengo.cloud\/de-ch\/wp-json\/wp\/v2\/product_brand?post=57019"},{"taxonomy":"product_cat","embeddable":true,"href":"https:\/\/fh-staging.vengo.cloud\/de-ch\/wp-json\/wp\/v2\/product_cat?post=57019"},{"taxonomy":"product_tag","embeddable":true,"href":"https:\/\/fh-staging.vengo.cloud\/de-ch\/wp-json\/wp\/v2\/product_tag?post=57019"},{"taxonomy":"woo-feed-brand","embeddable":true,"href":"https:\/\/fh-staging.vengo.cloud\/de-ch\/wp-json\/wp\/v2\/woo-feed-brand?post=57019"}],"curies":[{"name":"wp","href":"https:\/\/api.w.org\/{rel}","templated":true}]}}