{"id":57014,"date":"2025-09-25T08:31:07","date_gmt":"2025-09-25T06:31:07","guid":{"rendered":"https:\/\/fh-staging.vengo.cloud\/de-ch\/?post_type=product&#038;p=57014"},"modified":"2025-09-25T08:31:08","modified_gmt":"2025-09-25T06:31:08","slug":"cracked-walnut-tea-dunkers-cookies-150g-ace-tea-london","status":"publish","type":"product","link":"https:\/\/fh-staging.vengo.cloud\/de-ch\/p\/cracked-walnut-tea-dunkers-cookies-150g-ace-tea-london","title":{"rendered":"Cracked Walnut Tea Dunkers Cookies 150g Ace Tea London"},"content":{"rendered":"<p>Diese k\u00f6stlichen Cracked Walnut\u00a0 Tea Dunkers sind die perfekte Erg\u00e4nzung zu Tee &amp; Kaffee. 10 M\u00f6glichkeiten in jeder Packung und mit Stolz in Grossbritannien exklusiv f\u00fcr Ace Tea London hergestellt.<\/p>\n<p>Perfekt zum Teilen und als Geschenk.<\/p>\n<p>Zutaten: Weizenmehl (Weizen, Kalziumkarbonat, Eisen, Niacin, Thiamin), pflanzliche Margarine (Palm\u00f6l [aus nachhaltiger Quelle], Raps\u00f6l, Wasser, Salz), Zucker, Zuckersirup, Waln\u00fcsse (7%), pasteurisierte Eier, Backtriebmittel: Kalziumphosphat, Natriumbicarborat und Ammoniumbicarbonat, nat\u00fcrlicher Vanille-Extrakt, Salz K\u00fchl und trocken lagern.<\/p>\n<p>Nach dem \u00d6ffnen in einem luftdichten Beh\u00e4lter aufbewahren.<\/p>\n<p><strong>Hinweise f\u00fcr Allergiker: Allergene, einschliesslich glutenhaltiges Getreide, siehe fett gedruckte Zutaten. Hergestellt in einer Fabrik, die auch andere Baumn\u00fcsse verarbeitet. Geeignet f\u00fcr Vegetarier. An einem k\u00fchlen, trockenen Ort aufbewahren. Nach dem \u00d6ffnen in einem luftdichten Beh\u00e4lter aufbewahren.<\/strong><\/p>\n<p><strong>N\u00e4hwerte UK und EU Typische Werte Pro 100g<\/strong><\/p>\n<p>Energie\u00a0 2139kj -511kcal<br \/>\nFett &#8211; 25.8g\u00a0 davon ges\u00e4ttigte Fetts\u00e4uren 7.8g<br \/>\nKohlenhydrate &#8211; 62.9g davon Zucker 29.3 g<br \/>\nEiweiss &#8211; 6.8g<br \/>\nSalz &#8211;\u00a0 1.0g<\/p>\n","protected":false},"excerpt":{"rendered":"<p>Diese k\u00f6stlichen Cracked Walnut Tea Dunkers sind die perfekte Erg\u00e4nzung zu Tees<\/p>\n","protected":false},"featured_media":57015,"template":"","meta":[],"product_brand":[],"product_cat":[114,1090,1088,42,885,52,54],"product_tag":[1027],"woo-feed-brand":[],"class_list":{"0":"post-57014","1":"product","2":"type-product","3":"status-publish","4":"has-post-thumbnail","6":"product_cat-schokolade-sweets","7":"product_cat-geniesser","8":"product_cat-vatertag","9":"product_cat-kueche","10":"product_cat-koestlichkeiten","11":"product_cat-geschenke","12":"product_cat-feinkost","13":"product_tag-fattoreffe","15":"first","16":"instock","17":"taxable","18":"shipping-taxable","19":"purchasable","20":"product-type-simple"},"_links":{"self":[{"href":"https:\/\/fh-staging.vengo.cloud\/de-ch\/wp-json\/wp\/v2\/product\/57014","targetHints":{"allow":["GET"]}}],"collection":[{"href":"https:\/\/fh-staging.vengo.cloud\/de-ch\/wp-json\/wp\/v2\/product"}],"about":[{"href":"https:\/\/fh-staging.vengo.cloud\/de-ch\/wp-json\/wp\/v2\/types\/product"}],"wp:featuredmedia":[{"embeddable":true,"href":"https:\/\/fh-staging.vengo.cloud\/de-ch\/wp-json\/wp\/v2\/media\/57015"}],"wp:attachment":[{"href":"https:\/\/fh-staging.vengo.cloud\/de-ch\/wp-json\/wp\/v2\/media?parent=57014"}],"wp:term":[{"taxonomy":"product_brand","embeddable":true,"href":"https:\/\/fh-staging.vengo.cloud\/de-ch\/wp-json\/wp\/v2\/product_brand?post=57014"},{"taxonomy":"product_cat","embeddable":true,"href":"https:\/\/fh-staging.vengo.cloud\/de-ch\/wp-json\/wp\/v2\/product_cat?post=57014"},{"taxonomy":"product_tag","embeddable":true,"href":"https:\/\/fh-staging.vengo.cloud\/de-ch\/wp-json\/wp\/v2\/product_tag?post=57014"},{"taxonomy":"woo-feed-brand","embeddable":true,"href":"https:\/\/fh-staging.vengo.cloud\/de-ch\/wp-json\/wp\/v2\/woo-feed-brand?post=57014"}],"curies":[{"name":"wp","href":"https:\/\/api.w.org\/{rel}","templated":true}]}}