{"id":56177,"date":"2025-05-23T11:52:56","date_gmt":"2025-05-23T09:52:56","guid":{"rendered":"https:\/\/fh-staging.vengo.cloud\/de-ch\/?post_type=product&#038;p=56177"},"modified":"2025-10-16T13:25:19","modified_gmt":"2025-10-16T11:25:19","slug":"fragrance-candle-hexagon-2780-gr-yucca-dates","status":"publish","type":"product","link":"https:\/\/fh-staging.vengo.cloud\/de-ch\/p\/fragrance-candle-hexagon-2780-gr-yucca-dates","title":{"rendered":"Fragrance Candle Hexagon 2780 gr Yucca &amp; Dates"},"content":{"rendered":"<p>Fragrance Candle Hexagon 2780 gr ist eine luxuri\u00f6se, grosse Kerze von Scentchips in elegantem Glasdesign. Die sorgf\u00e4ltig gefertigte Kerze bereichert dein Zuhause mit einem langanhaltenden, raffinierten Dufterlebnis. Perfekt, um in jedem Raum eine warme und einladende Atmosph\u00e4re zu schaffen.<\/p>\n<p>Das hochwertige Wachs und die sorgf\u00e4ltig ausgew\u00e4hlten D\u00fcfte sorgen f\u00fcr ein gleichm\u00e4ssiges Abbrennen und einen langanhaltenden Duft. Geniesse die entspannende Wirkung und verleihe deinem Zuhause mit dieser stilvollen Duftkerze einen Hauch von Luxus.<\/p>\n<p>Brenndauer: \u00fcber 85 Stunden.<\/p>\n","protected":false},"excerpt":{"rendered":"<p>Die Duftkerze, welche Design, Eleganz und Genuss verbindet. Brenndauer Minimum 85 Stunden<\/p>\n","protected":false},"featured_media":56144,"template":"","meta":[],"product_brand":[],"product_cat":[99,23,909,28,916],"product_tag":[1094],"woo-feed-brand":[],"class_list":{"0":"post-56177","1":"product","2":"type-product","3":"status-publish","4":"has-post-thumbnail","6":"product_cat-duftkerzen","7":"product_cat-home-living","8":"product_cat-weihnachten","9":"product_cat-kerzen-lichter","10":"product_cat-praesente","11":"product_tag-corinas","13":"first","14":"instock","15":"sale","16":"taxable","17":"shipping-taxable","18":"purchasable","19":"product-type-simple"},"_links":{"self":[{"href":"https:\/\/fh-staging.vengo.cloud\/de-ch\/wp-json\/wp\/v2\/product\/56177","targetHints":{"allow":["GET"]}}],"collection":[{"href":"https:\/\/fh-staging.vengo.cloud\/de-ch\/wp-json\/wp\/v2\/product"}],"about":[{"href":"https:\/\/fh-staging.vengo.cloud\/de-ch\/wp-json\/wp\/v2\/types\/product"}],"wp:featuredmedia":[{"embeddable":true,"href":"https:\/\/fh-staging.vengo.cloud\/de-ch\/wp-json\/wp\/v2\/media\/56144"}],"wp:attachment":[{"href":"https:\/\/fh-staging.vengo.cloud\/de-ch\/wp-json\/wp\/v2\/media?parent=56177"}],"wp:term":[{"taxonomy":"product_brand","embeddable":true,"href":"https:\/\/fh-staging.vengo.cloud\/de-ch\/wp-json\/wp\/v2\/product_brand?post=56177"},{"taxonomy":"product_cat","embeddable":true,"href":"https:\/\/fh-staging.vengo.cloud\/de-ch\/wp-json\/wp\/v2\/product_cat?post=56177"},{"taxonomy":"product_tag","embeddable":true,"href":"https:\/\/fh-staging.vengo.cloud\/de-ch\/wp-json\/wp\/v2\/product_tag?post=56177"},{"taxonomy":"woo-feed-brand","embeddable":true,"href":"https:\/\/fh-staging.vengo.cloud\/de-ch\/wp-json\/wp\/v2\/woo-feed-brand?post=56177"}],"curies":[{"name":"wp","href":"https:\/\/api.w.org\/{rel}","templated":true}]}}