{"id":5554,"date":"2019-07-23T15:29:28","date_gmt":"2019-07-23T13:29:28","guid":{"rendered":"https:\/\/fh-staging.vengo.cloud\/?product=spiced-blackberry-large-jar"},"modified":"2025-04-01T07:09:13","modified_gmt":"2025-04-01T05:09:13","slug":"spiced-blackberry-large-jar","status":"publish","type":"product","link":"https:\/\/fh-staging.vengo.cloud\/de-ch\/p\/spiced-blackberry-large-jar","title":{"rendered":"Spiced Blackberry Large Jar"},"content":{"rendered":"<p>Die besonderen, sanduhr-f\u00f6rmigen Kerzen f\u00fcllen dein Zuhause mit beruhigendem Knistern und einladenden D\u00fcften von WoodWick. Die Kerzen zeichnen sich durch ein sauberes, modernes Design und eine elegante Form aus. Erh\u00e4ltlich als Mini &amp; Medium Jar und Ellipse.<\/p>\n","protected":false},"excerpt":{"rendered":"<p>Verf\u00fchrerisch reichhaltige Brombeeren mit Zimt in einem knusprigen, zuckerbestreuten Geb\u00e4ck.<br \/>\nH: 178mm, B: 102mm, D: 102mm (Preis pro Stk)<\/p>\n","protected":false},"featured_media":5555,"template":"","meta":[],"product_brand":[],"product_cat":[99,23,28],"product_tag":[288],"woo-feed-brand":[],"class_list":{"0":"post-5554","1":"product","2":"type-product","3":"status-publish","4":"has-post-thumbnail","6":"product_cat-duftkerzen","7":"product_cat-home-living","8":"product_cat-kerzen-lichter","9":"product_tag-spirig-kerzen-ag","11":"first","12":"instock","13":"taxable","14":"shipping-taxable","15":"purchasable","16":"product-type-simple"},"_links":{"self":[{"href":"https:\/\/fh-staging.vengo.cloud\/de-ch\/wp-json\/wp\/v2\/product\/5554","targetHints":{"allow":["GET"]}}],"collection":[{"href":"https:\/\/fh-staging.vengo.cloud\/de-ch\/wp-json\/wp\/v2\/product"}],"about":[{"href":"https:\/\/fh-staging.vengo.cloud\/de-ch\/wp-json\/wp\/v2\/types\/product"}],"wp:featuredmedia":[{"embeddable":true,"href":"https:\/\/fh-staging.vengo.cloud\/de-ch\/wp-json\/wp\/v2\/media\/5555"}],"wp:attachment":[{"href":"https:\/\/fh-staging.vengo.cloud\/de-ch\/wp-json\/wp\/v2\/media?parent=5554"}],"wp:term":[{"taxonomy":"product_brand","embeddable":true,"href":"https:\/\/fh-staging.vengo.cloud\/de-ch\/wp-json\/wp\/v2\/product_brand?post=5554"},{"taxonomy":"product_cat","embeddable":true,"href":"https:\/\/fh-staging.vengo.cloud\/de-ch\/wp-json\/wp\/v2\/product_cat?post=5554"},{"taxonomy":"product_tag","embeddable":true,"href":"https:\/\/fh-staging.vengo.cloud\/de-ch\/wp-json\/wp\/v2\/product_tag?post=5554"},{"taxonomy":"woo-feed-brand","embeddable":true,"href":"https:\/\/fh-staging.vengo.cloud\/de-ch\/wp-json\/wp\/v2\/woo-feed-brand?post=5554"}],"curies":[{"name":"wp","href":"https:\/\/api.w.org\/{rel}","templated":true}]}}